{"id":157082,"date":"2021-04-29T08:59:36","date_gmt":"2021-04-29T06:59:36","guid":{"rendered":"https:\/\/pizbube.ch\/?post_type=product&#038;p=157082"},"modified":"2021-04-29T14:42:18","modified_gmt":"2021-04-29T12:42:18","slug":"une-vie-a-grimper-du-chanvre-aux-jo","status":"publish","type":"product","link":"https:\/\/pizbube.ch\/en\/shop\/une-vie-a-grimper-du-chanvre-aux-jo\/","title":{"rendered":"Une vie \u00e0 grimper &#8211; Du chanvre aux JO"},"content":{"rendered":"<div class=\"field field-name-hw-presentation-editoriale field-type-text-long field-label-hidden\">\n<div class=\"field-items\">\n<div class=\"field-item even\">\n<p>Au-del\u00e0 de sa propre histoire, c\u2019est celle de l\u2019escalade\u00a0dans le Sud \u2013 \u00e0 une \u00e9poque o\u00f9 elle \u00e9tait un art de vivre\u00a0et pas encore un sport \u2013 que Bernard Gorgeon nous\u00a0propose dans ce livre anticonformiste, plein d\u2019humour,\u00a0d\u2019espi\u00e8glerie et de po\u00e9sie.<\/p>\n<p>\u00ab Avec Patrick Edlinger, l&#8217;ic\u00f4ne de toute une g\u00e9n\u00e9ration, et ses amis de l&#8217;\u00e9poque, Bernard Gorgeon a particip\u00e9 \u00e0 l&#8217;\u00e9laboration d&#8217;une culture fond\u00e9e sur la frugalit\u00e9 et l&#8217;anticonformisme, le go\u00fbt de la libert\u00e9 et du rocher. C&#8217;est cet art de vivre buissonnier que nous d\u00e9couvrons au fil de ce r\u00e9cit, avec sa philosophie, ses valeurs, sa fraternit\u00e9, cet esprit de cord\u00e9e et d&#8217;amiti\u00e9 si particulier qui fait la beaut\u00e9 de l&#8217;escalade et de la montagne. Il nous livre avec sensibilit\u00e9 le r\u00e9cit d&#8217;une jeunesse remplie d&#8217;\u00e9lan, les accidents de parcours comme des le\u00e7ons de sagesse, la maturit\u00e9, enfin, qui transforme la pratique et ouvre d&#8217;autres voies au c\u0153ur de l&#8217;\u00eatre.<\/p>\n<p>Miracle de la lecture qui nous \u00e9l\u00e8ve \u00e0 de nouvelles mani\u00e8res de penser, d&#8217;appr\u00e9hender l&#8217;existence, et nous r\u00e9v\u00e8le \u00e0 nous-m\u00eame \u00e0 travers les mots d&#8217;un autre, ce miroir qui nous est tendu. Bernard Gorgeon relate avec humour la gen\u00e8se de certaines voies devenues des classiques que bon nombre d&#8217;entre nous connaissent, sans imaginer les anecdotes cocasses, les trouilles, les moments de joie et les fous rires qui fourmillent derri\u00e8re un nom, un nombre de longueurs et une cotation.\u00a0\u00bb St\u00e9phanie Bodet.<\/p>\n<\/div>\n<\/div>\n<\/div>","protected":false},"excerpt":{"rendered":"<p>Au-del\u00e0 de sa propre histoire, c\u2019est celle de l\u2019escalade\u00a0dans le Sud \u2013 \u00e0 une \u00e9poque o\u00f9 elle \u00e9tait un art de vivre\u00a0et pas encore un sport \u2013 que Bernard Gorgeon nous\u00a0propose dans ce livre anticonformiste, plein d\u2019humour,\u00a0d\u2019espi\u00e8glerie et de po\u00e9sie. \u00ab Avec Patrick Edlinger, l&#8217;ic\u00f4ne de toute une g\u00e9n\u00e9ration, et ses amis de l&#8217;\u00e9poque, Bernard [&#8230;]\n","protected":false},"featured_media":157100,"template":"","meta":[],"product_brand":[],"product_cat":[21542],"product_tag":[],"class_list":{"0":"post-157082","1":"product","2":"type-product","3":"status-publish","4":"has-post-thumbnail","6":"product_cat-sachbuecher-dokumentationen","7":"pa_autor-gorgeon","8":"pa_erscheinungsjahr-25440","9":"pa_region-frankreich","10":"pa_sprache-fr","12":"first","13":"instock","14":"taxable","15":"shipping-taxable","16":"purchasable","17":"product-type-simple"},"_links":{"self":[{"href":"https:\/\/pizbube.ch\/en\/wp-json\/wp\/v2\/product\/157082","targetHints":{"allow":["GET"]}}],"collection":[{"href":"https:\/\/pizbube.ch\/en\/wp-json\/wp\/v2\/product"}],"about":[{"href":"https:\/\/pizbube.ch\/en\/wp-json\/wp\/v2\/types\/product"}],"wp:featuredmedia":[{"embeddable":true,"href":"https:\/\/pizbube.ch\/en\/wp-json\/wp\/v2\/media\/157100"}],"wp:attachment":[{"href":"https:\/\/pizbube.ch\/en\/wp-json\/wp\/v2\/media?parent=157082"}],"wp:term":[{"taxonomy":"product_brand","embeddable":true,"href":"https:\/\/pizbube.ch\/en\/wp-json\/wp\/v2\/product_brand?post=157082"},{"taxonomy":"product_cat","embeddable":true,"href":"https:\/\/pizbube.ch\/en\/wp-json\/wp\/v2\/product_cat?post=157082"},{"taxonomy":"product_tag","embeddable":true,"href":"https:\/\/pizbube.ch\/en\/wp-json\/wp\/v2\/product_tag?post=157082"}],"curies":[{"name":"wp","href":"https:\/\/api.w.org\/{rel}","templated":true}]}}