{"id":157084,"date":"2021-04-29T09:15:18","date_gmt":"2021-04-29T07:15:18","guid":{"rendered":"https:\/\/pizbube.ch\/?post_type=product&#038;p=157084"},"modified":"2025-02-14T10:30:39","modified_gmt":"2025-02-14T09:30:39","slug":"topo-du-jura-guide-des-sites-descalade","status":"publish","type":"product","link":"https:\/\/pizbube.ch\/en\/shop\/topo-du-jura-guide-des-sites-descalade\/","title":{"rendered":"Topo du Jura &#8211; Guide des sites d&#8217;escalade"},"content":{"rendered":"<p>Nouvelle \u00e9dition du topo du Jura, plus de 1000 voies r\u00e9f\u00e9renc\u00e9es :<\/p>\n<p><span class=\"value\">Plus de 1000 voies sur 29 sites \u00e0 travers le d\u00e9partement du Jura du 3 au 8c<\/span><\/p>\n<p>A-Autour de Lons : Mancy, La Guillotine, Lavigny<br \/>\nB-Pays des Lacs : Mirebel, Marigny, Chambly, Bonlieu, Bellecin<br \/>\nC-Haut-Jura : Le Morillon, Les 3 comm\u00e8res, Via Ferrata de Morez, La Prela, Les Auvernes, Roche Blanche<br \/>\nD-Autour de Saint-Claude : La Goulette, Black Maria, Les Dalles du Marais, Orno, Le Truffet, Saint-Romain, Crenans, Mont Robert, Via Ferrata de Moirans<br \/>\nE-Nord Jura : Rochefort sur Nenon, Ranchot, Montmirey<br \/>\nF-Au coeur du Jura : Poligny, Arbois<\/p>\n<p>Format: 150mm x 210mm<br \/>\n264 pages\/Seiten<br \/>\nFa\u00e7onnage\/Bindung: Broch\u00e9 souple<\/p>","protected":false},"excerpt":{"rendered":"<p>Nouvelle \u00e9dition du topo du Jura, plus de 1000 voies r\u00e9f\u00e9renc\u00e9es : Plus de 1000 voies sur 29 sites \u00e0 travers le d\u00e9partement du Jura du 3 au 8c A-Autour de Lons : Mancy, La Guillotine, Lavigny B-Pays des Lacs : Mirebel, Marigny, Chambly, Bonlieu, Bellecin C-Haut-Jura : Le Morillon, Les 3 comm\u00e8res, Via Ferrata [&#8230;]\n","protected":false},"featured_media":157085,"template":"","meta":[],"product_brand":[],"product_cat":[21539],"product_tag":[],"class_list":{"0":"post-157084","1":"product","2":"type-product","3":"status-publish","4":"has-post-thumbnail","6":"product_cat-fuehrerliteratur-sportklettern-bouldern","7":"pa_autor-grignon","8":"pa_erscheinungsjahr-25440","9":"pa_region-frankreich","10":"pa_sprache-fr","12":"first","13":"instock","14":"taxable","15":"shipping-taxable","16":"purchasable","17":"product-type-simple"},"_links":{"self":[{"href":"https:\/\/pizbube.ch\/en\/wp-json\/wp\/v2\/product\/157084","targetHints":{"allow":["GET"]}}],"collection":[{"href":"https:\/\/pizbube.ch\/en\/wp-json\/wp\/v2\/product"}],"about":[{"href":"https:\/\/pizbube.ch\/en\/wp-json\/wp\/v2\/types\/product"}],"wp:featuredmedia":[{"embeddable":true,"href":"https:\/\/pizbube.ch\/en\/wp-json\/wp\/v2\/media\/157085"}],"wp:attachment":[{"href":"https:\/\/pizbube.ch\/en\/wp-json\/wp\/v2\/media?parent=157084"}],"wp:term":[{"taxonomy":"product_brand","embeddable":true,"href":"https:\/\/pizbube.ch\/en\/wp-json\/wp\/v2\/product_brand?post=157084"},{"taxonomy":"product_cat","embeddable":true,"href":"https:\/\/pizbube.ch\/en\/wp-json\/wp\/v2\/product_cat?post=157084"},{"taxonomy":"product_tag","embeddable":true,"href":"https:\/\/pizbube.ch\/en\/wp-json\/wp\/v2\/product_tag?post=157084"}],"curies":[{"name":"wp","href":"https:\/\/api.w.org\/{rel}","templated":true}]}}