{"id":157096,"date":"2021-04-29T14:35:45","date_gmt":"2021-04-29T12:35:45","guid":{"rendered":"https:\/\/pizbube.ch\/?post_type=product&#038;p=157096"},"modified":"2021-04-29T14:40:09","modified_gmt":"2021-04-29T12:40:09","slug":"eine-kleine-geschichte-des-bergsteigens-von-der-erstbesteigung-des-mont-blanc-zum-free-solo-am-el-capitan","status":"publish","type":"product","link":"https:\/\/pizbube.ch\/en\/shop\/eine-kleine-geschichte-des-bergsteigens-von-der-erstbesteigung-des-mont-blanc-zum-free-solo-am-el-capitan\/","title":{"rendered":"Eine kleine Geschichte des Bergsteigens &#8211; Von der Erstbesteigung des Mont Blanc zum Free Solo am El Capitan"},"content":{"rendered":"<p>Bergsteigen ist so vielf\u00e4ltig wie die Berge, die bestiegen werden \u2013 durch glatten Fels, auf schottrigen Pfaden, im Firn oder steilen Eis. Heute ist Bergsteigen ein Massensport, bis weit ins 18. Jahrhundert hinein aber mieden die Menschen das Hochgebirge.<\/p>\n<p>Malte Roeper ist ein ausgewiesener Kenner der Geschichte des Alpinismus. Er erz\u00e4hlt von den Anf\u00e4ngen, als wohlhabende St\u00e4dter mit einheimischen F\u00fchrern die h\u00f6chsten Alpengipfel eroberten.<br \/>\nEr schildert die ersten erfolgreichen Expeditionen auf Achttausender und beschreibt, wie die Freikletterrevolution der 1970er-Jahre ein Leitbild schuf, das noch die heutige Generation von Alpinisten pr\u00e4gt.<\/p>\n<p>Malte Roeper, Jahrgang 1962, lebt als Autor und Regisseur im Chiemgau. Er drehte preisgekr\u00f6nte Dokumentarfilme mit Kletterlegenden wie den Huberbuam, Kurt Albert, Adam Ondra und Tommy Caldwell. Selbst gelangen ihm zahlreiche extreme Bergtouren und Winterbegehungen, die Eiger-Nordwand durchstieg er als erster Deutscher im Alleingang.<\/p>\n<p>Hardcover, 176 Seiten<\/p>","protected":false},"excerpt":{"rendered":"<p>Bergsteigen ist so vielf\u00e4ltig wie die Berge, die bestiegen werden \u2013 durch glatten Fels, auf schottrigen Pfaden, im Firn oder steilen Eis. Heute ist Bergsteigen ein Massensport, bis weit ins 18. Jahrhundert hinein aber mieden die Menschen das Hochgebirge. Malte Roeper ist ein ausgewiesener Kenner der Geschichte des Alpinismus. Er erz\u00e4hlt von den Anf\u00e4ngen, als [&#8230;]\n","protected":false},"featured_media":157097,"template":"","meta":[],"product_brand":[],"product_cat":[21542],"product_tag":[],"class_list":{"0":"post-157096","1":"product","2":"type-product","3":"status-publish","4":"has-post-thumbnail","6":"product_cat-sachbuecher-dokumentationen","7":"pa_autor-roeper","8":"pa_erscheinungsjahr-25440","9":"pa_region-deutschland","10":"pa_sprache-de","12":"first","13":"instock","14":"taxable","15":"shipping-taxable","16":"purchasable","17":"product-type-simple"},"_links":{"self":[{"href":"https:\/\/pizbube.ch\/en\/wp-json\/wp\/v2\/product\/157096","targetHints":{"allow":["GET"]}}],"collection":[{"href":"https:\/\/pizbube.ch\/en\/wp-json\/wp\/v2\/product"}],"about":[{"href":"https:\/\/pizbube.ch\/en\/wp-json\/wp\/v2\/types\/product"}],"wp:featuredmedia":[{"embeddable":true,"href":"https:\/\/pizbube.ch\/en\/wp-json\/wp\/v2\/media\/157097"}],"wp:attachment":[{"href":"https:\/\/pizbube.ch\/en\/wp-json\/wp\/v2\/media?parent=157096"}],"wp:term":[{"taxonomy":"product_brand","embeddable":true,"href":"https:\/\/pizbube.ch\/en\/wp-json\/wp\/v2\/product_brand?post=157096"},{"taxonomy":"product_cat","embeddable":true,"href":"https:\/\/pizbube.ch\/en\/wp-json\/wp\/v2\/product_cat?post=157096"},{"taxonomy":"product_tag","embeddable":true,"href":"https:\/\/pizbube.ch\/en\/wp-json\/wp\/v2\/product_tag?post=157096"}],"curies":[{"name":"wp","href":"https:\/\/api.w.org\/{rel}","templated":true}]}}