{"id":157166,"date":"2021-05-04T14:26:05","date_gmt":"2021-05-04T12:26:05","guid":{"rendered":"https:\/\/pizbube.ch\/?post_type=product&#038;p=157166"},"modified":"2021-05-04T14:27:28","modified_gmt":"2021-05-04T12:27:28","slug":"das-buch-der-gipfel-klettern-in-der-saechsischen-schweiz","status":"publish","type":"product","link":"https:\/\/pizbube.ch\/en\/shop\/das-buch-der-gipfel-klettern-in-der-saechsischen-schweiz\/","title":{"rendered":"Das Buch der Gipfel &#8211; Klettern in der S\u00e4chsischen Schweiz"},"content":{"rendered":"<p>Als um 1900 die Kletterei in der S\u00e4chsischen Schweiz aufbl\u00fchte, haben sich unsere Altvorderen entschlossen, nur auf freistehende T\u00fcrme zu steigen. So ist es bis heute. Denn das Angebot an Klettergipfeln ist sowohl in der Menge (ca. 1100) als auch vor allem im Formenreichtum grandios.<\/p>\n<p>Frank Richter erz\u00e4hlt mit diesem Bildband erstmalig eine Klettergeschichte anhand der Gipfel, die er von allen Seiten betrachtet hat und dabei von der Bandbreite ihrer Beschaffenheit \u00fcberrascht wurde. Erg\u00e4nzt werden seine Bilder durch historische Kletteraufnahmen des Fotografen Walter Hahn und anderer aus der Zeit von etwa 1910 bis 1936. So entsteht ein spannender Einblick in die Vielfalt und M\u00f6glichkeiten des Kletterns im Elbsandsteingebirge.<\/p>\n<p>304 Seiten, zahlreiche farbige Abbildungen, gebunden<br \/>\nFormat 23,5 x 30 cm<\/p>","protected":false},"excerpt":{"rendered":"<p>Als um 1900 die Kletterei in der S\u00e4chsischen Schweiz aufbl\u00fchte, haben sich unsere Altvorderen entschlossen, nur auf freistehende T\u00fcrme zu steigen. So ist es bis heute. Denn das Angebot an Klettergipfeln ist sowohl in der Menge (ca. 1100) als auch vor allem im Formenreichtum grandios. Frank Richter erz\u00e4hlt mit diesem Bildband erstmalig eine Klettergeschichte anhand [&#8230;]\n","protected":false},"featured_media":157167,"template":"","meta":[],"product_brand":[],"product_cat":[21542],"product_tag":[],"class_list":{"0":"post-157166","1":"product","2":"type-product","3":"status-publish","4":"has-post-thumbnail","6":"product_cat-sachbuecher-dokumentationen","7":"pa_autor-richter","8":"pa_erscheinungsjahr-25440","9":"pa_region-deutschland","10":"pa_sprache-de","12":"first","13":"instock","14":"taxable","15":"shipping-taxable","16":"purchasable","17":"product-type-simple"},"_links":{"self":[{"href":"https:\/\/pizbube.ch\/en\/wp-json\/wp\/v2\/product\/157166","targetHints":{"allow":["GET"]}}],"collection":[{"href":"https:\/\/pizbube.ch\/en\/wp-json\/wp\/v2\/product"}],"about":[{"href":"https:\/\/pizbube.ch\/en\/wp-json\/wp\/v2\/types\/product"}],"wp:featuredmedia":[{"embeddable":true,"href":"https:\/\/pizbube.ch\/en\/wp-json\/wp\/v2\/media\/157167"}],"wp:attachment":[{"href":"https:\/\/pizbube.ch\/en\/wp-json\/wp\/v2\/media?parent=157166"}],"wp:term":[{"taxonomy":"product_brand","embeddable":true,"href":"https:\/\/pizbube.ch\/en\/wp-json\/wp\/v2\/product_brand?post=157166"},{"taxonomy":"product_cat","embeddable":true,"href":"https:\/\/pizbube.ch\/en\/wp-json\/wp\/v2\/product_cat?post=157166"},{"taxonomy":"product_tag","embeddable":true,"href":"https:\/\/pizbube.ch\/en\/wp-json\/wp\/v2\/product_tag?post=157166"}],"curies":[{"name":"wp","href":"https:\/\/api.w.org\/{rel}","templated":true}]}}