{"id":157199,"date":"2021-05-07T09:13:26","date_gmt":"2021-05-07T07:13:26","guid":{"rendered":"https:\/\/pizbube.ch\/?post_type=product&#038;p=157199"},"modified":"2023-08-11T10:01:11","modified_gmt":"2023-08-11T08:01:11","slug":"klettern-im-leichten-fels-kopie","status":"publish","type":"product","link":"https:\/\/pizbube.ch\/en\/shop\/klettern-im-leichten-fels-kopie\/","title":{"rendered":"Klettern im leichten Fels"},"content":{"rendered":"<p>Leichte Klettertouren (2 bis 4 UIAA) zwischen Bodensee und Wienerwald &#8211; mit<br \/>\nTouren in Bayern und S\u00fcdtirol<\/p>\n<p>Klettern im leichten Fels &#8211; auf einem Schwierigkeitsniveau von 2 &#8211; 4 (UIAA) &#8211;<br \/>\ndas sind Touren, welche f\u00fcr eine gro\u00dfe Anzahl von Kletterern und Bergsteigern<br \/>\ninteressant sind. Bergf\u00fchrer und versierte Alpinisten nutzen die leichten<br \/>\nAnstiege meist als &#171;F\u00fchrungstouren&#187;, gem\u00e4\u00dfigte Kletterer und Anf\u00e4nger sehen<br \/>\nin diesen einfachen Touren eine genussvolle Freizeitbesch\u00e4ftigung, mit dem ein<br \/>\noder anderen sch\u00f6nen Gipfelerfolg.<\/p>\n<p>Das F\u00fchrerwerk bietet eine umfangreiche Auswahl an tollen Klettertouren, deren<br \/>\ngenaue Beschreibung sehr gut mit zahlreichen Fotos, Topos visualisiert wird.<br \/>\nGanz egal ob eine mit Bohrhaken gesicherte, lange Mehrseill\u00e4ngenroute oder ein<br \/>\nschon etwas wilder aber doch genussvoller Gratanstieg auf einen hohen Gipfel<br \/>\nim Gletscherbereich, mit diesem Auswahlf\u00fchrer kommt man gut informiert an das<br \/>\ngew\u00fcnschte Ziel. Dem n\u00e4chsten leichten Genuss-Kletterabenteuer steht also<br \/>\nnichts mehr im Weg!<\/p>\n<p>384 Seiten, broschierte Fadenbindung, Topos, und sehr viele Fotos<\/p>\n<p>There are also short English abstracts with the most important information<br \/>\nabout the routes in the book. Die Touren haben auch englische<br \/>\nKurzbeschreibungen.<\/p>\n<p>2. Auflage 2021<\/p>","protected":false},"excerpt":{"rendered":"<p>Leichte Klettertouren (2 bis 4 UIAA) zwischen Bodensee und Wienerwald &#8211; mit Touren in Bayern und S\u00fcdtirol Klettern im leichten Fels &#8211; auf einem Schwierigkeitsniveau von 2 &#8211; 4 (UIAA) &#8211; das sind Touren, welche f\u00fcr eine gro\u00dfe Anzahl von Kletterern und Bergsteigern interessant sind. Bergf\u00fchrer und versierte Alpinisten nutzen die leichten Anstiege meist als [&#8230;]\n","protected":false},"featured_media":156897,"template":"","meta":[],"product_brand":[],"product_cat":[21544],"product_tag":[],"class_list":{"0":"post-157199","1":"product","2":"type-product","3":"status-publish","4":"has-post-thumbnail","6":"product_cat-fuehrerliteratur-alpin-sommer","7":"pa_autor-jentzsch-rabl-jentzsch","8":"pa_erscheinungsjahr-25440","9":"pa_region-oesterreich","10":"pa_sprache-de","12":"first","13":"instock","14":"taxable","15":"shipping-taxable","16":"purchasable","17":"product-type-simple"},"_links":{"self":[{"href":"https:\/\/pizbube.ch\/en\/wp-json\/wp\/v2\/product\/157199","targetHints":{"allow":["GET"]}}],"collection":[{"href":"https:\/\/pizbube.ch\/en\/wp-json\/wp\/v2\/product"}],"about":[{"href":"https:\/\/pizbube.ch\/en\/wp-json\/wp\/v2\/types\/product"}],"wp:featuredmedia":[{"embeddable":true,"href":"https:\/\/pizbube.ch\/en\/wp-json\/wp\/v2\/media\/156897"}],"wp:attachment":[{"href":"https:\/\/pizbube.ch\/en\/wp-json\/wp\/v2\/media?parent=157199"}],"wp:term":[{"taxonomy":"product_brand","embeddable":true,"href":"https:\/\/pizbube.ch\/en\/wp-json\/wp\/v2\/product_brand?post=157199"},{"taxonomy":"product_cat","embeddable":true,"href":"https:\/\/pizbube.ch\/en\/wp-json\/wp\/v2\/product_cat?post=157199"},{"taxonomy":"product_tag","embeddable":true,"href":"https:\/\/pizbube.ch\/en\/wp-json\/wp\/v2\/product_tag?post=157199"}],"curies":[{"name":"wp","href":"https:\/\/api.w.org\/{rel}","templated":true}]}}