{"id":157307,"date":"2021-05-19T14:38:49","date_gmt":"2021-05-19T12:38:49","guid":{"rendered":"https:\/\/pizbube.ch\/?post_type=product&#038;p=157307"},"modified":"2023-06-03T09:38:29","modified_gmt":"2023-06-03T07:38:29","slug":"orte-des-staunens-kurze-wanderungen-in-den-schweizer-alpen","status":"publish","type":"product","link":"https:\/\/pizbube.ch\/en\/shop\/orte-des-staunens-kurze-wanderungen-in-den-schweizer-alpen\/","title":{"rendered":"Orte des Staunens &#8211; Kurze Wanderungen in den Schweizer Alpen"},"content":{"rendered":"<p>Die sch\u00f6nsten kurzen Wanderungen in den Schweizer Alpen &#8211; das erwartet Bergfreundinnen und Genusswanderer in diesem Buch. Wundervolle Gipfel-Rundsichten abseits des Seilbahnrummels, Wegabschnitte mit totaler Bergromantik und Zug\u00e4nge zu Orten, die einen zum Staunen bringen.<\/p>\n<p>Ein unverzichtbarer Begleiter f\u00fcr alle, die kurze Wege m\u00f6gen und gleichwohl nicht auf ein umfassendes Bergerlebnis verzichten wollen. Der h\u00f6chste Schwierigkeitsgrad T2, eine Gesamtgehzeit von maximal vier Stunden und Auf- und Abstiege, die auch f\u00fcr Untrainierte problemlos zu bew\u00e4ltigen sind, garantierten Genuss pur. In diesem Nachfolgeband des Bandes \u00bbDie sch\u00f6nsten Genusstouren in den Schweizer Alpen\u00ab sch\u00f6pft der Autor aus dem Repertoire bereits publizierter Touren, pr\u00e4sentiert aber auch neue Wanderungen.<\/p>\n<p>\u00d6kologische, kulturelle und historische Fakten zur Schweizer Bergwelt erg\u00e4nzen den Text. Der Serviceteil bietet alle praktischen Informationen sowie \u00dcbersichtskarten. Das ideale Buch f\u00fcr Geniesserinnen und Geniesser unter den Bergfreunden<\/p>\n<ul>\n<li>Kurze Wanderungen mit maximalem Bergerlebnis.<\/li>\n<li>H\u00f6chster Schwierigkeitsgrad T2: Ideal f\u00fcr Familien, Hobbywanderer und Senioren.<\/li>\n<li>Mit ausf\u00fchrlichem Serviceteil und \u00dcbersichtskarten.<\/li>\n<\/ul>\n<p>.<\/p>","protected":false},"excerpt":{"rendered":"<p>Die sch\u00f6nsten kurzen Wanderungen in den Schweizer Alpen &#8211; das erwartet Bergfreundinnen und Genusswanderer in diesem Buch. Wundervolle Gipfel-Rundsichten abseits des Seilbahnrummels, Wegabschnitte mit totaler Bergromantik und Zug\u00e4nge zu Orten, die einen zum Staunen bringen. Ein unverzichtbarer Begleiter f\u00fcr alle, die kurze Wege m\u00f6gen und gleichwohl nicht auf ein umfassendes Bergerlebnis verzichten wollen. Der h\u00f6chste [&#8230;]\n","protected":false},"featured_media":157308,"template":"","meta":[],"product_brand":[],"product_cat":[21605],"product_tag":[],"class_list":{"0":"post-157307","1":"product","2":"type-product","3":"status-publish","4":"has-post-thumbnail","6":"product_cat-wanderfuehrer-trekking","7":"pa_autor-coulin","8":"pa_erscheinungsjahr-25440","9":"pa_region-schweiz","10":"pa_sprache-de","12":"first","13":"instock","14":"taxable","15":"shipping-taxable","16":"purchasable","17":"product-type-simple"},"_links":{"self":[{"href":"https:\/\/pizbube.ch\/en\/wp-json\/wp\/v2\/product\/157307","targetHints":{"allow":["GET"]}}],"collection":[{"href":"https:\/\/pizbube.ch\/en\/wp-json\/wp\/v2\/product"}],"about":[{"href":"https:\/\/pizbube.ch\/en\/wp-json\/wp\/v2\/types\/product"}],"wp:featuredmedia":[{"embeddable":true,"href":"https:\/\/pizbube.ch\/en\/wp-json\/wp\/v2\/media\/157308"}],"wp:attachment":[{"href":"https:\/\/pizbube.ch\/en\/wp-json\/wp\/v2\/media?parent=157307"}],"wp:term":[{"taxonomy":"product_brand","embeddable":true,"href":"https:\/\/pizbube.ch\/en\/wp-json\/wp\/v2\/product_brand?post=157307"},{"taxonomy":"product_cat","embeddable":true,"href":"https:\/\/pizbube.ch\/en\/wp-json\/wp\/v2\/product_cat?post=157307"},{"taxonomy":"product_tag","embeddable":true,"href":"https:\/\/pizbube.ch\/en\/wp-json\/wp\/v2\/product_tag?post=157307"}],"curies":[{"name":"wp","href":"https:\/\/api.w.org\/{rel}","templated":true}]}}