{"id":157380,"date":"2021-05-29T13:35:13","date_gmt":"2021-05-29T11:35:13","guid":{"rendered":"https:\/\/pizbube.ch\/?post_type=product&#038;p=157380"},"modified":"2021-05-31T12:37:57","modified_gmt":"2021-05-31T10:37:57","slug":"meister-der-vertikale","status":"publish","type":"product","link":"https:\/\/pizbube.ch\/en\/shop\/meister-der-vertikale\/","title":{"rendered":"Meister der Vertikale"},"content":{"rendered":"<div id=\"description\" class=\"tab-pane fade in active\" role=\"tabpanel\">\n<div class=\"product-description\">\n<p>Erstbesteiger gehen in die Geschichte ein, doch kaum ein Gipfel wurde in der Fr\u00fchzeit des Alpinismus ohne Bergf\u00fchrer erklommen. Ihre Namen blieben weitgehend unbekannt. W\u00e4hrend sich anfangs noch jeder als Bergf\u00fchrer bezeichnen konnte, mussten bald Pr\u00fcfungen abgelegt werden.<\/p>\n<p>Von all dem erz\u00e4hlt die 200-j\u00e4hrige Geschichte der S\u00fcdtiroler Bergf\u00fchrer und spiegelt dabei die Entwicklung von Alpinismus und Tourismus wider. So unterschiedlich die vielen portr\u00e4tierten Bergf\u00fchrerinnen und Bergf\u00fchrer auch sind, verbindet sie eines: die Leidenschaft \u2013 f\u00fcr die Berge, die Natur und den Umgang mit Menschen<\/p>\n<ul>\n<li>spannender \u00dcberblick \u00fcber die Geschichte des Bergf\u00fchrerwesens<\/li>\n<li>Portr\u00e4ts einiger S\u00fcdtiroler Bergf\u00fchrer<\/li>\n<li>mit vielen historischen Fotos, Anekdoten und Zitaten<\/li>\n<\/ul>\n<p>Unglaubliches, Historisches, Geschichte und Schicksale. Auf fast 300 Seiten und in vielen Bildern wird die Chronik der S\u00fcdtiroler Bergf\u00fchrer nacherz\u00e4hlt. &#8211; S\u00fcdtirol Heute<\/p>\n<p>\u201eS\u00fcdtirol mit seinen Bergf\u00fchrer-Dynastien \u2013 von den Innerkoflers bis zu den Pinggeras \u2013 hat eine gro\u00dfe Tradition im F\u00fchrerwesen. Heute sind es die Schulen und Spitzenalpinisten, die dieser Geschichte Ausdruck verleihen.\u201c &#8211; Reinhold Messner<\/p>\n<p>Hardcover; 1. Auflage. 2021; 288 S.<\/p>\n<\/div>\n<\/div>","protected":false},"excerpt":{"rendered":"<p>Erstbesteiger gehen in die Geschichte ein, doch kaum ein Gipfel wurde in der Fr\u00fchzeit des Alpinismus ohne Bergf\u00fchrer erklommen. Ihre Namen blieben weitgehend unbekannt. W\u00e4hrend sich anfangs noch jeder als Bergf\u00fchrer bezeichnen konnte, mussten bald Pr\u00fcfungen abgelegt werden. Von all dem erz\u00e4hlt die 200-j\u00e4hrige Geschichte der S\u00fcdtiroler Bergf\u00fchrer und spiegelt dabei die Entwicklung von Alpinismus [&#8230;]\n","protected":false},"featured_media":157385,"template":"","meta":[],"product_brand":[],"product_cat":[21542],"product_tag":[],"class_list":{"0":"post-157380","1":"product","2":"type-product","3":"status-publish","4":"has-post-thumbnail","6":"product_cat-sachbuecher-dokumentationen","7":"pa_autor-rainer","8":"pa_erscheinungsjahr-25440","9":"pa_region-italien","10":"pa_sprache-de","12":"first","13":"instock","14":"taxable","15":"shipping-taxable","16":"purchasable","17":"product-type-simple"},"_links":{"self":[{"href":"https:\/\/pizbube.ch\/en\/wp-json\/wp\/v2\/product\/157380","targetHints":{"allow":["GET"]}}],"collection":[{"href":"https:\/\/pizbube.ch\/en\/wp-json\/wp\/v2\/product"}],"about":[{"href":"https:\/\/pizbube.ch\/en\/wp-json\/wp\/v2\/types\/product"}],"wp:featuredmedia":[{"embeddable":true,"href":"https:\/\/pizbube.ch\/en\/wp-json\/wp\/v2\/media\/157385"}],"wp:attachment":[{"href":"https:\/\/pizbube.ch\/en\/wp-json\/wp\/v2\/media?parent=157380"}],"wp:term":[{"taxonomy":"product_brand","embeddable":true,"href":"https:\/\/pizbube.ch\/en\/wp-json\/wp\/v2\/product_brand?post=157380"},{"taxonomy":"product_cat","embeddable":true,"href":"https:\/\/pizbube.ch\/en\/wp-json\/wp\/v2\/product_cat?post=157380"},{"taxonomy":"product_tag","embeddable":true,"href":"https:\/\/pizbube.ch\/en\/wp-json\/wp\/v2\/product_tag?post=157380"}],"curies":[{"name":"wp","href":"https:\/\/api.w.org\/{rel}","templated":true}]}}