{"id":157449,"date":"2021-06-03T11:22:41","date_gmt":"2021-06-03T09:22:41","guid":{"rendered":"https:\/\/pizbube.ch\/?post_type=product&#038;p=157449"},"modified":"2021-08-04T16:26:44","modified_gmt":"2021-08-04T14:26:44","slug":"bubu-der-kletterdrache-und-seine-freunde","status":"publish","type":"product","link":"https:\/\/pizbube.ch\/en\/shop\/bubu-der-kletterdrache-und-seine-freunde\/","title":{"rendered":"BUBU DER KLETTERDRACHE UND SEINE FREUNDE"},"content":{"rendered":"<p>Oft sind die wahrhaftig sch\u00f6nen Orte unmittelbar in unserer N\u00e4he. Erkunden wir die uns umgebende Natur, so werden die zu findenden Sch\u00e4tze unermesslich in ihrer Anzahl. Jedes Tal, das sich zum Thunersee hin erstreckt, ist eine in sich vielf\u00e4ltige und sch\u00f6ne Naturlandschaft.<\/p>\n<p>Dieses Buch erz\u00e4hlt die Geschichte des Kletterdrachens Bubu, der mit seinen zwei Freunden diese T\u00e4ler auf Streifz\u00fcgen erkundet. Er lebt zusammen mit Aina und Silas in einem verwunschenen Wald oberhalb des Thunersees in einer H\u00f6hle. Bubu mit seiner \u00fcberschw\u00e4nglichen Faszination f\u00fcrs Klettern nimmt seine Freunde mit in die fantastische Welt der Felsw\u00e4nde.<\/p>\n<p>Das Buch ist eine Kombination aus Kinderbuch und Kletterf\u00fchrer und damit eine inspirierende Grundlage f\u00fcr wunderbare gemeinsame Erlebnisse in der Natur.<\/p>\n<p>48 Seiten, 28,7 \u00d7 21,5 cm, gebunden, Hardcover<br \/>\nMit zahlreichen Illustrationen<\/p>","protected":false},"excerpt":{"rendered":"<p>Oft sind die wahrhaftig sch\u00f6nen Orte unmittelbar in unserer N\u00e4he. Erkunden wir die uns umgebende Natur, so werden die zu findenden Sch\u00e4tze unermesslich in ihrer Anzahl. Jedes Tal, das sich zum Thunersee hin erstreckt, ist eine in sich vielf\u00e4ltige und sch\u00f6ne Naturlandschaft. Dieses Buch erz\u00e4hlt die Geschichte des Kletterdrachens Bubu, der mit seinen zwei Freunden [&#8230;]\n","protected":false},"featured_media":157450,"template":"","meta":[],"product_brand":[],"product_cat":[21542],"product_tag":[26864,26863],"class_list":{"0":"post-157449","1":"product","2":"type-product","3":"status-publish","4":"has-post-thumbnail","6":"product_cat-sachbuecher-dokumentationen","7":"product_tag-kinderbuch","8":"product_tag-kinderbuecher","9":"pa_autor-schlumpf-geser","10":"pa_erscheinungsjahr-25440","11":"pa_region-schweiz","12":"pa_sprache-de","14":"first","15":"instock","16":"taxable","17":"shipping-taxable","18":"purchasable","19":"product-type-simple"},"_links":{"self":[{"href":"https:\/\/pizbube.ch\/en\/wp-json\/wp\/v2\/product\/157449","targetHints":{"allow":["GET"]}}],"collection":[{"href":"https:\/\/pizbube.ch\/en\/wp-json\/wp\/v2\/product"}],"about":[{"href":"https:\/\/pizbube.ch\/en\/wp-json\/wp\/v2\/types\/product"}],"wp:featuredmedia":[{"embeddable":true,"href":"https:\/\/pizbube.ch\/en\/wp-json\/wp\/v2\/media\/157450"}],"wp:attachment":[{"href":"https:\/\/pizbube.ch\/en\/wp-json\/wp\/v2\/media?parent=157449"}],"wp:term":[{"taxonomy":"product_brand","embeddable":true,"href":"https:\/\/pizbube.ch\/en\/wp-json\/wp\/v2\/product_brand?post=157449"},{"taxonomy":"product_cat","embeddable":true,"href":"https:\/\/pizbube.ch\/en\/wp-json\/wp\/v2\/product_cat?post=157449"},{"taxonomy":"product_tag","embeddable":true,"href":"https:\/\/pizbube.ch\/en\/wp-json\/wp\/v2\/product_tag?post=157449"}],"curies":[{"name":"wp","href":"https:\/\/api.w.org\/{rel}","templated":true}]}}