{"id":157452,"date":"2021-06-03T11:48:26","date_gmt":"2021-06-03T09:48:26","guid":{"rendered":"https:\/\/pizbube.ch\/?post_type=product&#038;p=157452"},"modified":"2021-06-03T12:02:08","modified_gmt":"2021-06-03T10:02:08","slug":"plaine-morte-und-ihre-gletscherseen","status":"publish","type":"product","link":"https:\/\/pizbube.ch\/en\/shop\/plaine-morte-und-ihre-gletscherseen\/","title":{"rendered":"Plaine Morte und ihre Gletscherseen"},"content":{"rendered":"<p>Als sich 2011 unverhofft das erste Mal einer der Gletscherseen entleerte, wurden auf dem Plaine-Morte-Gletscher mehrere \u00dcberwachungs- und Fr\u00fchwarnanlagen aufgebaut, welche auch den ganzen Sommer \u00fcber betreut sein mussten. So ergab es sich mehr durch einen Zufall, dass der Autor als sehr intensiver und erfahrener Bergsteiger eingesetzt wurde, um diese Aufgabe zu \u00fcbernehmen.<\/p>\n<p>In seinem Buch \u00abDie Plaine Morte und ihre Gletscherseen\u00bb kann die ganze Entwicklung des Gletscherr\u00fcckganges und somit der Bildung von Seen, deren Entleerung mit den enormen Schadenfolgen sowie den get\u00e4tigten Massnahmen in den letzten Jahren in Schrift, Bild und Schemas, hautnah miterlebt werden.<\/p>\n<p>250 Seiten, 23 \u00d7 27 cm, gebunden, Hardcover<br \/>\nMit zahlreichen Abbildungen<\/p>","protected":false},"excerpt":{"rendered":"<p>Als sich 2011 unverhofft das erste Mal einer der Gletscherseen entleerte, wurden auf dem Plaine-Morte-Gletscher mehrere \u00dcberwachungs- und Fr\u00fchwarnanlagen aufgebaut, welche auch den ganzen Sommer \u00fcber betreut sein mussten. So ergab es sich mehr durch einen Zufall, dass der Autor als sehr intensiver und erfahrener Bergsteiger eingesetzt wurde, um diese Aufgabe zu \u00fcbernehmen. In seinem [&#8230;]\n","protected":false},"featured_media":157453,"template":"","meta":[],"product_brand":[],"product_cat":[21542],"product_tag":[],"class_list":{"0":"post-157452","1":"product","2":"type-product","3":"status-publish","4":"has-post-thumbnail","6":"product_cat-sachbuecher-dokumentationen","7":"pa_autor-haehlen","8":"pa_erscheinungsjahr-25440","9":"pa_region-fauna-flora-geologie-glaziologie","10":"pa_sprache-de","12":"first","13":"onbackorder","14":"taxable","15":"shipping-taxable","16":"purchasable","17":"product-type-simple"},"_links":{"self":[{"href":"https:\/\/pizbube.ch\/en\/wp-json\/wp\/v2\/product\/157452","targetHints":{"allow":["GET"]}}],"collection":[{"href":"https:\/\/pizbube.ch\/en\/wp-json\/wp\/v2\/product"}],"about":[{"href":"https:\/\/pizbube.ch\/en\/wp-json\/wp\/v2\/types\/product"}],"wp:featuredmedia":[{"embeddable":true,"href":"https:\/\/pizbube.ch\/en\/wp-json\/wp\/v2\/media\/157453"}],"wp:attachment":[{"href":"https:\/\/pizbube.ch\/en\/wp-json\/wp\/v2\/media?parent=157452"}],"wp:term":[{"taxonomy":"product_brand","embeddable":true,"href":"https:\/\/pizbube.ch\/en\/wp-json\/wp\/v2\/product_brand?post=157452"},{"taxonomy":"product_cat","embeddable":true,"href":"https:\/\/pizbube.ch\/en\/wp-json\/wp\/v2\/product_cat?post=157452"},{"taxonomy":"product_tag","embeddable":true,"href":"https:\/\/pizbube.ch\/en\/wp-json\/wp\/v2\/product_tag?post=157452"}],"curies":[{"name":"wp","href":"https:\/\/api.w.org\/{rel}","templated":true}]}}