{"id":157461,"date":"2021-06-04T09:27:09","date_gmt":"2021-06-04T07:27:09","guid":{"rendered":"https:\/\/pizbube.ch\/?post_type=product&#038;p=157461"},"modified":"2021-06-04T09:30:25","modified_gmt":"2021-06-04T07:30:25","slug":"bauen-in-den-alpen-klimavernuenftige-architektur-zwischen-ljubljana-und-nizza","status":"publish","type":"product","link":"https:\/\/pizbube.ch\/en\/shop\/bauen-in-den-alpen-klimavernuenftige-architektur-zwischen-ljubljana-und-nizza\/","title":{"rendered":"Bauen in den Alpen &#8211; Klimavern\u00fcnftige Architektur zwischen Ljubljana und Nizza"},"content":{"rendered":"<p>\u00abBauen in den Alpen\u00bb dokumentiert und kommentiert den Architekturpreis Constructive Alps. Die internationale Auszeichnung hebt seit zehn Jahren klimavern\u00fcnftiges Bauen und Planen zwischen Ljubljana und Nizza auf den Schild \u2013 Sanierungen und Neubauten, Einzelh\u00e4user und Ensembles.<\/p>\n<p>35 Projekte stellt das Buch mit Texten, Bildern und Pl\u00e4nen vor, etwa die Renaissance von Valendas, einem Dorf im Kanton Graub\u00fcnden mit dem Gasthaus am Brunnen, dem T\u00fcralihus und der Siedlung am Burggarten. Oder die Tischlerei und Zimmerei Kaufmann, eine Produktionszentrale f\u00fcr Holzbauten in Reuthe in Vorarlberg. Oder das Gemeindehaus Rinka in Solcava in den Alpen Sloweniens, das f\u00fcr den Tourismus und das Dorfleben in der weit verstreuten Gemeinde massgebend ist. Oder die Borgata Paraloup in Rittana in den piemontesischen Bergen, wo nach langen Jahren der Vergandung Kunst und Kultur neue Arbeit bringen. Oder das Holzhochhaus von Grenoble, eine wegweisende Kollaboration von Stadt und Land in den franz\u00f6sischen Alpen.<\/p>\n<p>Constructive Alps ist ein Beitrag der Schweiz und des F\u00fcrstentums Liechtenstein zur Alpenkonvention. Sie fordert sch\u00f6nes und soziales, \u00f6konomisches und \u00f6kologisches, kurz Bauen mit Vernunft. Wie das in den Alpen geht, zeigt dieses Buch.<\/p>\n<p>Essays: Gion A. Caminada, Paolo Cognetti, K\u00f6bi Gantenbein, Asa S. Hendry, Benjamin Quaderer und Uro\u0161 Zupan<br \/>\nBilder: Lucia Degonda, Ralph Feiner, Susanne Stauss, Lois Hechenblaikner, Matthieu Gafsou und Hans Danuser<br \/>\nGestaltung: Antje Reineck<br \/>\nInhalt: 204 Seiten, zahlreiche Abbildungen und Pl\u00e4ne<br \/>\nBindung: Leineneinband, fadengeheftet<br \/>\nFormat: 17 \u00d7 23 cm<\/p>\n<h4><\/h4>\n<p>&nbsp;<\/p>","protected":false},"excerpt":{"rendered":"<p>\u00abBauen in den Alpen\u00bb dokumentiert und kommentiert den Architekturpreis Constructive Alps. Die internationale Auszeichnung hebt seit zehn Jahren klimavern\u00fcnftiges Bauen und Planen zwischen Ljubljana und Nizza auf den Schild \u2013 Sanierungen und Neubauten, Einzelh\u00e4user und Ensembles. 35 Projekte stellt das Buch mit Texten, Bildern und Pl\u00e4nen vor, etwa die Renaissance von Valendas, einem Dorf im [&#8230;]\n","protected":false},"featured_media":157465,"template":"","meta":[],"product_brand":[],"product_cat":[21580],"product_tag":[],"class_list":{"0":"post-157461","1":"product","2":"type-product","3":"status-publish","4":"has-post-thumbnail","6":"product_cat-kunst-kultur","7":"pa_autor-gantenbein","8":"pa_erscheinungsjahr-25440","9":"pa_region-schweiz","10":"pa_sprache-de","12":"first","13":"instock","14":"taxable","15":"shipping-taxable","16":"purchasable","17":"product-type-simple"},"_links":{"self":[{"href":"https:\/\/pizbube.ch\/en\/wp-json\/wp\/v2\/product\/157461","targetHints":{"allow":["GET"]}}],"collection":[{"href":"https:\/\/pizbube.ch\/en\/wp-json\/wp\/v2\/product"}],"about":[{"href":"https:\/\/pizbube.ch\/en\/wp-json\/wp\/v2\/types\/product"}],"wp:featuredmedia":[{"embeddable":true,"href":"https:\/\/pizbube.ch\/en\/wp-json\/wp\/v2\/media\/157465"}],"wp:attachment":[{"href":"https:\/\/pizbube.ch\/en\/wp-json\/wp\/v2\/media?parent=157461"}],"wp:term":[{"taxonomy":"product_brand","embeddable":true,"href":"https:\/\/pizbube.ch\/en\/wp-json\/wp\/v2\/product_brand?post=157461"},{"taxonomy":"product_cat","embeddable":true,"href":"https:\/\/pizbube.ch\/en\/wp-json\/wp\/v2\/product_cat?post=157461"},{"taxonomy":"product_tag","embeddable":true,"href":"https:\/\/pizbube.ch\/en\/wp-json\/wp\/v2\/product_tag?post=157461"}],"curies":[{"name":"wp","href":"https:\/\/api.w.org\/{rel}","templated":true}]}}