{"id":157510,"date":"2021-06-09T11:11:21","date_gmt":"2021-06-09T09:11:21","guid":{"rendered":"https:\/\/pizbube.ch\/?post_type=product&#038;p=157510"},"modified":"2021-06-29T10:43:54","modified_gmt":"2021-06-29T08:43:54","slug":"frischluftkinder-schweiz-2","status":"publish","type":"product","link":"https:\/\/pizbube.ch\/en\/shop\/frischluftkinder-schweiz-2\/","title":{"rendered":"Frischluftkinder Schweiz 2"},"content":{"rendered":"<p>H\u00fcttenabenteuer<\/p>\n<p>Dieses Buch ist der ideale Reisebegleiter f\u00fcr Familien mit \u00e4lteren Kindern, die Ausfl\u00fcge in den Schweizer Alpen suchen. Mit 32 Wanderbeschreibungen zu H\u00fctten und mehrt\u00e4gigen Abenteuern werden Familien inspiriert, mehr Zeit in der Natur zu verbringen. Das Buch enth\u00e4lt Karten, Diagramme und alle n\u00f6tigen Infos f\u00fcr eine erfolgreiche mehrt\u00e4gige Route.<\/p>\n<p>Das letzte Kapitel ist voller Ideen, um Kinder jeden Alters auf den Wanderungen zu besch\u00e4ftigen und zu unterhalten. Bl\u00e4ttern Sie einfach durch die Seiten, w\u00e4hlen Sie eine Wanderung aus und schnappen Sie sich Ihren Rucksack. Gehen Sie in dieser Wandersaison mit Zuversicht auf die vorz\u00fcglich ausgeschilderten Wanderwege und erleben Sie wunderbare Erlebnisse und unglaubliche Ausblicke.<\/p>\n<p>&#8211;\u00a0Outdoor-Abenteuer f\u00fcr die ganze Familie<br \/>\n&#8211;\u00a032 Wanderungen f\u00fcr Anf\u00e4nger und Fortgeschrittene<br \/>\n&#8211;\u00a0Mit praktischen Tipps f\u00fcr jede Wanderung<br \/>\n&#8211;\u00a0Nachfolgetitel des Bestsellers <em>Frischluftkinder<\/em><\/p>\n<p>Autor :Melinda &amp; Robert Schoutens<br \/>\nIllustrator :Felix Kindel\u00e1n<br \/>\nSeiten : 272 Seiten<br \/>\nGr\u00f6\u00dfe : 12.5 x 23.5 cm<\/p>","protected":false},"excerpt":{"rendered":"<p>H\u00fcttenabenteuer Dieses Buch ist der ideale Reisebegleiter f\u00fcr Familien mit \u00e4lteren Kindern, die Ausfl\u00fcge in den Schweizer Alpen suchen. Mit 32 Wanderbeschreibungen zu H\u00fctten und mehrt\u00e4gigen Abenteuern werden Familien inspiriert, mehr Zeit in der Natur zu verbringen. Das Buch enth\u00e4lt Karten, Diagramme und alle n\u00f6tigen Infos f\u00fcr eine erfolgreiche mehrt\u00e4gige Route. Das letzte Kapitel ist [&#8230;]\n","protected":false},"featured_media":157511,"template":"","meta":[],"product_brand":[],"product_cat":[21605],"product_tag":[26869],"class_list":{"0":"post-157510","1":"product","2":"type-product","3":"status-publish","4":"has-post-thumbnail","6":"product_cat-wanderfuehrer-trekking","7":"product_tag-frischluftkinder-schweiz-band-2","8":"pa_autor-schoutens","9":"pa_erscheinungsjahr-25440","10":"pa_region-schweiz","11":"pa_sprache-de","13":"first","14":"instock","15":"taxable","16":"shipping-taxable","17":"purchasable","18":"product-type-simple"},"_links":{"self":[{"href":"https:\/\/pizbube.ch\/en\/wp-json\/wp\/v2\/product\/157510","targetHints":{"allow":["GET"]}}],"collection":[{"href":"https:\/\/pizbube.ch\/en\/wp-json\/wp\/v2\/product"}],"about":[{"href":"https:\/\/pizbube.ch\/en\/wp-json\/wp\/v2\/types\/product"}],"wp:featuredmedia":[{"embeddable":true,"href":"https:\/\/pizbube.ch\/en\/wp-json\/wp\/v2\/media\/157511"}],"wp:attachment":[{"href":"https:\/\/pizbube.ch\/en\/wp-json\/wp\/v2\/media?parent=157510"}],"wp:term":[{"taxonomy":"product_brand","embeddable":true,"href":"https:\/\/pizbube.ch\/en\/wp-json\/wp\/v2\/product_brand?post=157510"},{"taxonomy":"product_cat","embeddable":true,"href":"https:\/\/pizbube.ch\/en\/wp-json\/wp\/v2\/product_cat?post=157510"},{"taxonomy":"product_tag","embeddable":true,"href":"https:\/\/pizbube.ch\/en\/wp-json\/wp\/v2\/product_tag?post=157510"}],"curies":[{"name":"wp","href":"https:\/\/api.w.org\/{rel}","templated":true}]}}