{"id":157539,"date":"2021-06-11T11:17:44","date_gmt":"2021-06-11T09:17:44","guid":{"rendered":"https:\/\/pizbube.ch\/?post_type=product&#038;p=157539"},"modified":"2021-06-11T11:36:36","modified_gmt":"2021-06-11T09:36:36","slug":"157539","status":"publish","type":"product","link":"https:\/\/pizbube.ch\/en\/shop\/157539\/","title":{"rendered":"Wandern, wo andere forschen: Ober- und Mittelwallis"},"content":{"rendered":"<p>Seit \u00fcber 30 Jahren forscht die Eidg. Forschungsanstalt f\u00fcr Wald, Schnee und Landschaft WSL im Kanton Wallis an Umweltthemen wie Grosslawinen, Waldbr\u00e4nden und vertrocknenden F\u00f6hren. An etlichen Orten zeugen Messger\u00e4te und Installationen von dieser Arbeit \u2013 hier ein Mast, der Lawinen vermisst, dort eine Waage f\u00fcr Murg\u00e4nge und Radarger\u00e4te. Aber was steckt dahinter? Dies k\u00f6nnen Interessierte nun im neuen Wanderf\u00fchrer \u00abWandern, wo andere forschen\u00bb erfahren, der mit einer praktischen Smartphone-App f\u00fcr unterwegs kombiniert ist und gleichzeitig auf Deutsch und Franz\u00f6sisch erscheint.<\/p>\n<p>Auf die Idee f\u00fcr ein Wanderbuch zu Forschungsstandorten kam der WSL-Wald\u00f6kologe Thomas Wohlgemuth, weil das Wallis sowohl Forschende wie auch naturinteressierte Laien gleichermassen anlockt. \u00abDas trocken-warme Wallis ist in den letzten Jahrzehnten zur Fr\u00fchwarnregion f\u00fcr den Umweltwandel geworden\u00bb, sagt er. Deshalb untersuchen WSL-Forschende hier die zahlreichen Folgen dieser Ver\u00e4nderungen.<\/p>\n<p>Die acht Wanderungen f\u00fchren durch faszinierende Landschaften zu diversen Stationen. Da ist ein Bew\u00e4sserungsexperiment mit F\u00f6hren im Pfynwald, die unter zunehmender Trockenheit leiden, oder die Detektivarbeit zur Klimageschichte, die sich im Holz uralter H\u00e4user im L\u00f6tschental verbirgt. Weitere Themen sind das Abschmelzen von Gletschern bis ins Jahr 2100 samt den Folgen f\u00fcr die Wasserwirtschaft, die R\u00fcckeroberung der Waldbrandfl\u00e4che von Leuk durch die Natur oder die Entwicklung der Siedlungen im Tal.<\/p>\n<p>Eine Neuheit ist auch die dazugeh\u00f6rige App f\u00fcrs Smartphone (hiking.wsl.ch). Sie erlaubt es, das Buch zu Hause zu lassen, zeigt die Routen und den aktuellen Standort an und macht einen auf Wunsch auf den n\u00e4chsten Wegposten mit Informationen aufmerksam. Sie enth\u00e4lt auch Portraits von Tier- und Pflanzenarten sowie Gesteinen, denen die Wanderin unterwegs begegnen kann, sowie zahlreiche Videos und Links.<\/p>\n<p>1. Auflage 2021<br \/>\n367 Seiten, durchgehend farbig illustriert<br \/>\nKlappenbroschur, 15,5 x 22,5 cm, 925 g<\/p>","protected":false},"excerpt":{"rendered":"<p><a href=\"https:\/\/pizbube.ch\/wp-content\/uploads\/2021\/06\/Inhaltsverzeichnis_Wandernwoandereforschen.pdf\" target=\"_blank\" rel=\"noopener\">Inhaltsverzeichnis_Wandernwoandereforschen<\/a><\/p>","protected":false},"featured_media":157540,"template":"","meta":[],"product_brand":[],"product_cat":[21605],"product_tag":[],"class_list":{"0":"post-157539","1":"product","2":"type-product","3":"status-publish","4":"has-post-thumbnail","6":"product_cat-wanderfuehrer-trekking","7":"pa_autor-huovinen","8":"pa_erscheinungsjahr-25440","9":"pa_region-schweiz","10":"pa_sprache-de","12":"first","13":"instock","14":"taxable","15":"shipping-taxable","16":"purchasable","17":"product-type-simple"},"_links":{"self":[{"href":"https:\/\/pizbube.ch\/en\/wp-json\/wp\/v2\/product\/157539","targetHints":{"allow":["GET"]}}],"collection":[{"href":"https:\/\/pizbube.ch\/en\/wp-json\/wp\/v2\/product"}],"about":[{"href":"https:\/\/pizbube.ch\/en\/wp-json\/wp\/v2\/types\/product"}],"wp:featuredmedia":[{"embeddable":true,"href":"https:\/\/pizbube.ch\/en\/wp-json\/wp\/v2\/media\/157540"}],"wp:attachment":[{"href":"https:\/\/pizbube.ch\/en\/wp-json\/wp\/v2\/media?parent=157539"}],"wp:term":[{"taxonomy":"product_brand","embeddable":true,"href":"https:\/\/pizbube.ch\/en\/wp-json\/wp\/v2\/product_brand?post=157539"},{"taxonomy":"product_cat","embeddable":true,"href":"https:\/\/pizbube.ch\/en\/wp-json\/wp\/v2\/product_cat?post=157539"},{"taxonomy":"product_tag","embeddable":true,"href":"https:\/\/pizbube.ch\/en\/wp-json\/wp\/v2\/product_tag?post=157539"}],"curies":[{"name":"wp","href":"https:\/\/api.w.org\/{rel}","templated":true}]}}