{"id":157551,"date":"2021-06-11T15:12:21","date_gmt":"2021-06-11T13:12:21","guid":{"rendered":"https:\/\/pizbube.ch\/?post_type=product&#038;p=157551"},"modified":"2024-10-03T10:11:55","modified_gmt":"2024-10-03T08:11:55","slug":"meine-touren-wandertagebuch-fuer-kinder","status":"publish","type":"product","link":"https:\/\/pizbube.ch\/en\/shop\/meine-touren-wandertagebuch-fuer-kinder\/","title":{"rendered":"Meine Touren &#8211; Wandertagebuch f\u00fcr Kinder"},"content":{"rendered":"<p>Ein Tourenbuch speziell f\u00fcr Kinder.<\/p>\n<p>In diesem Wandertagebuch k\u00f6nnen bergbegeisterte Kinder alle kleinen und gro\u00dfen Erlebnisse ihrer Wanderungen, Bergtouren und H\u00fctten\u00fcbernachtungen festhalten. Dank der vorformulierten Fragen ist das Tourenbuch einfach auszuf\u00fcllen und so f\u00fcr Kinder jeden Alters geeignet. Mit viel Platz zum selbst Gestalten, Malen und Fotos Einkleben.<\/p>\n<p>Das liebevoll gestaltete Tourenbuch \u00fcberzeugt mit vielen Extraseiten rund um das Thema Berge und Alpen. Es ist handlich und robust, passt in jeden Rucksack und ist somit der perfekte Begleiter f\u00fcr unterwegs. Wartezeiten aufs Essen oder H\u00fcttenabende k\u00f6nnen damit unterhaltsam \u00fcberbr\u00fcckt werden. Entdeckerkarten f\u00fcr spannende Suchspiele auf den Wanderungen stehen zus\u00e4tzlich zum Download zur Verf\u00fcgung.<\/p>\n<p>Mit dem individuell gestalteten Wandertagebuch werden das Erlebte am Berg und die Abenteuer drau\u00dfen in der Natur zu einem wundersch\u00f6nen Erinnerungsschatz.<\/p>\n<p>3. Auflage 2024<br \/>\n144 Seiten mit 25 Farbabbildungen<br \/>\nfarbige Illustrationen<br \/>\nFormat 13,5 x 19 cm<br \/>\nKartoniert<\/p>","protected":false},"excerpt":{"rendered":"<p>Ein Tourenbuch speziell f\u00fcr Kinder. In diesem Wandertagebuch k\u00f6nnen bergbegeisterte Kinder alle kleinen und gro\u00dfen Erlebnisse ihrer Wanderungen, Bergtouren und H\u00fctten\u00fcbernachtungen festhalten. Dank der vorformulierten Fragen ist das Tourenbuch einfach auszuf\u00fcllen und so f\u00fcr Kinder jeden Alters geeignet. Mit viel Platz zum selbst Gestalten, Malen und Fotos Einkleben. Das liebevoll gestaltete Tourenbuch \u00fcberzeugt mit vielen [&#8230;]\n","protected":false},"featured_media":157552,"template":"","meta":[],"product_brand":[],"product_cat":[21542],"product_tag":[],"class_list":{"0":"post-157551","1":"product","2":"type-product","3":"status-publish","4":"has-post-thumbnail","6":"product_cat-sachbuecher-dokumentationen","7":"pa_autor-eisendle","8":"pa_erscheinungsjahr-27339","9":"pa_region-deutschland","10":"pa_sprache-de","12":"first","13":"instock","14":"taxable","15":"shipping-taxable","16":"purchasable","17":"product-type-simple"},"_links":{"self":[{"href":"https:\/\/pizbube.ch\/en\/wp-json\/wp\/v2\/product\/157551","targetHints":{"allow":["GET"]}}],"collection":[{"href":"https:\/\/pizbube.ch\/en\/wp-json\/wp\/v2\/product"}],"about":[{"href":"https:\/\/pizbube.ch\/en\/wp-json\/wp\/v2\/types\/product"}],"wp:featuredmedia":[{"embeddable":true,"href":"https:\/\/pizbube.ch\/en\/wp-json\/wp\/v2\/media\/157552"}],"wp:attachment":[{"href":"https:\/\/pizbube.ch\/en\/wp-json\/wp\/v2\/media?parent=157551"}],"wp:term":[{"taxonomy":"product_brand","embeddable":true,"href":"https:\/\/pizbube.ch\/en\/wp-json\/wp\/v2\/product_brand?post=157551"},{"taxonomy":"product_cat","embeddable":true,"href":"https:\/\/pizbube.ch\/en\/wp-json\/wp\/v2\/product_cat?post=157551"},{"taxonomy":"product_tag","embeddable":true,"href":"https:\/\/pizbube.ch\/en\/wp-json\/wp\/v2\/product_tag?post=157551"}],"curies":[{"name":"wp","href":"https:\/\/api.w.org\/{rel}","templated":true}]}}