{"id":157559,"date":"2021-06-12T10:36:41","date_gmt":"2021-06-12T08:36:41","guid":{"rendered":"https:\/\/pizbube.ch\/?post_type=product&#038;p=157559"},"modified":"2025-08-21T11:20:10","modified_gmt":"2025-08-21T09:20:10","slug":"schwarzwald-band-sued-kopie","status":"publish","type":"product","link":"https:\/\/pizbube.ch\/en\/shop\/schwarzwald-band-sued-kopie\/","title":{"rendered":"Kletterf\u00fchrer Schwarzwald Band S\u00fcd"},"content":{"rendered":"<p>Freiburg, Hochschwarzwald, Albtal, Schl\u00fcchtal, Triberg, Schramberg<\/p>\n<p>Der S\u00fcdschwarzwald ist ein Land der Kontraste: Wenn im Rheintal schon die Hecken sprie\u00dfen und die Osterglocken bl\u00fchen, lassen sich nur wenige Kilometer Luftlinie entfernt auf den Schwarzwaldbergen noch Schw\u00fcnge in den Schnee zaubern. Was lange Zeit kaum bekannt war: Zwischen der Breisgaumetropole Freiburg und dem Bodensee verbergen sich jede Menge exzellente und \u00e4u\u00dferst vielf\u00e4ltige Kletterm\u00f6glichkeiten in herrlich festem Urgestein \u2013 griffiger Gneis und k\u00f6rniger Granit in abwechslungsreicher Auswahl.<\/p>\n<p>Raspelraue Platten am Teufelsfels, strukturierter Gneis am Gf\u00e4ll, absch\u00fcssige Leisten im Schl\u00fcchttal. Das Albtal ist fast schon schweiz-plaisir-m\u00e4\u00dfig eingerichtet und vom Kandelfels gleitet der Blick \u00fcbers Rheintal bis hin\u00fcber zu den franz\u00f6sischen Vogesen. Das Dreil\u00e4ndereck ist vielleicht das verkannteste Klettergebiet Deutschlands.<\/p>\n<p>Dem F\u00fchrer liegt ein Downloadcode f\u00fcr eine kostenlose Anwendung f\u00fcr iOS und Android bei. Ihr bekommt damit alle Topos als App f\u00fcr euer Smartphone gratis dazu.<\/p>\n<p>3. Auflage 2021, 344 Seiten, 148 x 185 mm, Softcover, komplett 4 Farbig<\/p>","protected":false},"excerpt":{"rendered":"<p class=\"product-title product_title entry-title\"><strong>Neuauflage laut Verlag 2025<\/strong><\/p>","protected":false},"featured_media":157560,"template":"","meta":[],"product_brand":[],"product_cat":[21539],"product_tag":[26878,26877],"class_list":{"0":"post-157559","1":"product","2":"type-product","3":"status-publish","4":"has-post-thumbnail","6":"product_cat-fuehrerliteratur-sportklettern-bouldern","7":"product_tag-schwarzwald-sued","8":"product_tag-suedschwarzwald","9":"pa_autor-panico-vlg-hrsg","10":"pa_erscheinungsjahr-25440","11":"pa_region-deutschland","12":"pa_sprache-de","14":"first","15":"outofstock","16":"taxable","17":"shipping-taxable","18":"purchasable","19":"product-type-simple"},"_links":{"self":[{"href":"https:\/\/pizbube.ch\/en\/wp-json\/wp\/v2\/product\/157559","targetHints":{"allow":["GET"]}}],"collection":[{"href":"https:\/\/pizbube.ch\/en\/wp-json\/wp\/v2\/product"}],"about":[{"href":"https:\/\/pizbube.ch\/en\/wp-json\/wp\/v2\/types\/product"}],"wp:featuredmedia":[{"embeddable":true,"href":"https:\/\/pizbube.ch\/en\/wp-json\/wp\/v2\/media\/157560"}],"wp:attachment":[{"href":"https:\/\/pizbube.ch\/en\/wp-json\/wp\/v2\/media?parent=157559"}],"wp:term":[{"taxonomy":"product_brand","embeddable":true,"href":"https:\/\/pizbube.ch\/en\/wp-json\/wp\/v2\/product_brand?post=157559"},{"taxonomy":"product_cat","embeddable":true,"href":"https:\/\/pizbube.ch\/en\/wp-json\/wp\/v2\/product_cat?post=157559"},{"taxonomy":"product_tag","embeddable":true,"href":"https:\/\/pizbube.ch\/en\/wp-json\/wp\/v2\/product_tag?post=157559"}],"curies":[{"name":"wp","href":"https:\/\/api.w.org\/{rel}","templated":true}]}}