{"id":157591,"date":"2021-06-16T09:00:10","date_gmt":"2021-06-16T07:00:10","guid":{"rendered":"https:\/\/pizbube.ch\/?post_type=product&#038;p=157591"},"modified":"2021-06-16T09:00:11","modified_gmt":"2021-06-16T07:00:11","slug":"kletterfuehrer-volltrauf-schwaebische-alb-uracher-alb-lenninger-alb-ostalb","status":"publish","type":"product","link":"https:\/\/pizbube.ch\/en\/shop\/kletterfuehrer-volltrauf-schwaebische-alb-uracher-alb-lenninger-alb-ostalb\/","title":{"rendered":"Kletterf\u00fchrer Volltrauf &#8211; Schw\u00e4bische Alb &#8211; Uracher Alb, Lenninger Alb &amp; Ostalb"},"content":{"rendered":"<p>Uracher Alb, Oberes Ermstal, Lenninger Alb, Filstal, Ostalb<\/p>\n<p>Von Aalen bis zur Zollernalb zieht sich die \u201eBlaue Mauer\u201c des Albtraufs. Der neue Kletterf\u00fchrer mit dem programmatischen Titel <em>Volltrauf<\/em> versammelt erstmals s\u00e4mtliche Kletterm\u00f6glichkeiten am Steilabbruch der Schw\u00e4bischen Alb zwischen dem Wackerstein und dem Rosenstein \u2013 alles in allem 72 Kletterziele mit summa summarum 2500 Routen.<\/p>\n<p>Die sechs Teilgebiete Reutlinger Alb, Oberes Ermstal, Lenninger Alb, Filstal, Roggental und Ostalb waren bisher nur in verschiedenen Einzelf\u00fchrern beschrieben \u2013 <em>Volltrauf<\/em> bietet nun die Gelegenheit, sich alle zusammen in einem Band ins Haus zu holen. Die Kletterziele auf der Schw\u00e4bischen Alb (Blautal, Eselsburger Tal und Gro\u00dfes Lautertal) findet ihr im Kletterf\u00fchrer <a href=\"https:\/\/pizbube.ch\/en\/shop\/kletterfuehrer-steinzeit-blautal-grosses-lautertal-eselsburger-tal\/\" target=\"_blank\" rel=\"noopener\"><em>Steinzeit<\/em><\/a>.<\/p>\n<p>Dem F\u00fchrer liegt ein Downloadcode f\u00fcr eine kostenlose Anwendung f\u00fcr iOS und Android bei. Ihr bekommt damit alle im Kletterf\u00fchrer enthaltenen Topos in Form einer App f\u00fcr euer Smartphone 3 Jahre gratis dazu.<\/p>\n<p>1. Auflage 2021, 512 Seiten, 148 x 185 mm, Softcover, komplett 4 Farbig<\/p>","protected":false},"excerpt":{"rendered":"<ul>\n<li>PDF <strong><a href=\"https:\/\/pizbube.ch\/wp-content\/uploads\/2021\/06\/Volltrauf_Leseprobe.pdf\" target=\"_blank\" rel=\"noopener\">Volltrauf_Leseprobe<\/a><\/strong><\/li>\n<\/ul>","protected":false},"featured_media":157592,"template":"","meta":[],"product_brand":[],"product_cat":[21539],"product_tag":[],"class_list":{"0":"post-157591","1":"product","2":"type-product","3":"status-publish","4":"has-post-thumbnail","6":"product_cat-fuehrerliteratur-sportklettern-bouldern","7":"pa_autor-pasold-nordmann","8":"pa_erscheinungsjahr-25440","9":"pa_region-deutschland","10":"pa_sprache-de","12":"first","13":"instock","14":"taxable","15":"shipping-taxable","16":"purchasable","17":"product-type-simple"},"_links":{"self":[{"href":"https:\/\/pizbube.ch\/en\/wp-json\/wp\/v2\/product\/157591","targetHints":{"allow":["GET"]}}],"collection":[{"href":"https:\/\/pizbube.ch\/en\/wp-json\/wp\/v2\/product"}],"about":[{"href":"https:\/\/pizbube.ch\/en\/wp-json\/wp\/v2\/types\/product"}],"wp:featuredmedia":[{"embeddable":true,"href":"https:\/\/pizbube.ch\/en\/wp-json\/wp\/v2\/media\/157592"}],"wp:attachment":[{"href":"https:\/\/pizbube.ch\/en\/wp-json\/wp\/v2\/media?parent=157591"}],"wp:term":[{"taxonomy":"product_brand","embeddable":true,"href":"https:\/\/pizbube.ch\/en\/wp-json\/wp\/v2\/product_brand?post=157591"},{"taxonomy":"product_cat","embeddable":true,"href":"https:\/\/pizbube.ch\/en\/wp-json\/wp\/v2\/product_cat?post=157591"},{"taxonomy":"product_tag","embeddable":true,"href":"https:\/\/pizbube.ch\/en\/wp-json\/wp\/v2\/product_tag?post=157591"}],"curies":[{"name":"wp","href":"https:\/\/api.w.org\/{rel}","templated":true}]}}