{"id":157614,"date":"2021-06-18T09:10:37","date_gmt":"2021-06-18T07:10:37","guid":{"rendered":"https:\/\/pizbube.ch\/?post_type=product&#038;p=157614"},"modified":"2021-06-18T10:28:13","modified_gmt":"2021-06-18T08:28:13","slug":"gredos-occidental-escalada-clasica","status":"publish","type":"product","link":"https:\/\/pizbube.ch\/en\/shop\/gredos-occidental-escalada-clasica\/","title":{"rendered":"Gredos occidental &#8211; Escalada cl\u00e1sica"},"content":{"rendered":"<p>Tienes entre tus manos el resultado de cinco a\u00f1os de intensa investigaci\u00f3n hist\u00f3rico-deportiva y de exploraci\u00f3n de los rincones m\u00e1s occidentales de la sierra de Gredos, zona mucho menos conocida que la parte central del macizo o que sus escuelas estrella de la vertiente Sur, pero que guarda en sus paredes bellos itinerarios de escalada con mucha historia.<\/p>\n<p>Juanjo Cano, su art\u00edfice, te invita a descubrir los valores que conforman esta gu\u00eda, a que intentes tener la visi\u00f3n de los aperturistas en sus trazados sobre la roca, a que aprendas a leer los recorridos, a visualizar los senderos donde no existen, a conservar y respetar las especies animales y vegetales que dan vida a la monta\u00f1a para que seas capaz de disfrutar de todos los pasos que te lleven a la cumbre, desde los m\u00e1s sencillos hasta los m\u00e1s dif\u00edciles, viviendo en cada uno de ellos la pasi\u00f3n por la escalada.<\/p>\n<p>8 ZONAS DE ESCALADA y 506 V\u00cdAS:<\/p>\n<p>GARGANTA DE LOS CABALLEROS<br \/>\nARROYO MALILLO O SOLANA DE \u00c1VILA<br \/>\nLAGUNAS DEL TRAMPAL<br \/>\nRISCO DEL \u00c1GUILA O RISCO GORDO<br \/>\nHOYAMOROS<br \/>\nGARGANTA DE CUARTOS. SOLALANCHA<br \/>\nVALCORCHERO. PUENTE DE HIERRO<br \/>\nCABA\u00d1AS DEL CASTILLO<\/p>\n<p>272 pag.<\/p>","protected":false},"excerpt":{"rendered":"<p>Tienes entre tus manos el resultado de cinco a\u00f1os de intensa investigaci\u00f3n hist\u00f3rico-deportiva y de exploraci\u00f3n de los rincones m\u00e1s occidentales de la sierra de Gredos, zona mucho menos conocida que la parte central del macizo o que sus escuelas estrella de la vertiente Sur, pero que guarda en sus paredes bellos itinerarios de escalada [&#8230;]\n","protected":false},"featured_media":157615,"template":"","meta":[],"product_brand":[],"product_cat":[21539],"product_tag":[],"class_list":{"0":"post-157614","1":"product","2":"type-product","3":"status-publish","4":"has-post-thumbnail","6":"product_cat-fuehrerliteratur-sportklettern-bouldern","7":"pa_autor-cano-blazquez","8":"pa_erscheinungsjahr-25440","9":"pa_region-spanien","10":"pa_sprache-es","12":"first","13":"instock","14":"taxable","15":"shipping-taxable","16":"purchasable","17":"product-type-simple"},"_links":{"self":[{"href":"https:\/\/pizbube.ch\/en\/wp-json\/wp\/v2\/product\/157614","targetHints":{"allow":["GET"]}}],"collection":[{"href":"https:\/\/pizbube.ch\/en\/wp-json\/wp\/v2\/product"}],"about":[{"href":"https:\/\/pizbube.ch\/en\/wp-json\/wp\/v2\/types\/product"}],"wp:featuredmedia":[{"embeddable":true,"href":"https:\/\/pizbube.ch\/en\/wp-json\/wp\/v2\/media\/157615"}],"wp:attachment":[{"href":"https:\/\/pizbube.ch\/en\/wp-json\/wp\/v2\/media?parent=157614"}],"wp:term":[{"taxonomy":"product_brand","embeddable":true,"href":"https:\/\/pizbube.ch\/en\/wp-json\/wp\/v2\/product_brand?post=157614"},{"taxonomy":"product_cat","embeddable":true,"href":"https:\/\/pizbube.ch\/en\/wp-json\/wp\/v2\/product_cat?post=157614"},{"taxonomy":"product_tag","embeddable":true,"href":"https:\/\/pizbube.ch\/en\/wp-json\/wp\/v2\/product_tag?post=157614"}],"curies":[{"name":"wp","href":"https:\/\/api.w.org\/{rel}","templated":true}]}}