{"id":157616,"date":"2021-06-18T09:28:03","date_gmt":"2021-06-18T07:28:03","guid":{"rendered":"https:\/\/pizbube.ch\/?post_type=product&#038;p=157616"},"modified":"2026-02-14T12:26:30","modified_gmt":"2026-02-14T11:26:30","slug":"rocha-nai-guia-de-escalada-galicia-vol-1-y-2","status":"publish","type":"product","link":"https:\/\/pizbube.ch\/en\/shop\/rocha-nai-guia-de-escalada-galicia-vol-1-y-2\/","title":{"rendered":"Rocha nai &#8211; Gu\u00eda de escalada Galicia (Vol. 1 y 2)"},"content":{"rendered":"<p>Esta gu\u00eda pretende recopilar, en la medida de lo posible, todas las nuevas zonas de escalada desarrolladas en los \u00faltimos a\u00f1os en Galicia, as\u00ed como la ampliaci\u00f3n de las ya existentes, independientemente de su tama\u00f1o, car\u00e1cter o prestigio, intentando poner en valor la escalada de autoprotecci\u00f3n, demostrando que puede y debe ser compatible la convivencia de la escalada deportiva equipada, tal y como com\u00fanmente la conocemos, con la escalada limpia (Clean Climbing). Esta debe ser respetada para que las futuras generaciones puedan disfrutar del placer de escalar rutas con el compromiso que exige ser responsable de la autoprotecci\u00f3n.<\/p>\n<p>El objetivo es que se conozcan estas v\u00edas &#171;limpias&#187; y que sigan &#171;limpias&#187; para el futuro, donde las pr\u00f3ximas generaciones con af\u00e1n aperturista y equipador conozcan y respeten este estilo de escalada, y sigan conviviendo y respet\u00e1ndose todos los estilos.<\/p>\n<p>42 areas, 2800 pitches sport and classic climbing in Galicia<br \/>\n2 books, 544 pages<br \/>\nlanguage spanish<\/p>\n<p>2nd edition 2025<\/p>","protected":false},"excerpt":{"rendered":"<p>Esta gu\u00eda pretende recopilar, en la medida de lo posible, todas las nuevas zonas de escalada desarrolladas en los \u00faltimos a\u00f1os en Galicia, as\u00ed como la ampliaci\u00f3n de las ya existentes, independientemente de su tama\u00f1o, car\u00e1cter o prestigio, intentando poner en valor la escalada de autoprotecci\u00f3n, demostrando que puede y debe ser compatible la convivencia [&#8230;]\n","protected":false},"featured_media":157617,"template":"","meta":[],"product_brand":[],"product_cat":[21539],"product_tag":[26887,26886],"class_list":{"0":"post-157616","1":"product","2":"type-product","3":"status-publish","4":"has-post-thumbnail","6":"product_cat-fuehrerliteratur-sportklettern-bouldern","7":"product_tag-galicia","8":"product_tag-galizien","9":"pa_autor-fuentes-farina","10":"pa_erscheinungsjahr-27415","11":"pa_region-spanien","12":"pa_sprache-es","14":"first","15":"onbackorder","16":"taxable","17":"shipping-taxable","18":"purchasable","19":"product-type-simple"},"_links":{"self":[{"href":"https:\/\/pizbube.ch\/en\/wp-json\/wp\/v2\/product\/157616","targetHints":{"allow":["GET"]}}],"collection":[{"href":"https:\/\/pizbube.ch\/en\/wp-json\/wp\/v2\/product"}],"about":[{"href":"https:\/\/pizbube.ch\/en\/wp-json\/wp\/v2\/types\/product"}],"wp:featuredmedia":[{"embeddable":true,"href":"https:\/\/pizbube.ch\/en\/wp-json\/wp\/v2\/media\/157617"}],"wp:attachment":[{"href":"https:\/\/pizbube.ch\/en\/wp-json\/wp\/v2\/media?parent=157616"}],"wp:term":[{"taxonomy":"product_brand","embeddable":true,"href":"https:\/\/pizbube.ch\/en\/wp-json\/wp\/v2\/product_brand?post=157616"},{"taxonomy":"product_cat","embeddable":true,"href":"https:\/\/pizbube.ch\/en\/wp-json\/wp\/v2\/product_cat?post=157616"},{"taxonomy":"product_tag","embeddable":true,"href":"https:\/\/pizbube.ch\/en\/wp-json\/wp\/v2\/product_tag?post=157616"}],"curies":[{"name":"wp","href":"https:\/\/api.w.org\/{rel}","templated":true}]}}