{"id":157618,"date":"2021-06-18T09:41:51","date_gmt":"2021-06-18T07:41:51","guid":{"rendered":"https:\/\/pizbube.ch\/?post_type=product&#038;p=157618"},"modified":"2025-01-30T09:19:15","modified_gmt":"2025-01-30T08:19:15","slug":"pedriza-boulder-bouldering-in-la-pedriza-and-satellite-areas","status":"publish","type":"product","link":"https:\/\/pizbube.ch\/en\/shop\/pedriza-boulder-bouldering-in-la-pedriza-and-satellite-areas\/","title":{"rendered":"Pedriza boulder &#8211; Bouldering in La Pedriza and satellite areas"},"content":{"rendered":"<p>3470 problems, 78 areas (+250 Boulders for Kids)<\/p>\n<p>Pedriza Boulder is the complete bouldering guidebook to La Pedriza.<br \/>\nAlready a world famous climbing spot, this granite paradise is also now the biggest bouldering area in Spain.<\/p>\n<p>+250 white boulders for kids<br \/>\nWhite boulders from 3A to 3C specifically developed by and for kids. Also blue lines can be climb by our little crushers.<\/p>\n<p>Access and topos drawn stone by stone. Signs, barriers, fences or cattle gates to clearly understand the maps.<br \/>\nIncl.: Code for Vertical-Life-App<\/p>\n<p>&nbsp;<\/p>\n<p>Nueva edici\u00f3n totalmente actualizada de la gu\u00eda de bloque de Las Pedriza de Talo Mart\u00edn, 8 a\u00f1os de intenso trabajo desde la primera edici\u00f3n. La Pedriza es una de las zonas con m\u00e1s bloques de Espa\u00f1a y prueba de ello son sus 78 sectores, donde hay mucha diversidad para elegir: nada menos que 3470 bloques. Con un granito excepcional y muy adherente, en placas, muros, proas y desplomes, incluso fisuras perfectas.<\/p>\n<p>Talo ha desarrollado un excelente trabajo de campo que les ha llevado a\u00f1os recopilando y almacenando informaci\u00f3n, actualizando nuevas aperturas y realizando correcciones. Esta cuidada gu\u00eda adem\u00e1s de tener un formato muy c\u00f3modo y una nomenclatura muy intuitiva, destaca por sus originales gr\u00e1ficos y su car\u00e1cter internacional al ofrecer toda su informaci\u00f3n tambi\u00e9n en ingl\u00e9s.<\/p>\n<p>Incluye 250 bloques para ni\u00f1os.<\/p>","protected":false},"excerpt":{"rendered":"<p>3470 problems, 78 areas (+250 Boulders for Kids) Pedriza Boulder is the complete bouldering guidebook to La Pedriza. Already a world famous climbing spot, this granite paradise is also now the biggest bouldering area in Spain. +250 white boulders for kids White boulders from 3A to 3C specifically developed by and for kids. Also blue [&#8230;]\n","protected":false},"featured_media":157619,"template":"","meta":[],"product_brand":[],"product_cat":[21539],"product_tag":[],"class_list":{"0":"post-157618","1":"product","2":"type-product","3":"status-publish","4":"has-post-thumbnail","6":"product_cat-fuehrerliteratur-sportklettern-bouldern","7":"pa_autor-martin","8":"pa_erscheinungsjahr-25440","9":"pa_region-spanien","10":"pa_sprache-es","12":"first","13":"outofstock","14":"taxable","15":"shipping-taxable","16":"purchasable","17":"product-type-simple"},"_links":{"self":[{"href":"https:\/\/pizbube.ch\/en\/wp-json\/wp\/v2\/product\/157618","targetHints":{"allow":["GET"]}}],"collection":[{"href":"https:\/\/pizbube.ch\/en\/wp-json\/wp\/v2\/product"}],"about":[{"href":"https:\/\/pizbube.ch\/en\/wp-json\/wp\/v2\/types\/product"}],"wp:featuredmedia":[{"embeddable":true,"href":"https:\/\/pizbube.ch\/en\/wp-json\/wp\/v2\/media\/157619"}],"wp:attachment":[{"href":"https:\/\/pizbube.ch\/en\/wp-json\/wp\/v2\/media?parent=157618"}],"wp:term":[{"taxonomy":"product_brand","embeddable":true,"href":"https:\/\/pizbube.ch\/en\/wp-json\/wp\/v2\/product_brand?post=157618"},{"taxonomy":"product_cat","embeddable":true,"href":"https:\/\/pizbube.ch\/en\/wp-json\/wp\/v2\/product_cat?post=157618"},{"taxonomy":"product_tag","embeddable":true,"href":"https:\/\/pizbube.ch\/en\/wp-json\/wp\/v2\/product_tag?post=157618"}],"curies":[{"name":"wp","href":"https:\/\/api.w.org\/{rel}","templated":true}]}}