{"id":157651,"date":"2021-06-19T09:18:16","date_gmt":"2021-06-19T07:18:16","guid":{"rendered":"https:\/\/pizbube.ch\/?post_type=product&#038;p=157651"},"modified":"2021-06-19T09:24:21","modified_gmt":"2021-06-19T07:24:21","slug":"kletterfuehrer-loferer-und-leoganger-steinberge","status":"publish","type":"product","link":"https:\/\/pizbube.ch\/en\/shop\/kletterfuehrer-loferer-und-leoganger-steinberge\/","title":{"rendered":"Kletterf\u00fchrer Loferer und Leoganger Steinberge"},"content":{"rendered":"<p>Loferer und Leoganger Steinberge &#8211; ob kurz oder lang, Plaisir oder Hard-Core, in den Steinbergen wartet genialer Fels &#8211; Klettertr\u00e4ume werden wahr!<\/p>\n<p>30 Jahren lang mussten die Freunde der Loferer und Leoganger Steinberge auf einen eigenen Kletterf\u00fchrer f\u00fcr dieses kleine aber feine Gebiet warten, nun ist es endlich wieder so weit: Auf 600 Seiten beschreibt Adi Stocker alle relevanten Kletterrouten zwischen Fieberbrunn und Lofer.<\/p>\n<p>Die Einteilung erfolgt nach Ausgangspunkten im Tal &#8211; St.Ulrich am Pillersee, Waidring, Lofer, St.Martin, Wei\u00dfbach und Leogang. Adis besonderer Fokus liegt auf den beiden Alpenvereinsh\u00fctten im jeweiligen Gebirgsstock, die \u201eVon Schmidt-Zabierow-H\u00fctte\u201c in den Loferer Steinbergen und die \u201ePassauer H\u00fctte\u201c in den Leoganger Steinbergen. Beides exzellente Ausgangspunkte f\u00fcr Kletternde.<\/p>\n<p>\u00dcber 400 Kletterrouten werden in penibel gezeichneten Topos pr\u00e4sentiert. Das bew\u00e4hrte System aus detailreichen Wandbildern in Kombination mit akribischen Routen- und Zustiegsbeschreibungen wurde weiter verfeinert. Ein kurzer Abriss der klettergeschichtlichen Entwicklung, die Vorstellung der wichtigsten Protagonisten des Gebiets sowie vorgefallenen Episoden runden die Beschreibungen ab und machen den F\u00fchrer zu einem opulenten, wertvollen Lesebuch.<br \/>\nLast but not least findet sich in der PVC-Schutzh\u00fclle eine detaillierte \u00dcbersichtskarte des gesamten Gebietes mit allen notwendigen Informationen &#8211; wie es sich geh\u00f6rt, f\u00fcr den harten Einsatz auf rei\u00df- und wasserfestem Papier gedruckt.<\/p>\n<p>1. Aufl. 2021, 600 Seiten, 115 x 185 mm, Softcover, komplett 4 Farbig, Schutzh\u00fclle<\/p>","protected":false},"excerpt":{"rendered":"<ul>\n<li><a href=\"https:\/\/pizbube.ch\/wp-content\/uploads\/2021\/06\/Leseprobe_Loferer_Leoganger_Steinberge-1.pdf\" target=\"_blank\" rel=\"noopener\">Leseprobe_Loferer_Leoganger_Steinberge<\/a><\/li>\n<\/ul>","protected":false},"featured_media":157652,"template":"","meta":[],"product_brand":[],"product_cat":[21539],"product_tag":[],"class_list":{"0":"post-157651","1":"product","2":"type-product","3":"status-publish","4":"has-post-thumbnail","6":"product_cat-fuehrerliteratur-sportklettern-bouldern","7":"pa_autor-stocker","8":"pa_erscheinungsjahr-25440","9":"pa_region-oesterreich","10":"pa_sprache-de","12":"first","13":"instock","14":"taxable","15":"shipping-taxable","16":"purchasable","17":"product-type-simple"},"_links":{"self":[{"href":"https:\/\/pizbube.ch\/en\/wp-json\/wp\/v2\/product\/157651","targetHints":{"allow":["GET"]}}],"collection":[{"href":"https:\/\/pizbube.ch\/en\/wp-json\/wp\/v2\/product"}],"about":[{"href":"https:\/\/pizbube.ch\/en\/wp-json\/wp\/v2\/types\/product"}],"wp:featuredmedia":[{"embeddable":true,"href":"https:\/\/pizbube.ch\/en\/wp-json\/wp\/v2\/media\/157652"}],"wp:attachment":[{"href":"https:\/\/pizbube.ch\/en\/wp-json\/wp\/v2\/media?parent=157651"}],"wp:term":[{"taxonomy":"product_brand","embeddable":true,"href":"https:\/\/pizbube.ch\/en\/wp-json\/wp\/v2\/product_brand?post=157651"},{"taxonomy":"product_cat","embeddable":true,"href":"https:\/\/pizbube.ch\/en\/wp-json\/wp\/v2\/product_cat?post=157651"},{"taxonomy":"product_tag","embeddable":true,"href":"https:\/\/pizbube.ch\/en\/wp-json\/wp\/v2\/product_tag?post=157651"}],"curies":[{"name":"wp","href":"https:\/\/api.w.org\/{rel}","templated":true}]}}