{"id":157659,"date":"2021-06-19T13:03:06","date_gmt":"2021-06-19T11:03:06","guid":{"rendered":"https:\/\/pizbube.ch\/?post_type=product&#038;p=157659"},"modified":"2021-06-19T13:03:06","modified_gmt":"2021-06-19T11:03:06","slug":"berg-and-breakfast","status":"publish","type":"product","link":"https:\/\/pizbube.ch\/en\/shop\/berg-and-breakfast\/","title":{"rendered":"Berg and Breakfast"},"content":{"rendered":"<p>Ein Panorama der touristischen Sehns\u00fcchte und Ern\u00fcchterungen<\/p>\n<p>Auf, in die Alpen! Gen\u00fcsslich wandern, wellnessen, Ski fahren oder Gipfel erklimmen: Es k\u00f6nnte so sch\u00f6n sein, wenn nicht \u00fcberall Touristen w\u00e4ren. Entlegene Berggebiete wiederum leben von ihnen.<\/p>\n<p>Mahlknecht stellt sich in ihrem Essay diesem Dilemma. Sie analysiert die unstillbare Sehnsucht nach dem Reisen \u2013 ohne erhobenen Zeigefinger: Welchen Widrigkeiten des Alltags versuchen wir zu entfliehen? Wie geht es denen, die dort leben, wo andere Urlaub machen? L\u00e4sst sich heute noch ethisch vertretbar reisen?<\/p>\n<p>Es liegt an uns, den Tourismus der Zukunft mitzugestalten!<\/p>\n<p>\u00bb am\u00fcsant, pointiert, anregend<br \/>\n\u00bb erhellende Einsichten, kluge Denkanst\u00f6\u00dfe<br \/>\n\u00bb notwendige Reflexionen, die uns alle betreffen<\/p>\n<p>13,5 x 21 cm | 232 Seiten; Broschur<\/p>","protected":false},"excerpt":{"rendered":"<ul>\n<li><a href=\"https:\/\/pizbube.ch\/wp-content\/uploads\/2021\/06\/Berg-and-Breakfast_Leseprobe.pdf\" target=\"_blank\" rel=\"noopener\"><strong>Berg and Breakfast_Leseprobe<\/strong><\/a><\/li>\n<\/ul>","protected":false},"featured_media":157660,"template":"","meta":[],"product_brand":[],"product_cat":[21580],"product_tag":[26890],"class_list":{"0":"post-157659","1":"product","2":"type-product","3":"status-publish","4":"has-post-thumbnail","6":"product_cat-kunst-kultur","7":"product_tag-berg-breakfast","8":"pa_autor-mahlknecht","9":"pa_erscheinungsjahr-25440","10":"pa_region-uebrigers-europa","11":"pa_sprache-de","13":"first","14":"instock","15":"taxable","16":"shipping-taxable","17":"purchasable","18":"product-type-simple"},"_links":{"self":[{"href":"https:\/\/pizbube.ch\/en\/wp-json\/wp\/v2\/product\/157659","targetHints":{"allow":["GET"]}}],"collection":[{"href":"https:\/\/pizbube.ch\/en\/wp-json\/wp\/v2\/product"}],"about":[{"href":"https:\/\/pizbube.ch\/en\/wp-json\/wp\/v2\/types\/product"}],"wp:featuredmedia":[{"embeddable":true,"href":"https:\/\/pizbube.ch\/en\/wp-json\/wp\/v2\/media\/157660"}],"wp:attachment":[{"href":"https:\/\/pizbube.ch\/en\/wp-json\/wp\/v2\/media?parent=157659"}],"wp:term":[{"taxonomy":"product_brand","embeddable":true,"href":"https:\/\/pizbube.ch\/en\/wp-json\/wp\/v2\/product_brand?post=157659"},{"taxonomy":"product_cat","embeddable":true,"href":"https:\/\/pizbube.ch\/en\/wp-json\/wp\/v2\/product_cat?post=157659"},{"taxonomy":"product_tag","embeddable":true,"href":"https:\/\/pizbube.ch\/en\/wp-json\/wp\/v2\/product_tag?post=157659"}],"curies":[{"name":"wp","href":"https:\/\/api.w.org\/{rel}","templated":true}]}}