{"id":157686,"date":"2021-06-22T10:28:37","date_gmt":"2021-06-22T08:28:37","guid":{"rendered":"https:\/\/pizbube.ch\/?post_type=product&#038;p=157686"},"modified":"2021-06-25T18:00:01","modified_gmt":"2021-06-25T16:00:01","slug":"berghoerner-in-den-berner-alpen","status":"publish","type":"product","link":"https:\/\/pizbube.ch\/en\/shop\/berghoerner-in-den-berner-alpen\/","title":{"rendered":"Bergh\u00f6rner in den Berner Alpen"},"content":{"rendered":"<p>Einmal die Bergh\u00f6rner der Berner Alpen von Nahem erleben \u2013 dies erm\u00f6glicht das neueste Werk des Berner K\u00fcnstlers, Musikers und Autors Martin Mostosi.<br \/>\nEr transportiert die Leserinnen und Leser mit seinem zweiten Bildband in die Berner Alpen.<\/p>\n<p>In \u00fcber 40 wundersch\u00f6nen und detaillierten Bleistiftzeichnungen pr\u00e4sentiert er ausgesuchte Bergh\u00f6rner der Berner Alpen. Dabei befasst er sich mit ber\u00fchmten H\u00f6rnern wie dem Brienzer Rothorn, aber auch mit weniger bekannten Gipfeln wie dem Ellstabhorn. Entstanden sind seine Bilder auf zahlreichen Wanderungen durch die Berner Alpen.<\/p>\n<p>Erg\u00e4nzt werden die Zeichnungen von Kommentaren von einheimischen Bergf\u00fchrern und Wanderbegeisterten.<\/p>\n<p>1. Auflage 2021<\/p>\n<p>96 Seiten, 21\u2009\u00d7\u200929,7\u2009cm gebunden, Hardcover<br \/>\nMit 44 Abbildungen<\/p>","protected":false},"excerpt":{"rendered":"<p>Einmal die Bergh\u00f6rner der Berner Alpen von Nahem erleben \u2013 dies erm\u00f6glicht das neueste Werk des Berner K\u00fcnstlers, Musikers und Autors Martin Mostosi. Er transportiert die Leserinnen und Leser mit seinem zweiten Bildband in die Berner Alpen. In \u00fcber 40 wundersch\u00f6nen und detaillierten Bleistiftzeichnungen pr\u00e4sentiert er ausgesuchte Bergh\u00f6rner der Berner Alpen. Dabei befasst er sich [&#8230;]\n","protected":false},"featured_media":157687,"template":"","meta":[],"product_brand":[],"product_cat":[21580],"product_tag":[],"class_list":{"0":"post-157686","1":"product","2":"type-product","3":"status-publish","4":"has-post-thumbnail","6":"product_cat-kunst-kultur","7":"pa_autor-mostosi","8":"pa_erscheinungsjahr-25440","9":"pa_region-schweiz","10":"pa_sprache-de","12":"first","13":"instock","14":"taxable","15":"shipping-taxable","16":"purchasable","17":"product-type-simple"},"_links":{"self":[{"href":"https:\/\/pizbube.ch\/en\/wp-json\/wp\/v2\/product\/157686","targetHints":{"allow":["GET"]}}],"collection":[{"href":"https:\/\/pizbube.ch\/en\/wp-json\/wp\/v2\/product"}],"about":[{"href":"https:\/\/pizbube.ch\/en\/wp-json\/wp\/v2\/types\/product"}],"wp:featuredmedia":[{"embeddable":true,"href":"https:\/\/pizbube.ch\/en\/wp-json\/wp\/v2\/media\/157687"}],"wp:attachment":[{"href":"https:\/\/pizbube.ch\/en\/wp-json\/wp\/v2\/media?parent=157686"}],"wp:term":[{"taxonomy":"product_brand","embeddable":true,"href":"https:\/\/pizbube.ch\/en\/wp-json\/wp\/v2\/product_brand?post=157686"},{"taxonomy":"product_cat","embeddable":true,"href":"https:\/\/pizbube.ch\/en\/wp-json\/wp\/v2\/product_cat?post=157686"},{"taxonomy":"product_tag","embeddable":true,"href":"https:\/\/pizbube.ch\/en\/wp-json\/wp\/v2\/product_tag?post=157686"}],"curies":[{"name":"wp","href":"https:\/\/api.w.org\/{rel}","templated":true}]}}