{"id":157711,"date":"2021-06-23T11:51:40","date_gmt":"2021-06-23T09:51:40","guid":{"rendered":"https:\/\/pizbube.ch\/?post_type=product&#038;p=157711"},"modified":"2021-06-23T11:53:55","modified_gmt":"2021-06-23T09:53:55","slug":"die-tour-matterhorn","status":"publish","type":"product","link":"https:\/\/pizbube.ch\/en\/shop\/die-tour-matterhorn\/","title":{"rendered":"Die Tour Matterhorn"},"content":{"rendered":"<p class=\"subheadline\">Trekking um den sch\u00f6nsten Berg der Welt &#8211; In 9 Etappen um den Berg der Berge wandern \u2013 mit alpinen Varianten<\/p>\n<p>Wo hat man den besten Blick auf das Matterhorn? Wenn man es umwandert. Die Tour Matterhorn bietet atemberaubende Viertausender, einsame Alpen, spektakul\u00e4re P\u00e4sse und wilde Gletscherstr\u00f6me. Sie f\u00fchrt zu rustikalen Bergh\u00fctten mit grandioser Aussicht, durch romantische D\u00f6rfer, sechs urt\u00fcmliche T\u00e4ler und drei unterschiedliche Kulturen.<\/p>\n<p>Die Bergexpertin Iris K\u00fcrschner verr\u00e4t, wie man aus dem rund 160 Kilometer langen Trekking das Maximum herausholt. Die neun Tagesetappen sind gr\u00fcndlich recherchiert und reich bebildert. Sie enthalten alle Informationen zu Planung, Unterk\u00fcnften und Varianten. Die L\u00e4nge der Tour l\u00e4sst sich variieren. Einzelne Etappen sind auch als Wochenend-Wanderungen m\u00f6glich. Dazu erz\u00e4hlt die Autorin Wissenswertes \u00fcber Geologie und Berggeschichte, Fauna und Flora, Geschichte und Kultur der Region. Dieses Buch l\u00e4sst jedes Wanderherz h\u00f6herschlagen. Auf zum Wahrzeichen der Schweiz!<\/p>\n<p>9 gut geplante Tagesetappen rund ums Matterhorn.<br \/>\nSpannende Hintergrundgeschichten.<br \/>\nMit Serviceteil und \u00dcbersichtskarten.<\/p>\n<p><span class=\"book_info\">1. Auflage, 2021<br \/>\nEinband: Broschur mit Klappe<br \/>\nUmfang: 192 Seiten<br \/>\nFormat: 14.5 cm x 22 cm<\/span><\/p>","protected":false},"excerpt":{"rendered":"<p>Trekking um den sch\u00f6nsten Berg der Welt &#8211; In 9 Etappen um den Berg der Berge wandern \u2013 mit alpinen Varianten Wo hat man den besten Blick auf das Matterhorn? Wenn man es umwandert. Die Tour Matterhorn bietet atemberaubende Viertausender, einsame Alpen, spektakul\u00e4re P\u00e4sse und wilde Gletscherstr\u00f6me. Sie f\u00fchrt zu rustikalen Bergh\u00fctten mit grandioser Aussicht, [&#8230;]\n","protected":false},"featured_media":157712,"template":"","meta":[],"product_brand":[],"product_cat":[21605],"product_tag":[],"class_list":{"0":"post-157711","1":"product","2":"type-product","3":"status-publish","4":"has-post-thumbnail","6":"product_cat-wanderfuehrer-trekking","7":"pa_autor-kuerschner","8":"pa_erscheinungsjahr-25440","9":"pa_region-schweiz","10":"pa_sprache-de","12":"first","13":"instock","14":"taxable","15":"shipping-taxable","16":"purchasable","17":"product-type-simple"},"_links":{"self":[{"href":"https:\/\/pizbube.ch\/en\/wp-json\/wp\/v2\/product\/157711","targetHints":{"allow":["GET"]}}],"collection":[{"href":"https:\/\/pizbube.ch\/en\/wp-json\/wp\/v2\/product"}],"about":[{"href":"https:\/\/pizbube.ch\/en\/wp-json\/wp\/v2\/types\/product"}],"wp:featuredmedia":[{"embeddable":true,"href":"https:\/\/pizbube.ch\/en\/wp-json\/wp\/v2\/media\/157712"}],"wp:attachment":[{"href":"https:\/\/pizbube.ch\/en\/wp-json\/wp\/v2\/media?parent=157711"}],"wp:term":[{"taxonomy":"product_brand","embeddable":true,"href":"https:\/\/pizbube.ch\/en\/wp-json\/wp\/v2\/product_brand?post=157711"},{"taxonomy":"product_cat","embeddable":true,"href":"https:\/\/pizbube.ch\/en\/wp-json\/wp\/v2\/product_cat?post=157711"},{"taxonomy":"product_tag","embeddable":true,"href":"https:\/\/pizbube.ch\/en\/wp-json\/wp\/v2\/product_tag?post=157711"}],"curies":[{"name":"wp","href":"https:\/\/api.w.org\/{rel}","templated":true}]}}