{"id":157716,"date":"2021-06-23T14:56:59","date_gmt":"2021-06-23T12:56:59","guid":{"rendered":"https:\/\/pizbube.ch\/?post_type=product&#038;p=157716"},"modified":"2021-07-21T15:38:33","modified_gmt":"2021-07-21T13:38:33","slug":"des-piolets-et-des-hommes","status":"publish","type":"product","link":"https:\/\/pizbube.ch\/en\/shop\/des-piolets-et-des-hommes\/","title":{"rendered":"Des piolets et des hommes"},"content":{"rendered":"<p>L\u2019histoire de l\u2019alpinisme \u00e0 travers l\u2019instrument qui a permis les plus grandes ascensions de l\u2019Histoire\u202f: le piolet. Une histoire travers\u00e9e par le destin des grandes familles d\u2019industriels et des alpinistes l\u00e9gendaires \u00e0 travers leurs exploits.<\/p>\n<p>Quand, au XIX\u00e8me si\u00e8cle, ceux que l\u2019on n\u2019appelait pas encore alpinistes se sont mis en t\u00eate de gravir des sommets, les artisans qui fabriquaient des sonnettes pour les vaches ont commenc\u00e9 \u00e0 leur \u00adforger des outils. C\u2019est leur histoire que raconte pour la premi\u00e8re fois Denis Pivot, t\u00e9moin et acteur de l&#8217;\u00e9volution du mat\u00e9riel, depuis le premier b\u00e2ton de montagne de presque trois m\u00e8tres jusqu\u2019aux piolets techniques issus de la haute technologie.<\/p>\n<p>L\u2019histoire des dynasties familiales d\u2019artisans de la vall\u00e9e de Chamonix, ces \u00ab forgerons de l\u2019inutile \u00bb, pionniers d\u2019une aventure industrielle qui accompagne toujours les r\u00eaves des amoureux de la montagne. Un r\u00e9cit port\u00e9 par la rigueur et la passion de son auteur, Denis Pivot, guide de haute montagne et conseiller technique. Un livre qui interroge l\u2019invention et l\u2019innovation dans l\u2019exploration.<\/p>\n<p>Format (Taille)\u00a0: 25 x 24,5 cm<br \/>\nNombre de pages :192<\/p>","protected":false},"excerpt":{"rendered":"<p>L\u2019histoire de l\u2019alpinisme \u00e0 travers l\u2019instrument qui a permis les plus grandes ascensions de l\u2019Histoire\u202f: le piolet. Une histoire travers\u00e9e par le destin des grandes familles d\u2019industriels et des alpinistes l\u00e9gendaires \u00e0 travers leurs exploits. Quand, au XIX\u00e8me si\u00e8cle, ceux que l\u2019on n\u2019appelait pas encore alpinistes se sont mis en t\u00eate de gravir des sommets, [&#8230;]\n","protected":false},"featured_media":157717,"template":"","meta":[],"product_brand":[],"product_cat":[21542],"product_tag":[],"class_list":{"0":"post-157716","1":"product","2":"type-product","3":"status-publish","4":"has-post-thumbnail","6":"product_cat-sachbuecher-dokumentationen","7":"pa_autor-pivot","8":"pa_erscheinungsjahr-25440","9":"pa_region-frankreich","10":"pa_sprache-fr","12":"first","13":"instock","14":"taxable","15":"shipping-taxable","16":"purchasable","17":"product-type-simple"},"_links":{"self":[{"href":"https:\/\/pizbube.ch\/en\/wp-json\/wp\/v2\/product\/157716","targetHints":{"allow":["GET"]}}],"collection":[{"href":"https:\/\/pizbube.ch\/en\/wp-json\/wp\/v2\/product"}],"about":[{"href":"https:\/\/pizbube.ch\/en\/wp-json\/wp\/v2\/types\/product"}],"wp:featuredmedia":[{"embeddable":true,"href":"https:\/\/pizbube.ch\/en\/wp-json\/wp\/v2\/media\/157717"}],"wp:attachment":[{"href":"https:\/\/pizbube.ch\/en\/wp-json\/wp\/v2\/media?parent=157716"}],"wp:term":[{"taxonomy":"product_brand","embeddable":true,"href":"https:\/\/pizbube.ch\/en\/wp-json\/wp\/v2\/product_brand?post=157716"},{"taxonomy":"product_cat","embeddable":true,"href":"https:\/\/pizbube.ch\/en\/wp-json\/wp\/v2\/product_cat?post=157716"},{"taxonomy":"product_tag","embeddable":true,"href":"https:\/\/pizbube.ch\/en\/wp-json\/wp\/v2\/product_tag?post=157716"}],"curies":[{"name":"wp","href":"https:\/\/api.w.org\/{rel}","templated":true}]}}