{"id":157739,"date":"2021-06-25T10:39:49","date_gmt":"2021-06-25T08:39:49","guid":{"rendered":"https:\/\/pizbube.ch\/?post_type=product&#038;p=157739"},"modified":"2025-04-03T08:48:29","modified_gmt":"2025-04-03T06:48:29","slug":"karnischer-hoehenweg","status":"publish","type":"product","link":"https:\/\/pizbube.ch\/en\/shop\/karnischer-hoehenweg\/","title":{"rendered":"Karnischer H\u00f6henweg (Rother)"},"content":{"rendered":"<p class=\"mt-3\">14 Etappen von Sillian nach Th\u00f6rl-Maglern<\/p>\n<p><span class=\"value\">Der Karnische H\u00f6henweg ist ein spektakul\u00e4rer Weitwanderweg, der sich entlang der Karnischen Alpen an der \u00f6sterreichisch-italienischen Grenze erstreckt. Eine stille Gebirgswelt, klare Bergseen und blumenreiche Almwiesen s\u00e4umen die Route, w\u00e4hrend gro\u00dfartige Panoramen Wanderer auf Schritt und Tritt begleiten. Der Rother Wanderf\u00fchrer \u00bbKarnischer H\u00f6henweg\u00ab liefert alle wichtigen Informationen f\u00fcr diese 14-t\u00e4gige H\u00fcttentour.<\/span><\/p>\n<p><span class=\"value\">Der Karnische H\u00f6henweg f\u00fchrt von Silian in Osttirol bis nach Th\u00f6rl-Maglern. Der erste Abschnitt von Sillian bis K\u00f6tschach-Mauthen fordert Wanderer mit hochalpinem Gel\u00e4nde, das Kondition, Trittsicherheit und alpine Erfahrung verlangt. Der zweite Teil von K\u00f6tschach-Mauthen nach Th\u00f6rl-Maglern f\u00fchrt durch sanftere Almwiesen und l\u00e4dt zu entspanntem Wandern ein. Beide Abschnitte sind in jeweils etwa einer Woche zu bew\u00e4ltigen und verlaufen abseits des alpinen Trubels \u2013 Ruhe und Bergeinsamkeit sind garantiert. Zu den H\u00f6hepunkten entlang der Route z\u00e4hlen der malerische Wolayersee und der geschichtstr\u00e4chtige Pl\u00f6ckenpass.<\/span><\/p>\n<p>Eine besondere Faszination des Karnischen H\u00f6henwegs liegt in seiner historischen Bedeutung: Er verl\u00e4uft auf ehemaligen Kriegssteigen des Ersten Weltkriegs. Unterwegs erinnern \u00dcberreste alter Stellungen und Gedenkst\u00e4tten an die Ereignisse jener Zeit. Als \u00bbVia della Pace\u00ab, der \u00bbFriedensweg\u00ab, symbolisiert er heute die Verbindung und den Frieden zwischen \u00d6sterreich und Italien.<\/p>\n<p>Der Rother Wanderf\u00fchrer \u00bbKarnischer H\u00f6henweg\u00ab erm\u00f6glichet es, die Tour ganz individuell zu gestalten, ob auf der Hauptroute oder einer der zahlreichen Varianten, die das Buch vorstellt. Jede der 14 Etappen enth\u00e4lt eine genaue Tourenbeschreibung, detaillierte Kartenausschnitte und H\u00f6henprofile. Gepr\u00fcfte GPS-Tracks stehen auf der Webseite des Rother Verlags zum Download bereit. Pr\u00e4zise Informationen zu Verkehrsanbindung, Einkehr- und \u00dcbernachtungsm\u00f6glichkeiten sowie zu Sehensw\u00fcrdigkeiten entlang des Weges machen diesen Wanderf\u00fchrer zum unverzichtbaren Begleiter.<\/p>\n<p>6. aktual. Auflage 2025<br \/>\n176 Seiten mit 129 Farbabbildungen<br \/>\n46 H\u00f6henprofile, 14 Wanderk\u00e4rtchen im Ma\u00dfstab 1:50.000, zwei \u00dcbersichtskarten im Ma\u00dfstab 1:600.000 und 1:1.000.000<br \/>\nFormat 11,5 x 16,5 cm<br \/>\nkartoniert mit Polytex-Laminierung<\/p>","protected":false},"excerpt":{"rendered":"<p>14 Etappen von Sillian nach Th\u00f6rl-Maglern Der Karnische H\u00f6henweg ist ein spektakul\u00e4rer Weitwanderweg, der sich entlang der Karnischen Alpen an der \u00f6sterreichisch-italienischen Grenze erstreckt. Eine stille Gebirgswelt, klare Bergseen und blumenreiche Almwiesen s\u00e4umen die Route, w\u00e4hrend gro\u00dfartige Panoramen Wanderer auf Schritt und Tritt begleiten. Der Rother Wanderf\u00fchrer \u00bbKarnischer H\u00f6henweg\u00ab liefert alle wichtigen Informationen f\u00fcr diese [&#8230;]\n","protected":false},"featured_media":179150,"template":"","meta":[],"product_brand":[],"product_cat":[21605],"product_tag":[],"class_list":{"0":"post-157739","1":"product","2":"type-product","3":"status-publish","4":"has-post-thumbnail","6":"product_cat-wanderfuehrer-trekking","7":"pa_autor-wecker","8":"pa_erscheinungsjahr-27415","9":"pa_region-italien","10":"pa_sprache-de","12":"first","13":"instock","14":"taxable","15":"shipping-taxable","16":"purchasable","17":"product-type-simple"},"_links":{"self":[{"href":"https:\/\/pizbube.ch\/en\/wp-json\/wp\/v2\/product\/157739","targetHints":{"allow":["GET"]}}],"collection":[{"href":"https:\/\/pizbube.ch\/en\/wp-json\/wp\/v2\/product"}],"about":[{"href":"https:\/\/pizbube.ch\/en\/wp-json\/wp\/v2\/types\/product"}],"wp:featuredmedia":[{"embeddable":true,"href":"https:\/\/pizbube.ch\/en\/wp-json\/wp\/v2\/media\/179150"}],"wp:attachment":[{"href":"https:\/\/pizbube.ch\/en\/wp-json\/wp\/v2\/media?parent=157739"}],"wp:term":[{"taxonomy":"product_brand","embeddable":true,"href":"https:\/\/pizbube.ch\/en\/wp-json\/wp\/v2\/product_brand?post=157739"},{"taxonomy":"product_cat","embeddable":true,"href":"https:\/\/pizbube.ch\/en\/wp-json\/wp\/v2\/product_cat?post=157739"},{"taxonomy":"product_tag","embeddable":true,"href":"https:\/\/pizbube.ch\/en\/wp-json\/wp\/v2\/product_tag?post=157739"}],"curies":[{"name":"wp","href":"https:\/\/api.w.org\/{rel}","templated":true}]}}