{"id":157744,"date":"2021-06-25T10:57:56","date_gmt":"2021-06-25T08:57:56","guid":{"rendered":"https:\/\/pizbube.ch\/?post_type=product&#038;p=157744"},"modified":"2023-06-03T09:36:57","modified_gmt":"2023-06-03T07:36:57","slug":"die-schoensten-wanderungen-am-wasser-in-den-schweizer-alpen","status":"publish","type":"product","link":"https:\/\/pizbube.ch\/en\/shop\/die-schoensten-wanderungen-am-wasser-in-den-schweizer-alpen\/","title":{"rendered":"Die sch\u00f6nsten Wanderungen am Wasser in den Schweizer Alpen"},"content":{"rendered":"<p>Ob st\u00e4ubender Wasserfall, pl\u00e4tschernder Bergbach oder stiller Bergsee \u2013 Touren am Wasser versprechen Erholung pur und sind zu jeder Jahreszeit reizvoll: B\u00e4che und Fl\u00fcsse beeindrucken im Fr\u00fchjahr nach der Schneeschmelze, im Hochsommer verf\u00fchren kleine Seelein zu einem beherzten Sprung ins Nass. Im Herbst sind die Stauseen prall gef\u00fcllt und der Winter verwandelt Wasserf\u00e4lle in Eisskulpturen.<\/p>\n<p>Dieses Buch f\u00fchrt mit 50 Klassikern und Geheimtipps an Gew\u00e4sser in verschiedenen Regionen der Schweizer Alpen. Atmosph\u00e4rische Bilder und Erz\u00e4hlungen zu Geschichte, Geologie, Kultur und Kulinarik wecken die Vorfreude auf sch\u00f6ne Wandertage. Dank der detaillierten Tourenbeschriebe ist man sicher unterwegs. Ein unverzichtbares Buch f\u00fcr Wanderinnen, Naturfreunde und Familien, die das Wasser lieben.<\/p>\n<p>Belebende Entspannung an stillen Seen und brausenden B\u00e4chen.<br \/>\n50 top-recherchierte Routen. Dem Wasser entlang durch die Schweizer Alpen.<br \/>\nGeschichten zu Menschen, Kultur und historischen Hintergr\u00fcnden.<\/p>\n<p>1. Auflage, 2021; Einband: Broschur mit Klappe<br \/>\nUmfang: 272 Seiten<br \/>\nFormat: 14.5 cm x 22 cm<\/p>","protected":false},"excerpt":{"rendered":"<p>Ob st\u00e4ubender Wasserfall, pl\u00e4tschernder Bergbach oder stiller Bergsee \u2013 Touren am Wasser versprechen Erholung pur und sind zu jeder Jahreszeit reizvoll: B\u00e4che und Fl\u00fcsse beeindrucken im Fr\u00fchjahr nach der Schneeschmelze, im Hochsommer verf\u00fchren kleine Seelein zu einem beherzten Sprung ins Nass. Im Herbst sind die Stauseen prall gef\u00fcllt und der Winter verwandelt Wasserf\u00e4lle in Eisskulpturen. [&#8230;]\n","protected":false},"featured_media":157745,"template":"","meta":[],"product_brand":[],"product_cat":[21605],"product_tag":[],"class_list":{"0":"post-157744","1":"product","2":"type-product","3":"status-publish","4":"has-post-thumbnail","6":"product_cat-wanderfuehrer-trekking","7":"pa_autor-degen-kilp","8":"pa_erscheinungsjahr-25440","9":"pa_region-schweiz","10":"pa_sprache-de","12":"first","13":"instock","14":"taxable","15":"shipping-taxable","16":"purchasable","17":"product-type-simple"},"_links":{"self":[{"href":"https:\/\/pizbube.ch\/en\/wp-json\/wp\/v2\/product\/157744","targetHints":{"allow":["GET"]}}],"collection":[{"href":"https:\/\/pizbube.ch\/en\/wp-json\/wp\/v2\/product"}],"about":[{"href":"https:\/\/pizbube.ch\/en\/wp-json\/wp\/v2\/types\/product"}],"wp:featuredmedia":[{"embeddable":true,"href":"https:\/\/pizbube.ch\/en\/wp-json\/wp\/v2\/media\/157745"}],"wp:attachment":[{"href":"https:\/\/pizbube.ch\/en\/wp-json\/wp\/v2\/media?parent=157744"}],"wp:term":[{"taxonomy":"product_brand","embeddable":true,"href":"https:\/\/pizbube.ch\/en\/wp-json\/wp\/v2\/product_brand?post=157744"},{"taxonomy":"product_cat","embeddable":true,"href":"https:\/\/pizbube.ch\/en\/wp-json\/wp\/v2\/product_cat?post=157744"},{"taxonomy":"product_tag","embeddable":true,"href":"https:\/\/pizbube.ch\/en\/wp-json\/wp\/v2\/product_tag?post=157744"}],"curies":[{"name":"wp","href":"https:\/\/api.w.org\/{rel}","templated":true}]}}