{"id":157847,"date":"2021-07-01T12:09:21","date_gmt":"2021-07-01T10:09:21","guid":{"rendered":"https:\/\/pizbube.ch\/?post_type=product&#038;p=157847"},"modified":"2026-03-27T11:55:26","modified_gmt":"2026-03-27T10:55:26","slug":"deep-water-solo-en-provence","status":"publish","type":"product","link":"https:\/\/pizbube.ch\/en\/shop\/deep-water-solo-en-provence\/","title":{"rendered":"Deep Water Solo en Provence"},"content":{"rendered":"<p>Ce topo-guide pr\u00e9sente une s\u00e9lection de sites proven\u00e7aux adapt\u00e9s \u00e0 la pratique de l\u2019escalade en solo au-dessus de l\u2019eau. Partez \u00e0 la d\u00e9couverte de cette activit\u00e9 ludique et accessible \u00e0 tous, d\u00e9butants ou confirm\u00e9s. Ce guide d\u00e9taille pour chacun des 30 sites r\u00e9partis entre Marseille et Cannes, les acc\u00e8s, l\u2019historique et le trac\u00e9 des voies. Il pr\u00e9sente \u00e9galement, sous forme de photos l\u00e9gend\u00e9es, les trac\u00e9s et les cotations de la plupart des lignes r\u00e9pertori\u00e9es \u00e0 ce jour dans chacun des sites.<\/p>\n<p>Bonne grimpe les pieds dans l\u2019eau\u2009!<\/p>\n<p>Spots r\u00e9pertori\u00e9s\u2009: C\u00f4te Bleue, Calanques (les Goudes, Sormiou, Cap Morgiou, Sugiton, En-Vau, Port-Miou), La Ciotat, Port d\u2019Alon, Anse de San Peyre, presqu\u2019\u00eele de Giens, \u00eele de Porquerolles, et enfin le massif de l\u2019Est\u00e9rel.<\/p>\n<p>Auteurs : Nicholas Armstrong et Olivier du Chastel, membres du Club Alpin Fran\u00e7ais de Marseille Provence et initiateurs dipl\u00f4m\u00e9s de la FFCAM, se sont rencontr\u00e9s sur les parois des Calanques. C\u2019est de leur pratique partag\u00e9e de l\u2019escalade en grandes voies et au-dessus de l\u2019eau, ainsi que de leur fort attrait pour les Calanques et alentours, qu\u2019est n\u00e9 ce projet de topoguide et de r\u00e9f\u00e9rencement des principales lignes de Deep Water Soloing sur la c\u00f4te proven\u00e7ale.<\/p>\n<p>&nbsp;<\/p>\n<p>Topo Guidebook for Deep Water Soloing in the Provence,<br \/>\nThe following spots are described:<br \/>\nC\u00f4te Bleue, Calanques (les Goudes, Sormiou, Cap Morgiou, Sugiton, En-Vau, Port-Miou), La Ciotat, Port d\u2019Alon, Anse de San Peyre, presqu\u2019\u00eele de Giens, \u00eele de Porquerolles, et enfin le massif de l\u2019Est\u00e9rel.<\/p>\n<p>315 pages; 2021 edition<\/p>","protected":false},"excerpt":{"rendered":"<p>Ce topo-guide pr\u00e9sente une s\u00e9lection de sites proven\u00e7aux adapt\u00e9s \u00e0 la pratique de l\u2019escalade en solo au-dessus de l\u2019eau. Partez \u00e0 la d\u00e9couverte de cette activit\u00e9 ludique et accessible \u00e0 tous, d\u00e9butants ou confirm\u00e9s. Ce guide d\u00e9taille pour chacun des 30 sites r\u00e9partis entre Marseille et Cannes, les acc\u00e8s, l\u2019historique et le trac\u00e9 des voies. [&#8230;]\n","protected":false},"featured_media":157848,"template":"","meta":[],"product_brand":[],"product_cat":[21539],"product_tag":[],"class_list":{"0":"post-157847","1":"product","2":"type-product","3":"status-publish","4":"has-post-thumbnail","6":"product_cat-fuehrerliteratur-sportklettern-bouldern","7":"pa_autor-armstrong-du-chastel","8":"pa_erscheinungsjahr-25440","9":"pa_region-frankreich","10":"pa_sprache-fr-en-2","12":"first","13":"instock","14":"taxable","15":"shipping-taxable","16":"purchasable","17":"product-type-simple"},"_links":{"self":[{"href":"https:\/\/pizbube.ch\/en\/wp-json\/wp\/v2\/product\/157847","targetHints":{"allow":["GET"]}}],"collection":[{"href":"https:\/\/pizbube.ch\/en\/wp-json\/wp\/v2\/product"}],"about":[{"href":"https:\/\/pizbube.ch\/en\/wp-json\/wp\/v2\/types\/product"}],"wp:featuredmedia":[{"embeddable":true,"href":"https:\/\/pizbube.ch\/en\/wp-json\/wp\/v2\/media\/157848"}],"wp:attachment":[{"href":"https:\/\/pizbube.ch\/en\/wp-json\/wp\/v2\/media?parent=157847"}],"wp:term":[{"taxonomy":"product_brand","embeddable":true,"href":"https:\/\/pizbube.ch\/en\/wp-json\/wp\/v2\/product_brand?post=157847"},{"taxonomy":"product_cat","embeddable":true,"href":"https:\/\/pizbube.ch\/en\/wp-json\/wp\/v2\/product_cat?post=157847"},{"taxonomy":"product_tag","embeddable":true,"href":"https:\/\/pizbube.ch\/en\/wp-json\/wp\/v2\/product_tag?post=157847"}],"curies":[{"name":"wp","href":"https:\/\/api.w.org\/{rel}","templated":true}]}}