{"id":157863,"date":"2021-07-02T11:01:52","date_gmt":"2021-07-02T09:01:52","guid":{"rendered":"https:\/\/pizbube.ch\/?post_type=product&#038;p=157863"},"modified":"2023-07-05T12:00:57","modified_gmt":"2023-07-05T10:00:57","slug":"topo-blocs-ailefroide-entraygues","status":"publish","type":"product","link":"https:\/\/pizbube.ch\/en\/shop\/topo-blocs-ailefroide-entraygues\/","title":{"rendered":"Topo blocs Ailefroide + Entraygues"},"content":{"rendered":"<p>Topo des blocs Ailefroide\/Entraygues (\u00e9dition fran\u00e7aise)<\/p>\n<p>La nouvelle \u00e9dition du topo des blocs int\u00e9grant :<br \/>\nNouveaux secteurs (glacier noir, Entraygues), Derni\u00e8res Ouvertures a jour, Point GPS des secteurs.<\/p>\n<p>Haut lieu de bloc en France avec Fontainebleau, Ailefroide est un site id\u00e9al pour grimper en \u00e9t\u00e9, et il y en a pour tous les niveaux ! Ce n&#8217;est pas un hasard si les ouvreurs se sont attaqu\u00e9s \u00e0 cette destination. Ces derni\u00e8res ann\u00e9es, le site a continu\u00e9 \u00e0 se d\u00e9velopper sous l\u2019impulsion des locaux mais aussi des vacanciers (Manu Marques, les Lod\u00e9vois, etc). Il \u00e9tait donc temps de sortir un nouveau topo ! Vous trouverez dans cette \u00e9dition 2021 la description de 17 secteurs, de nombreux croquis de localisation, des passages photographi\u00e9s en couleur et les blocs d&#8217;Entraygues !<\/p>\n<p>Nouvelle \u00e9dition 2021<br \/>\n<strong><a href=\"https:\/\/pizbube.ch\/en\/shop\/boulder-guide-ailefroide-entraygues\/\" target=\"_blank\" rel=\"noopener\">(Version Anglaise disponible<\/a><\/strong>)<\/p>","protected":false},"excerpt":{"rendered":"<p>Topo des blocs Ailefroide\/Entraygues (\u00e9dition fran\u00e7aise) La nouvelle \u00e9dition du topo des blocs int\u00e9grant : Nouveaux secteurs (glacier noir, Entraygues), Derni\u00e8res Ouvertures a jour, Point GPS des secteurs. Haut lieu de bloc en France avec Fontainebleau, Ailefroide est un site id\u00e9al pour grimper en \u00e9t\u00e9, et il y en a pour tous les niveaux ! [&#8230;]\n","protected":false},"featured_media":157864,"template":"","meta":[],"product_brand":[],"product_cat":[21539],"product_tag":[],"class_list":{"0":"post-157863","1":"product","2":"type-product","3":"status-publish","4":"has-post-thumbnail","6":"product_cat-fuehrerliteratur-sportklettern-bouldern","7":"pa_autor-team-les-collets","8":"pa_erscheinungsjahr-25440","9":"pa_region-frankreich","10":"pa_sprache-fr","12":"first","13":"instock","14":"taxable","15":"shipping-taxable","16":"purchasable","17":"product-type-simple"},"_links":{"self":[{"href":"https:\/\/pizbube.ch\/en\/wp-json\/wp\/v2\/product\/157863","targetHints":{"allow":["GET"]}}],"collection":[{"href":"https:\/\/pizbube.ch\/en\/wp-json\/wp\/v2\/product"}],"about":[{"href":"https:\/\/pizbube.ch\/en\/wp-json\/wp\/v2\/types\/product"}],"wp:featuredmedia":[{"embeddable":true,"href":"https:\/\/pizbube.ch\/en\/wp-json\/wp\/v2\/media\/157864"}],"wp:attachment":[{"href":"https:\/\/pizbube.ch\/en\/wp-json\/wp\/v2\/media?parent=157863"}],"wp:term":[{"taxonomy":"product_brand","embeddable":true,"href":"https:\/\/pizbube.ch\/en\/wp-json\/wp\/v2\/product_brand?post=157863"},{"taxonomy":"product_cat","embeddable":true,"href":"https:\/\/pizbube.ch\/en\/wp-json\/wp\/v2\/product_cat?post=157863"},{"taxonomy":"product_tag","embeddable":true,"href":"https:\/\/pizbube.ch\/en\/wp-json\/wp\/v2\/product_tag?post=157863"}],"curies":[{"name":"wp","href":"https:\/\/api.w.org\/{rel}","templated":true}]}}