{"id":157912,"date":"2021-07-07T09:30:03","date_gmt":"2021-07-07T07:30:03","guid":{"rendered":"https:\/\/pizbube.ch\/?post_type=product&#038;p=157912"},"modified":"2025-02-26T11:31:39","modified_gmt":"2025-02-26T10:31:39","slug":"berge-im-kopf-kopie","status":"publish","type":"product","link":"https:\/\/pizbube.ch\/en\/shop\/berge-im-kopf-kopie\/","title":{"rendered":"Berge im Kopf &#8211; Die Geschichte einer Faszination"},"content":{"rendered":"<p>Ob keuchend beim steilen Aufstieg auf einem Wanderweg, oder nach gef\u00e4hrlichen<br \/>\nMomenten in der Felswand, wohl jeder stellt sich einmal die Frage, weshalb es<br \/>\nihn immer wieder auf die Berge zieht. Der schottische Autor Macfarlane sp\u00fcrt<br \/>\nden Gr\u00fcnden in einer abwechslungs- reichen Kombination von Alpin-,<br \/>\nWissenschafts- und Kulturgeschichte nach, die er seinem eigenen Erleben<br \/>\ngegen\u00fcberstellt. Er nimmt den Leser mit auf eine abenteuerliche Reise durch<br \/>\ndie Jahrhunderte, bietet Identifikationsm\u00f6glichkeiten und nicht zuletzt<br \/>\nliterarisches Vergn\u00fcgen.<\/p>\n<p>Dabei greift er auf einen breiten Wissens- schatz aus Geologie,<br \/>\nVermessungskunde, Glaziologie, darstellender Kunst, Psychologie, Literatur,<br \/>\nPhilosophie und Religion zur\u00fcck. Macfarlane verdeutlicht, dass Berge ein<br \/>\nsch\u00f6pferisches Bed\u00fcrfnis des westlichen Menschen erf\u00fcllen, uns in Frage<br \/>\nstellen, uns staunen lassen und macht damit die Faszination des Bergsteigens<br \/>\nnachvollziehbar.<\/p>\n<p>Gipfel zu besteigen ist eine kulturelle Erfindung, die vor dreihundert Jahren<br \/>\nbegann und nicht nur spektakul\u00e4re Blicke in j\u00e4he Abgr\u00fcnde bot, sondern auch in<br \/>\ndie nicht minder schwindelerregende Vergangenheit der Erde. In der Romantik<br \/>\nwandelten sich die Berge endg\u00fcltig vom gemiedenen Ort des Schreckens zu einem<br \/>\nder Anziehung. Die vermeintliche Heimat von Drachen wurde zum begehrten Ziel<br \/>\nmenschlichen &#8211; vor allem m\u00e4nnlichen &#8211; Forscherdrangs. Ob Naturwissenschaftler<br \/>\noder Abenteurer, ob Philosophen oder Poeten, sie alle versprachen sich in den<br \/>\neisigen, sauerstoffarmen H\u00f6hen unvergleichliche Erfahrungen und Erkenntnisse,<br \/>\nf\u00fcr die es sein Leben zu riskieren lohnt: der Sog von Macht und Angst, das<br \/>\nGef\u00fchl von Erhabenheit und das Erleben fragiler Sch\u00f6nheit.<\/p>\n<p>In seinem preisgekr\u00f6nten Deb\u00fct, das ihn schlagartig bekannt machte, folgt<br \/>\nRobert Macfarlane den Vorstellungswelten der bisweilen fatalen Faszination,<br \/>\ndie Auft\u00fcrmungen von Granit-, Basalt- und Kalksteinschichten bis heute in<br \/>\nMenschen ausl\u00f6sen, sodass sie nichts anderes mehr als Berge im Kopf haben. Wie<br \/>\nkein Zweiter wei\u00df Macfarlane, das eigene Erleben mit dem Gelesenen zu<br \/>\nverbinden. Anschaulich und ebenso belesen wie lebendig verbindet er die<br \/>\neigenen Klettererfahrungen mit den Berichten legend\u00e4rer Bergaufstiege, wie<br \/>\nbeispielsweise dem Versuch George Mallorys am Mount Everest, von dessen H\u00f6hen<br \/>\ndieser 1924 nicht wiederkommen wird. Drei Jahre vor seinem Tod schreibt er an<br \/>\nseine Frau Ruth: \u00bbDer Everest hat die steilsten Grate und die furchtbarsten<br \/>\nAbgr\u00fcnde, die ich je gesehen habe. Liebling &#8211; ich kann dir nicht beschreiben,<br \/>\nwie sehr er von mir Besitz ergriffen hat.\u00ab<\/p>\n<p>318 Seiten, gebunden<\/p>","protected":false},"excerpt":{"rendered":"<ul>\n<li><strong>PDF <a href=\"https:\/\/pizbube.ch\/wp-content\/uploads\/2021\/01\/Leseprobe_berge-im-kopf.pdf\" target=\"_blank\" rel=\"noopener\">Leseprobe_berge-im-kopf<\/a><\/strong><\/li>\n<\/ul>","protected":false},"featured_media":158669,"template":"","meta":[],"product_brand":[],"product_cat":[21542],"product_tag":[],"class_list":{"0":"post-157912","1":"product","2":"type-product","3":"status-publish","4":"has-post-thumbnail","6":"product_cat-sachbuecher-dokumentationen","7":"pa_autor-macfarlane","8":"pa_erscheinungsjahr-25440","9":"pa_region-schweiz","10":"pa_sprache-de","12":"first","13":"onbackorder","14":"taxable","15":"shipping-taxable","16":"purchasable","17":"product-type-simple"},"_links":{"self":[{"href":"https:\/\/pizbube.ch\/en\/wp-json\/wp\/v2\/product\/157912","targetHints":{"allow":["GET"]}}],"collection":[{"href":"https:\/\/pizbube.ch\/en\/wp-json\/wp\/v2\/product"}],"about":[{"href":"https:\/\/pizbube.ch\/en\/wp-json\/wp\/v2\/types\/product"}],"wp:featuredmedia":[{"embeddable":true,"href":"https:\/\/pizbube.ch\/en\/wp-json\/wp\/v2\/media\/158669"}],"wp:attachment":[{"href":"https:\/\/pizbube.ch\/en\/wp-json\/wp\/v2\/media?parent=157912"}],"wp:term":[{"taxonomy":"product_brand","embeddable":true,"href":"https:\/\/pizbube.ch\/en\/wp-json\/wp\/v2\/product_brand?post=157912"},{"taxonomy":"product_cat","embeddable":true,"href":"https:\/\/pizbube.ch\/en\/wp-json\/wp\/v2\/product_cat?post=157912"},{"taxonomy":"product_tag","embeddable":true,"href":"https:\/\/pizbube.ch\/en\/wp-json\/wp\/v2\/product_tag?post=157912"}],"curies":[{"name":"wp","href":"https:\/\/api.w.org\/{rel}","templated":true}]}}