{"id":157964,"date":"2021-07-09T10:03:42","date_gmt":"2021-07-09T08:03:42","guid":{"rendered":"https:\/\/pizbube.ch\/?post_type=product&#038;p=157964"},"modified":"2024-02-28T11:10:43","modified_gmt":"2024-02-28T10:10:43","slug":"neige-glace-et-mixte-tome-2","status":"publish","type":"product","link":"https:\/\/pizbube.ch\/en\/shop\/neige-glace-et-mixte-tome-2\/","title":{"rendered":"neige, glace et mixte &#8211; Tome 2"},"content":{"rendered":"<p>La nouvelle \u00e9dition de Neige, glace et mixte tome 2, actualis\u00e9e, r\u00e9organis\u00e9e et augment\u00e9e!<\/p>\n<p>Trois bassins majeurs:<br \/>\n\u2013 G\u00e9ant \u2013 Vall\u00e9e Blanche<br \/>\n\u2013 Envers des Aiguilles<br \/>\n\u2013 Aiguilles de Chamonix<\/p>\n<p>Ce deuxi\u00e8me tome remodel\u00e9 rassemble 507 itin\u00e9raires r\u00e9partis sur les 3 bassins de la partie centrale du massif.<\/p>\n<p>Ouvrage de r\u00e9f\u00e9rence pour tout alpiniste fr\u00e9quentant le massif du Mont-Blanc,<br \/>\nNeige, Glace et Mixte occupe une place singuli\u00e8re dans le monde du topo en proposant un regard \u00e0 la fois synth\u00e9tique et exhaustif.<\/p>\n<p>Cette troisi\u00e8me \u00e9dition pr\u00e9sente un Neige, Glace et Mixte corrig\u00e9, r\u00e9organis\u00e9 et augment\u00e9.<br \/>\nUne actualisation indispensable pour tenir compte des \u00e9volutions du terrain, des ouvertures de nouveaux itin\u00e9raires et de l\u2019\u00e9volution des pratiques de l\u2019alpinisme.<\/p>\n<p>Avec le souci de pr\u00e9server la m\u00e9moire des parcours de nos a\u00een\u00e9s tout en soulignant le dynamisme de nos contemporains.<\/p>\n<p>Avec la minutie de situer aussi bien les cols, br\u00e8ches et autres ant\u00e9 cimes que de valoriser les grandes faces des sommets phares.<br \/>\nAvec la pr\u00e9occupation de d\u00e9crire des passages oubli\u00e9s autant que de mettre en lumi\u00e8re les voies r\u00e9centes.<\/p>\n<p>&nbsp;<\/p>","protected":false},"excerpt":{"rendered":"<p>La nouvelle \u00e9dition de Neige, glace et mixte tome 2, actualis\u00e9e, r\u00e9organis\u00e9e et augment\u00e9e! Trois bassins majeurs: \u2013 G\u00e9ant \u2013 Vall\u00e9e Blanche \u2013 Envers des Aiguilles \u2013 Aiguilles de Chamonix Ce deuxi\u00e8me tome remodel\u00e9 rassemble 507 itin\u00e9raires r\u00e9partis sur les 3 bassins de la partie centrale du massif. Ouvrage de r\u00e9f\u00e9rence pour tout alpiniste fr\u00e9quentant [&#8230;]\n","protected":false},"featured_media":157965,"template":"","meta":[],"product_brand":[],"product_cat":[21544,21540],"product_tag":[],"class_list":{"0":"post-157964","1":"product","2":"type-product","3":"status-publish","4":"has-post-thumbnail","6":"product_cat-fuehrerliteratur-alpin-sommer","7":"product_cat-fuehrerliteratur-alpin-winter","8":"pa_autor-damilano","9":"pa_erscheinungsjahr-25440","10":"pa_region-frankreich","11":"pa_sprache-fr","13":"first","14":"instock","15":"taxable","16":"shipping-taxable","17":"purchasable","18":"product-type-simple"},"_links":{"self":[{"href":"https:\/\/pizbube.ch\/en\/wp-json\/wp\/v2\/product\/157964","targetHints":{"allow":["GET"]}}],"collection":[{"href":"https:\/\/pizbube.ch\/en\/wp-json\/wp\/v2\/product"}],"about":[{"href":"https:\/\/pizbube.ch\/en\/wp-json\/wp\/v2\/types\/product"}],"wp:featuredmedia":[{"embeddable":true,"href":"https:\/\/pizbube.ch\/en\/wp-json\/wp\/v2\/media\/157965"}],"wp:attachment":[{"href":"https:\/\/pizbube.ch\/en\/wp-json\/wp\/v2\/media?parent=157964"}],"wp:term":[{"taxonomy":"product_brand","embeddable":true,"href":"https:\/\/pizbube.ch\/en\/wp-json\/wp\/v2\/product_brand?post=157964"},{"taxonomy":"product_cat","embeddable":true,"href":"https:\/\/pizbube.ch\/en\/wp-json\/wp\/v2\/product_cat?post=157964"},{"taxonomy":"product_tag","embeddable":true,"href":"https:\/\/pizbube.ch\/en\/wp-json\/wp\/v2\/product_tag?post=157964"}],"curies":[{"name":"wp","href":"https:\/\/api.w.org\/{rel}","templated":true}]}}