{"id":158033,"date":"2021-07-17T10:00:29","date_gmt":"2021-07-17T08:00:29","guid":{"rendered":"https:\/\/pizbube.ch\/?post_type=product&#038;p=158033"},"modified":"2022-08-18T09:05:43","modified_gmt":"2022-08-18T07:05:43","slug":"passland-viamala","status":"publish","type":"product","link":"https:\/\/pizbube.ch\/en\/shop\/passland-viamala\/","title":{"rendered":"Passland Viamala"},"content":{"rendered":"<p>Am Mittelpunkt der Landschaften zwischen dem n\u00f6rdlichen Reichenau und San Bernardino und Chiavenna im S\u00fcden liegt die Viamala. L\u00e4ngst ist die enge Schlucht, die der Hinterrhein \u00fcber Jahrtausende in die Felsschichten gegraben hat, kein \u00bbschlechter Weg\u00ab mehr. Durch k\u00fchne Br\u00fccken und Tunnel passierbar gemacht, ist sie heute nicht nur ein beliebter Touristenhalt \u2013 abseits des Transitverkehrs kann sie auch auf schmalem Pfad in wildem Gel\u00e4nde erwandert werden.<\/p>\n<p>Auf 20 Routen lassen sich das Haupttal und die Seitent\u00e4ler des Hinterrheins entdecken: Vom Zusammenfluss mit dem Vorderrhein bis hoch zu seinem Quellgebiet am Rheinwaldhorn geht es durchs milde Domleschg mit seinen Burgen und Obstg\u00e4rten \u00fcber den luftigen Heinzenberg bis hinauf auf den aussichtsreichen Piz Beverin, danach ins offene Schams. Es folgen das Hochtal Avers, die Roflaschlucht und schlie\u00dflich die rauen Winden ausgesetzten P\u00e4sse Spl\u00fcgen und San Bernardino.<\/p>\n<p>Hintergrundtexte und historische Bilddokumente thematisieren die spektakul\u00e4re Verkehrserschlie\u00dfung, die Nutzung der Wasserkraft, die seit langem biologische Landwirtschaft und die reiche Sprachkultur. Die wechselvolle Geschichte einzelner D\u00f6rfer, wie Feldis, Thusis, Andeer oder Spl\u00fcgen, wird in Portr\u00e4ts aufgezeigt.<\/p>\n<p>320 Seiten, 20.4 \u00d7 13.5 cm, Flexcover<br \/>\n1. Auflage 2021<\/p>\n<p>Mit Farbfotos, Routenskizzen und Serviceteil<br \/>\nMit GPS-Daten<\/p>","protected":false},"excerpt":{"rendered":"<p>Am Mittelpunkt der Landschaften zwischen dem n\u00f6rdlichen Reichenau und San Bernardino und Chiavenna im S\u00fcden liegt die Viamala. L\u00e4ngst ist die enge Schlucht, die der Hinterrhein \u00fcber Jahrtausende in die Felsschichten gegraben hat, kein \u00bbschlechter Weg\u00ab mehr. Durch k\u00fchne Br\u00fccken und Tunnel passierbar gemacht, ist sie heute nicht nur ein beliebter Touristenhalt \u2013 abseits des [&#8230;]\n","protected":false},"featured_media":158034,"template":"","meta":[],"product_brand":[],"product_cat":[21605],"product_tag":[],"class_list":{"0":"post-158033","1":"product","2":"type-product","3":"status-publish","4":"has-post-thumbnail","6":"product_cat-wanderfuehrer-trekking","7":"pa_autor-kruker-reich-simmen","8":"pa_erscheinungsjahr-25440","9":"pa_region-schweiz","10":"pa_sprache-de","12":"first","13":"instock","14":"taxable","15":"shipping-taxable","16":"purchasable","17":"product-type-simple"},"_links":{"self":[{"href":"https:\/\/pizbube.ch\/en\/wp-json\/wp\/v2\/product\/158033","targetHints":{"allow":["GET"]}}],"collection":[{"href":"https:\/\/pizbube.ch\/en\/wp-json\/wp\/v2\/product"}],"about":[{"href":"https:\/\/pizbube.ch\/en\/wp-json\/wp\/v2\/types\/product"}],"wp:featuredmedia":[{"embeddable":true,"href":"https:\/\/pizbube.ch\/en\/wp-json\/wp\/v2\/media\/158034"}],"wp:attachment":[{"href":"https:\/\/pizbube.ch\/en\/wp-json\/wp\/v2\/media?parent=158033"}],"wp:term":[{"taxonomy":"product_brand","embeddable":true,"href":"https:\/\/pizbube.ch\/en\/wp-json\/wp\/v2\/product_brand?post=158033"},{"taxonomy":"product_cat","embeddable":true,"href":"https:\/\/pizbube.ch\/en\/wp-json\/wp\/v2\/product_cat?post=158033"},{"taxonomy":"product_tag","embeddable":true,"href":"https:\/\/pizbube.ch\/en\/wp-json\/wp\/v2\/product_tag?post=158033"}],"curies":[{"name":"wp","href":"https:\/\/api.w.org\/{rel}","templated":true}]}}