{"id":158058,"date":"2021-07-20T09:54:43","date_gmt":"2021-07-20T07:54:43","guid":{"rendered":"https:\/\/pizbube.ch\/?post_type=product&#038;p=158058"},"modified":"2024-06-14T11:03:48","modified_gmt":"2024-06-14T09:03:48","slug":"aiguilles-dorees-traversee-e-w","status":"publish","type":"product","link":"https:\/\/pizbube.ch\/en\/shop\/aiguilles-dorees-traversee-e-w\/","title":{"rendered":"aiguilles dor\u00e9es &#8211; Travers\u00e9e E-W (Fiche granite 8)"},"content":{"rendered":"<p>Fiche granite 8: &#171;Travers\u00e9e des Dor\u00e9es&#187;<\/p>\n<p>Bient\u00f4t donc, vous pourrez vous engager plus sereinement dans cette course mag<span class=\"text_exposed_show\">nifique, longue et engag\u00e9e, avec une description ultra pr\u00e9cise et illustr\u00e9e!<br \/>\n<\/span><\/p>\n<div class=\"text_exposed_show\">\n<p>Entre autres, le croquis principal se &#171;d\u00e9pliera&#187; sur 4 feuillets (soit&#8230; 46 cm de largeur), et un texte explicatif se rapportera \u00e0 chaque section.<br \/>\nCette travers\u00e9e est parfois le r\u00eave de la vie d&#8217;un alpiniste et, pour l&#8217;avoir (enfin) parcourue, je vous confirme que son aura est en rien imm\u00e9rit\u00e9e.<\/p>\n<\/div>\n<p>This is the &#171;up-to-date&#187; topo for the famous traverse of the Aiguilles Dor\u00e9es from East to West.<\/p>","protected":false},"excerpt":{"rendered":"<p>Fiche granite 8: &#171;Travers\u00e9e des Dor\u00e9es&#187; Bient\u00f4t donc, vous pourrez vous engager plus sereinement dans cette course magnifique, longue et engag\u00e9e, avec une description ultra pr\u00e9cise et illustr\u00e9e! Entre autres, le croquis principal se &#171;d\u00e9pliera&#187; sur 4 feuillets (soit&#8230; 46 cm de largeur), et un texte explicatif se rapportera \u00e0 chaque section. Cette travers\u00e9e est [&#8230;]\n","protected":false},"featured_media":158059,"template":"","meta":[],"product_brand":[],"product_cat":[21544],"product_tag":[27439],"class_list":{"0":"post-158058","1":"product","2":"type-product","3":"status-publish","4":"has-post-thumbnail","6":"product_cat-fuehrerliteratur-alpin-sommer","7":"product_tag-fiches-granite","8":"pa_autor-piola","9":"pa_erscheinungsjahr-25440","10":"pa_region-schweiz","11":"pa_sprache-fr-en-2","13":"first","14":"instock","15":"taxable","16":"shipping-taxable","17":"purchasable","18":"product-type-simple"},"_links":{"self":[{"href":"https:\/\/pizbube.ch\/en\/wp-json\/wp\/v2\/product\/158058","targetHints":{"allow":["GET"]}}],"collection":[{"href":"https:\/\/pizbube.ch\/en\/wp-json\/wp\/v2\/product"}],"about":[{"href":"https:\/\/pizbube.ch\/en\/wp-json\/wp\/v2\/types\/product"}],"wp:featuredmedia":[{"embeddable":true,"href":"https:\/\/pizbube.ch\/en\/wp-json\/wp\/v2\/media\/158059"}],"wp:attachment":[{"href":"https:\/\/pizbube.ch\/en\/wp-json\/wp\/v2\/media?parent=158058"}],"wp:term":[{"taxonomy":"product_brand","embeddable":true,"href":"https:\/\/pizbube.ch\/en\/wp-json\/wp\/v2\/product_brand?post=158058"},{"taxonomy":"product_cat","embeddable":true,"href":"https:\/\/pizbube.ch\/en\/wp-json\/wp\/v2\/product_cat?post=158058"},{"taxonomy":"product_tag","embeddable":true,"href":"https:\/\/pizbube.ch\/en\/wp-json\/wp\/v2\/product_tag?post=158058"}],"curies":[{"name":"wp","href":"https:\/\/api.w.org\/{rel}","templated":true}]}}