{"id":158087,"date":"2021-07-23T10:04:54","date_gmt":"2021-07-23T08:04:54","guid":{"rendered":"https:\/\/pizbube.ch\/?post_type=product&#038;p=158087"},"modified":"2025-05-02T16:17:11","modified_gmt":"2025-05-02T14:17:11","slug":"toskana-hohe-waende","status":"publish","type":"product","link":"https:\/\/pizbube.ch\/en\/shop\/toskana-hohe-waende\/","title":{"rendered":"TOSKANA &#8211; Hohe W\u00e4nde"},"content":{"rendered":"<p>221 klassische und moderne Routen zwischen den Apuanischen Alpen und dem Argentario<\/p>\n<div class=\"page\" title=\"Page 1\">\n<div class=\"section\">\n<div class=\"layoutArea\">\n<div class=\"column\">\n<div class=\"\">\n<div class=\"\">Die Toskana, das bedeutet bei den meisten Kunst, H\u00fcgellandschaften, Chianti, Meer und Inseln, und die Apuanen verbindet man meist mit den typischen Marmorsteinbr\u00fcchen.<\/div>\n<\/div>\n<\/div>\n<\/div>\n<\/div>\n<\/div>\n<p>F\u00fcr alle, die in der Toskana und den Apuanen klettern wollen, gibt es hier nicht nur die ber\u00fchmten Kletterg\u00e4rten von Camaiore, sondern auch wilde T\u00e4ler im Schatten hoher W\u00e4nde, die Zeugen der alpinen Geschichte dieser Region sind. Eine Geschichte, die wach ist und sich stets erneuert, mit neuen eingebohrten Routen, die sich mit den klassischen Touren abwechseln. Einige Linien verlaufen in unber\u00fchrten Naturlandschaften, andere zwischen der Zerst\u00f6rung, die die Marmorsteinbr\u00fcche vorantreiben. Viele dieser Routen tragen ber\u00fchmte Namen und sind Teil des jahrzehntelangen Kampfes gegen die zerst\u00f6rerische Kraft des Bergbaus.<\/p>\n<p>Von den 1000 m der Nordwand des <em>Pizzo<\/em> <em>d\u2019Uccello<\/em> \u00fcber die modernen Routen am <em>Monte<\/em> <em>Procinto<\/em> bis hin zu den schwierigen Linien in den beeindruckenden W\u00e4nden des <em>Nona<\/em>. Diese Reise zwischen Meer und Felsen wird euch zu den W\u00e4nden des Argentario hoch \u00fcber dem Meer f\u00fchren und ihr werdet die Toskana von Nord nach S\u00fcd ganz neu kennenlernen.<\/p>\n<p>1. Auflage 2021;<br \/>\n208 Seiten<\/p>","protected":false},"excerpt":{"rendered":"<p>221 klassische und moderne Routen zwischen den Apuanischen Alpen und dem Argentario Die Toskana, das bedeutet bei den meisten Kunst, H\u00fcgellandschaften, Chianti, Meer und Inseln, und die Apuanen verbindet man meist mit den typischen Marmorsteinbr\u00fcchen. F\u00fcr alle, die in der Toskana und den Apuanen klettern wollen, gibt es hier nicht nur die ber\u00fchmten Kletterg\u00e4rten von [&#8230;]\n","protected":false},"featured_media":158088,"template":"","meta":[],"product_brand":[],"product_cat":[21539],"product_tag":[26921],"class_list":{"0":"post-158087","1":"product","2":"type-product","3":"status-publish","4":"has-post-thumbnail","6":"product_cat-fuehrerliteratur-sportklettern-bouldern","7":"product_tag-toscana","8":"pa_autor-gianetti","9":"pa_erscheinungsjahr-25440","10":"pa_region-italien","11":"pa_sprache-de","13":"first","14":"instock","15":"taxable","16":"shipping-taxable","17":"purchasable","18":"product-type-simple"},"_links":{"self":[{"href":"https:\/\/pizbube.ch\/en\/wp-json\/wp\/v2\/product\/158087","targetHints":{"allow":["GET"]}}],"collection":[{"href":"https:\/\/pizbube.ch\/en\/wp-json\/wp\/v2\/product"}],"about":[{"href":"https:\/\/pizbube.ch\/en\/wp-json\/wp\/v2\/types\/product"}],"wp:featuredmedia":[{"embeddable":true,"href":"https:\/\/pizbube.ch\/en\/wp-json\/wp\/v2\/media\/158088"}],"wp:attachment":[{"href":"https:\/\/pizbube.ch\/en\/wp-json\/wp\/v2\/media?parent=158087"}],"wp:term":[{"taxonomy":"product_brand","embeddable":true,"href":"https:\/\/pizbube.ch\/en\/wp-json\/wp\/v2\/product_brand?post=158087"},{"taxonomy":"product_cat","embeddable":true,"href":"https:\/\/pizbube.ch\/en\/wp-json\/wp\/v2\/product_cat?post=158087"},{"taxonomy":"product_tag","embeddable":true,"href":"https:\/\/pizbube.ch\/en\/wp-json\/wp\/v2\/product_tag?post=158087"}],"curies":[{"name":"wp","href":"https:\/\/api.w.org\/{rel}","templated":true}]}}