{"id":158100,"date":"2021-07-23T11:04:28","date_gmt":"2021-07-23T09:04:28","guid":{"rendered":"https:\/\/pizbube.ch\/?post_type=product&#038;p=158100"},"modified":"2024-04-24T08:54:58","modified_gmt":"2024-04-24T06:54:58","slug":"kletterfuehrer-mittelsachsen","status":"publish","type":"product","link":"https:\/\/pizbube.ch\/en\/shop\/kletterfuehrer-mittelsachsen\/","title":{"rendered":"Kletterf\u00fchrer Mittelsachsen"},"content":{"rendered":"<p><span class=\"value\">Die Kletterfelsen im s\u00e4chsischen St\u00e4dtedreieck Leipzig-Dresden-Chemnitz<\/span><\/p>\n<p>Mittelsachsen rockt! Waren die Felsgebiete an Zwickauer und Freiberger Mulde sowie Zschopau und Bobritzsch in der Vergangenheit nur ein \u00bbVorland\u00ab f\u00fcr die bedeutenden Kletterreviere Elbsandstein und Erzgebirge, so hat sich dieses Bild in den vergangenen Jahren radikal ge\u00e4ndert.<\/p>\n<p>Man hat die Traditionen des Elbsandsteins gr\u00f6\u00dftenteils abgestreift und mit besserer Absicherung, regelm\u00e4\u00dfiger Felspflege, Einrichtung der Neutouren von oben sowie der Verwendung von Magnesia hat das moderne Sportklettern Einzug gehalten im Herzen Sachsens.<\/p>\n<p>Die rasche Erreichbarkeit von den drei Metropolen des Landes Leipzig, Chemnitz und Dresden, die Familienfreundlichkeit sowie die schnelle Abtrocknung nach Regen tragen ma\u00dfgeblich zur Popularit\u00e4t der Gebiete bei. Ein Highlight ist das \u00fcberwiegend neue Klettergebiet Mittweida mit Traumlinien bis 35 Meter L\u00e4nge!<\/p>\n<p>Autoren: Lutz Zybell, Gerald Krug, Tom Ehrig, Ingo R\u00f6ger<br \/>\n224 Seiten, Deutsch und Englisch, Fototopos, viele Karten<br \/>\nPanoramaaufnahmen, Routenkommentare, Insiderinfos, Naturschutzbelange<\/p>","protected":false},"excerpt":{"rendered":"<p>Die Kletterfelsen im s\u00e4chsischen St\u00e4dtedreieck Leipzig-Dresden-Chemnitz Mittelsachsen rockt! Waren die Felsgebiete an Zwickauer und Freiberger Mulde sowie Zschopau und Bobritzsch in der Vergangenheit nur ein \u00bbVorland\u00ab f\u00fcr die bedeutenden Kletterreviere Elbsandstein und Erzgebirge, so hat sich dieses Bild in den vergangenen Jahren radikal ge\u00e4ndert. Man hat die Traditionen des Elbsandsteins gr\u00f6\u00dftenteils abgestreift und mit besserer [&#8230;]\n","protected":false},"featured_media":158101,"template":"","meta":[],"product_brand":[],"product_cat":[21539],"product_tag":[],"class_list":{"0":"post-158100","1":"product","2":"type-product","3":"status-publish","4":"has-post-thumbnail","6":"product_cat-fuehrerliteratur-sportklettern-bouldern","7":"pa_autor-zybell-krug-ehrig-roeger","8":"pa_erscheinungsjahr-25440","9":"pa_region-deutschland","10":"pa_sprache-de","12":"first","13":"onbackorder","14":"taxable","15":"shipping-taxable","16":"purchasable","17":"product-type-simple"},"_links":{"self":[{"href":"https:\/\/pizbube.ch\/en\/wp-json\/wp\/v2\/product\/158100","targetHints":{"allow":["GET"]}}],"collection":[{"href":"https:\/\/pizbube.ch\/en\/wp-json\/wp\/v2\/product"}],"about":[{"href":"https:\/\/pizbube.ch\/en\/wp-json\/wp\/v2\/types\/product"}],"wp:featuredmedia":[{"embeddable":true,"href":"https:\/\/pizbube.ch\/en\/wp-json\/wp\/v2\/media\/158101"}],"wp:attachment":[{"href":"https:\/\/pizbube.ch\/en\/wp-json\/wp\/v2\/media?parent=158100"}],"wp:term":[{"taxonomy":"product_brand","embeddable":true,"href":"https:\/\/pizbube.ch\/en\/wp-json\/wp\/v2\/product_brand?post=158100"},{"taxonomy":"product_cat","embeddable":true,"href":"https:\/\/pizbube.ch\/en\/wp-json\/wp\/v2\/product_cat?post=158100"},{"taxonomy":"product_tag","embeddable":true,"href":"https:\/\/pizbube.ch\/en\/wp-json\/wp\/v2\/product_tag?post=158100"}],"curies":[{"name":"wp","href":"https:\/\/api.w.org\/{rel}","templated":true}]}}