{"id":158111,"date":"2021-07-23T14:42:38","date_gmt":"2021-07-23T12:42:38","guid":{"rendered":"https:\/\/pizbube.ch\/?post_type=product&#038;p=158111"},"modified":"2024-07-06T13:05:44","modified_gmt":"2024-07-06T11:05:44","slug":"klettergaerten-in-cortina-sport-climbing-in-cortina-falesie-a-cortina-dampezzo-2","status":"publish","type":"product","link":"https:\/\/pizbube.ch\/en\/shop\/klettergaerten-in-cortina-sport-climbing-in-cortina-falesie-a-cortina-dampezzo-2\/","title":{"rendered":"Kletterg\u00e4rten in Cortina \/ Sport Climbing in Cortina \/ Falesie a Cortina d&#8217;Ampezzo"},"content":{"rendered":"<p>28 Kletterg\u00e4rten mit total \u00fcber 1\u2019000 Routen rund um Cortina d\u2019Ampezzo sind<br \/>\nbeschrieben:<\/p>\n<p>Son Pouses, Rio Gere, Crepo Longo, Sasso di Colfiere, La Lavagna, Volpera, Campo, Crepe di Pant\u00e8i, In p\u00f2 crepa, Crepe de Oucera Bassi, Crepe de Oucera Alti, Beco d&#8217;Ajal, Croda da Lago, Cinque Torri, Duca, Piccolo Lagazuoi, Sass de Stria, Setsas, Salares, San Bodo, Salares, Nasswand, Val Rienza, Franchi, Val di Landro, Lago di Landro, Stuube, Geierwand, Landro Classica, Grottone.<\/p>\n<p>Fototopof\u00fchrer, 352 Seiten;<br \/>\n2. Auflage 2021<\/p>\n<p>Cortina is a vast, modern bolted rock climbing area in a stunning natural setting. In this guidebook there are 28 sites and over 1,000 routes. Some<br \/>\ncrags are suitable for beginners and others are adapted for more experienced climbers. Most of the crags are single pitch \u2013 the multi-pitch routes are<br \/>\nmainly concentrated on the tower walls of Cinque Torri. Together with Crepe de Oucera, Cinque Torri has the most climbs, although Landro also offers a broad<br \/>\nrange of sports routes.<\/p>\n<p>Easier routes tend to be concentrated at Po Crepa, Sass de Stria, Lagazuoi, some parts of Cinque Torri, Landro Classica, Crepe de Oucera, Bassi and Val Rienza.<\/p>\n<p>This guidebook is in Italian, German and English with drawn and photo topos.<br \/>\n2nd edition 2021; 352 pages<\/p>\n<p>L&#8217;arrampicata nella Conca Ampezzana, cos\u00ec come negli altri siti, ha sub\u00ecto negli ultimi anni un&#8217;evoluzione sorprendente, sia nella qualit\u00e0 e nella difficolt\u00e0 delle vie proposte, sia nella quantit\u00e0. Grazie alla dedizione e alla passione dei numerosi arrampicatori locali, sono nate numerose nuove falesie dando all&#8217;attivit\u00e0 una connotazione pi\u00f9 completa, ma dando, soprattutto, agli appassionati tante alternative di scoperta sia di luoghi che di rocce.<br \/>\n\u00c8 sicuramente il caso anche di Cortina d\u2019Ampezzo, luogo storico dell\u2019arrampicata.<\/p>\n<p>La guida, giunta ora alla seconda edizione, segue quelle pubblicate a firma di Roberto Casanova e degli stessi Scoiattoli, ormai esaurite, con una veste grafica totalmente rinnovata ma, soprattutto, con quanto di nuovo gli arrampicatori ampezzani hanno saputo ricavare dalle loro rocce pi\u00f9 belle.<\/p>\n<p>La guida contiene le falesie:<br \/>\nSon Pouses, Rio Gere, Crepo Longo, Sasso di Colfiere, La Lavagna, Volpera, Campo, Crepe di Pant\u00e8i, In p\u00f2 crepa, Crepe de Oucera Bassi, Crepe de Oucera Alti, Beco d&#8217;Ajal, Croda da Lago, Cinque Torri, Duca, Piccolo Lagazuoi, Sass de Stria, Setsas, Salares, San Bodo, Salares, Nasswand, Val Rienza, Franchi, Val di Landro, Lago di Landro, Stuube, Geierwand, Landro Classica, Grottone.<\/p>\n<p>2d edizione 2021;<br \/>\n352 pagine<\/p>\n<p><span style=\"font-size: small\">\u00a0<\/span><\/p>","protected":false},"excerpt":{"rendered":"<p>28 Kletterg\u00e4rten mit total \u00fcber 1\u2019000 Routen rund um Cortina d\u2019Ampezzo sind beschrieben: Son Pouses, Rio Gere, Crepo Longo, Sasso di Colfiere, La Lavagna, Volpera, Campo, Crepe di Pant\u00e8i, In p\u00f2 crepa, Crepe de Oucera Bassi, Crepe de Oucera Alti, Beco d&#8217;Ajal, Croda da Lago, Cinque Torri, Duca, Piccolo Lagazuoi, Sass de Stria, Setsas, Salares, [&#8230;]\n","protected":false},"featured_media":162624,"template":"","meta":[],"product_brand":[],"product_cat":[21539],"product_tag":[],"class_list":{"0":"post-158111","1":"product","2":"type-product","3":"status-publish","4":"has-post-thumbnail","6":"product_cat-fuehrerliteratur-sportklettern-bouldern","7":"pa_autor-gruppo-scoiattoli","8":"pa_erscheinungsjahr-25440","9":"pa_region-italien","10":"pa_sprache-de-en-it","12":"first","13":"instock","14":"taxable","15":"shipping-taxable","16":"purchasable","17":"product-type-simple"},"_links":{"self":[{"href":"https:\/\/pizbube.ch\/en\/wp-json\/wp\/v2\/product\/158111","targetHints":{"allow":["GET"]}}],"collection":[{"href":"https:\/\/pizbube.ch\/en\/wp-json\/wp\/v2\/product"}],"about":[{"href":"https:\/\/pizbube.ch\/en\/wp-json\/wp\/v2\/types\/product"}],"wp:featuredmedia":[{"embeddable":true,"href":"https:\/\/pizbube.ch\/en\/wp-json\/wp\/v2\/media\/162624"}],"wp:attachment":[{"href":"https:\/\/pizbube.ch\/en\/wp-json\/wp\/v2\/media?parent=158111"}],"wp:term":[{"taxonomy":"product_brand","embeddable":true,"href":"https:\/\/pizbube.ch\/en\/wp-json\/wp\/v2\/product_brand?post=158111"},{"taxonomy":"product_cat","embeddable":true,"href":"https:\/\/pizbube.ch\/en\/wp-json\/wp\/v2\/product_cat?post=158111"},{"taxonomy":"product_tag","embeddable":true,"href":"https:\/\/pizbube.ch\/en\/wp-json\/wp\/v2\/product_tag?post=158111"}],"curies":[{"name":"wp","href":"https:\/\/api.w.org\/{rel}","templated":true}]}}