{"id":158116,"date":"2021-07-23T15:06:45","date_gmt":"2021-07-23T13:06:45","guid":{"rendered":"https:\/\/pizbube.ch\/?post_type=product&#038;p=158116"},"modified":"2024-10-11T15:58:12","modified_gmt":"2024-10-11T13:58:12","slug":"selvaggio-blu-und-umgebung","status":"publish","type":"product","link":"https:\/\/pizbube.ch\/en\/shop\/selvaggio-blu-und-umgebung\/","title":{"rendered":"Selvaggio Blu und Umgebung"},"content":{"rendered":"<p><span class=\"value\">41 Wanderungen und 2 Trekkingtouren<br \/>\nKarte 1:15.000<\/span><\/p>\n<p>Der F\u00fchrer beschreibt 41 Wanderungen in der Gegend des Supramonte von Baunei in Sardinien.<\/p>\n<p>Unter den meist unbekannten Routen gibt es auch zwei Trekkingtouren, z.B. der ber\u00fchmte Selvaggio Blu in der Version, die von Cical\u00f2 und Verin 1988 ausgedacht wurde. Die Wege verlaufen im Supramontegebiet von Baunei, dem K\u00fcstenstreifen zwischen Santa Maria Navarrese und Cala Gonone. Die Bandbreite reicht von leichten Wanderungen \u00fcber das Hochplateau Golgo bis zu erforschenden Touren, wo abschnittsweise geklettert werden muss. Urzeitliche, wilde Orte mit gro\u00dfartigen Ausblicken, die oft in malerischen Buchten ausklingen.<\/p>\n<p>Der F\u00fchrer beinhaltet extra angelegte topografische Karten im Ma\u00dfstab 1:15.000, GPS-Daten und zahlreiche Fotografien.<\/p>\n<p>174 Seiten<\/p>","protected":false},"excerpt":{"rendered":"<p>41 Wanderungen und 2 Trekkingtouren Karte 1:15.000 Der F\u00fchrer beschreibt 41 Wanderungen in der Gegend des Supramonte von Baunei in Sardinien. Unter den meist unbekannten Routen gibt es auch zwei Trekkingtouren, z.B. der ber\u00fchmte Selvaggio Blu in der Version, die von Cical\u00f2 und Verin 1988 ausgedacht wurde. Die Wege verlaufen im Supramontegebiet von Baunei, dem [&#8230;]\n","protected":false},"featured_media":158117,"template":"","meta":[],"product_brand":[],"product_cat":[21605],"product_tag":[26925],"class_list":{"0":"post-158116","1":"product","2":"type-product","3":"status-publish","4":"has-post-thumbnail","6":"product_cat-wanderfuehrer-trekking","7":"product_tag-selvaggioblu","8":"pa_autor-verin-castelli-cabras","9":"pa_erscheinungsjahr-21546","10":"pa_region-italien","11":"pa_sprache-de","13":"first","14":"instock","15":"taxable","16":"shipping-taxable","17":"purchasable","18":"product-type-simple"},"_links":{"self":[{"href":"https:\/\/pizbube.ch\/en\/wp-json\/wp\/v2\/product\/158116","targetHints":{"allow":["GET"]}}],"collection":[{"href":"https:\/\/pizbube.ch\/en\/wp-json\/wp\/v2\/product"}],"about":[{"href":"https:\/\/pizbube.ch\/en\/wp-json\/wp\/v2\/types\/product"}],"wp:featuredmedia":[{"embeddable":true,"href":"https:\/\/pizbube.ch\/en\/wp-json\/wp\/v2\/media\/158117"}],"wp:attachment":[{"href":"https:\/\/pizbube.ch\/en\/wp-json\/wp\/v2\/media?parent=158116"}],"wp:term":[{"taxonomy":"product_brand","embeddable":true,"href":"https:\/\/pizbube.ch\/en\/wp-json\/wp\/v2\/product_brand?post=158116"},{"taxonomy":"product_cat","embeddable":true,"href":"https:\/\/pizbube.ch\/en\/wp-json\/wp\/v2\/product_cat?post=158116"},{"taxonomy":"product_tag","embeddable":true,"href":"https:\/\/pizbube.ch\/en\/wp-json\/wp\/v2\/product_tag?post=158116"}],"curies":[{"name":"wp","href":"https:\/\/api.w.org\/{rel}","templated":true}]}}