{"id":158121,"date":"2021-07-23T16:03:47","date_gmt":"2021-07-23T14:03:47","guid":{"rendered":"https:\/\/pizbube.ch\/?post_type=product&#038;p=158121"},"modified":"2021-07-23T16:17:03","modified_gmt":"2021-07-23T14:17:03","slug":"wanderungen-in-cortina-und-misurina","status":"publish","type":"product","link":"https:\/\/pizbube.ch\/en\/shop\/wanderungen-in-cortina-und-misurina\/","title":{"rendered":"Wanderungen in Cortina und Misurina"},"content":{"rendered":"<p>Dieser F\u00fchrer setzt die Reihe fort, die den Wanderern gewidmet ist, welche die Sch\u00f6nheit der Landschaften und der Umgebung genie\u00dfen<br \/>\nund dabei gerne auf die Herausforderungen des Hochgebirges verzichten m\u00f6chten.<\/p>\n<p>Die Kapitel \u00fcber Misurina und die Drei Zinnen, ebenfalls ein Gebiet von au\u00dfergew\u00f6hnlicher Sch\u00f6nheit, erg\u00e4nzen den Band.<\/p>\n<p>F\u00fcr Ihre Wanderungen in den Dolomiten rundum Cortina, Misurina und Auronzo bietet sich ein riesengro\u00dfes, gepflegtes und perfekt ausgeschildertes Wegenetz mit Wanderrouten jeder Art an, von einfachen Wanderungen bis zu den anspruchsvollsten Trekkingtouren.<\/p>\n<p>256 Seiten, 1. Auflage 2021<\/p>","protected":false},"excerpt":{"rendered":"<p>Dieser F\u00fchrer setzt die Reihe fort, die den Wanderern gewidmet ist, welche die Sch\u00f6nheit der Landschaften und der Umgebung genie\u00dfen und dabei gerne auf die Herausforderungen des Hochgebirges verzichten m\u00f6chten. Die Kapitel \u00fcber Misurina und die Drei Zinnen, ebenfalls ein Gebiet von au\u00dfergew\u00f6hnlicher Sch\u00f6nheit, erg\u00e4nzen den Band. F\u00fcr Ihre Wanderungen in den Dolomiten rundum Cortina, [&#8230;]\n","protected":false},"featured_media":158123,"template":"","meta":[],"product_brand":[],"product_cat":[21605],"product_tag":[],"class_list":{"0":"post-158121","1":"product","2":"type-product","3":"status-publish","4":"has-post-thumbnail","6":"product_cat-wanderfuehrer-trekking","7":"pa_autor-perilli","8":"pa_erscheinungsjahr-25440","9":"pa_region-italien","10":"pa_sprache-de","12":"first","13":"instock","14":"taxable","15":"shipping-taxable","16":"purchasable","17":"product-type-simple"},"_links":{"self":[{"href":"https:\/\/pizbube.ch\/en\/wp-json\/wp\/v2\/product\/158121","targetHints":{"allow":["GET"]}}],"collection":[{"href":"https:\/\/pizbube.ch\/en\/wp-json\/wp\/v2\/product"}],"about":[{"href":"https:\/\/pizbube.ch\/en\/wp-json\/wp\/v2\/types\/product"}],"wp:featuredmedia":[{"embeddable":true,"href":"https:\/\/pizbube.ch\/en\/wp-json\/wp\/v2\/media\/158123"}],"wp:attachment":[{"href":"https:\/\/pizbube.ch\/en\/wp-json\/wp\/v2\/media?parent=158121"}],"wp:term":[{"taxonomy":"product_brand","embeddable":true,"href":"https:\/\/pizbube.ch\/en\/wp-json\/wp\/v2\/product_brand?post=158121"},{"taxonomy":"product_cat","embeddable":true,"href":"https:\/\/pizbube.ch\/en\/wp-json\/wp\/v2\/product_cat?post=158121"},{"taxonomy":"product_tag","embeddable":true,"href":"https:\/\/pizbube.ch\/en\/wp-json\/wp\/v2\/product_tag?post=158121"}],"curies":[{"name":"wp","href":"https:\/\/api.w.org\/{rel}","templated":true}]}}