{"id":158159,"date":"2021-07-28T09:20:36","date_gmt":"2021-07-28T07:20:36","guid":{"rendered":"https:\/\/pizbube.ch\/?post_type=product&#038;p=158159"},"modified":"2021-08-18T18:18:21","modified_gmt":"2021-08-18T16:18:21","slug":"mont-blanc-granite-les-plus-belles-voies-descalade-tome-4-geant-cirque-maudit-vallee-blanche","status":"publish","type":"product","link":"https:\/\/pizbube.ch\/en\/shop\/mont-blanc-granite-les-plus-belles-voies-descalade-tome-4-geant-cirque-maudit-vallee-blanche\/","title":{"rendered":"Mont-Blanc Granite les plus belles voies d\u2019escalade tome 4 : G\u00e9ant \u2013 Cirque Maudit \u2013 Vall\u00e9e Blanche"},"content":{"rendered":"<p>Ce quatri\u00e8me tome de la collection MONT-BLANC GRANITE<br \/>\nconsacre les plus belles voies de l\u2019incontournable bassin<br \/>\nG\u00e9ant \u2013 Vall\u00e9e Blanche.<\/p>\n<p>Au coeur du massif du Mont-Blanc, se dressent des parois grani<br \/>\ntiques de renomm\u00e9e mondiale \u2013 Dent du G\u00e9ant, Grand Capucin,<br \/>\naiguille du Midi \u2013 et les multiples satellites du cirque Maudit.<\/p>\n<p>Qualit\u00e9 du rocher, \u00e9l\u00e9gance des itin\u00e9raires, ampleur des parois,<br \/>\npaysages exceptionnels : autant d\u2019arguments qui expliquent le<br \/>\nsucc\u00e8s grandissant de ces \u00ab falaises d\u2019altitude \u00bb.<\/p>\n<p>135 promesses d\u2019escalades rocheuses inoubliables.<br \/>\nCamps de base id\u00e9aux, le bassin est desservi par deux refuges de<br \/>\ncaract\u00e8re \u00e0 l\u2019emplacement strat\u00e9gique : le refuge Torino (I) et le<br \/>\nrefuge des Cosmiques (F).<\/p>","protected":false},"excerpt":{"rendered":"<p>Ce quatri\u00e8me tome de la collection MONT-BLANC GRANITE consacre les plus belles voies de l\u2019incontournable bassin G\u00e9ant \u2013 Vall\u00e9e Blanche. Au coeur du massif du Mont-Blanc, se dressent des parois grani tiques de renomm\u00e9e mondiale \u2013 Dent du G\u00e9ant, Grand Capucin, aiguille du Midi \u2013 et les multiples satellites du cirque Maudit. Qualit\u00e9 du rocher, [&#8230;]\n","protected":false},"featured_media":158160,"template":"","meta":[],"product_brand":[],"product_cat":[21539],"product_tag":[26928,26929],"class_list":{"0":"post-158159","1":"product","2":"type-product","3":"status-publish","4":"has-post-thumbnail","6":"product_cat-fuehrerliteratur-sportklettern-bouldern","7":"product_tag-mont-blanc-granite-4","8":"product_tag-mont-blanc-granite","9":"pa_autor-damilano-laurent-desecures","10":"pa_erscheinungsjahr-25440","11":"pa_region-frankreich","12":"pa_sprache-fr","14":"first","15":"instock","16":"taxable","17":"shipping-taxable","18":"purchasable","19":"product-type-simple"},"_links":{"self":[{"href":"https:\/\/pizbube.ch\/en\/wp-json\/wp\/v2\/product\/158159","targetHints":{"allow":["GET"]}}],"collection":[{"href":"https:\/\/pizbube.ch\/en\/wp-json\/wp\/v2\/product"}],"about":[{"href":"https:\/\/pizbube.ch\/en\/wp-json\/wp\/v2\/types\/product"}],"wp:featuredmedia":[{"embeddable":true,"href":"https:\/\/pizbube.ch\/en\/wp-json\/wp\/v2\/media\/158160"}],"wp:attachment":[{"href":"https:\/\/pizbube.ch\/en\/wp-json\/wp\/v2\/media?parent=158159"}],"wp:term":[{"taxonomy":"product_brand","embeddable":true,"href":"https:\/\/pizbube.ch\/en\/wp-json\/wp\/v2\/product_brand?post=158159"},{"taxonomy":"product_cat","embeddable":true,"href":"https:\/\/pizbube.ch\/en\/wp-json\/wp\/v2\/product_cat?post=158159"},{"taxonomy":"product_tag","embeddable":true,"href":"https:\/\/pizbube.ch\/en\/wp-json\/wp\/v2\/product_tag?post=158159"}],"curies":[{"name":"wp","href":"https:\/\/api.w.org\/{rel}","templated":true}]}}