{"id":158182,"date":"2021-07-29T09:13:26","date_gmt":"2021-07-29T07:13:26","guid":{"rendered":"https:\/\/pizbube.ch\/?post_type=product&#038;p=158182"},"modified":"2021-10-23T09:20:54","modified_gmt":"2021-10-23T07:20:54","slug":"fjordnorwegen-25-wanderungen-zwischen-atlantik-und-jotunheimen","status":"publish","type":"product","link":"https:\/\/pizbube.ch\/en\/shop\/fjordnorwegen-25-wanderungen-zwischen-atlantik-und-jotunheimen\/","title":{"rendered":"Fjordnorwegen &#8211; 25 Wanderungen zwischen Atlantik und Jotunheimen"},"content":{"rendered":"<p>Das Fjordland Norwegens ist ein herrliches Ziel zum Wandern: Ein riesiges Netzwerk hervorragend markierter Wanderwege f\u00fchrt zu Wasserf\u00e4llen und glitzernden Gletscherzungen, tiefen Schluchten, geheimnisvollen H\u00f6hlen und m\u00e4rchenhaften Bergw\u00e4ldern. Immer wieder er\u00f6ffnen sich \u00fcberraschende Ausblicke \u00fcber Fjorde und Seen.<\/p>\n<p>Dieses Buch stellt die 25 sch\u00f6nsten Tagestouren zwischen der Atlantikk\u00fcste und der Hochgebirgsregion Jotunheimen vor \u2013 von einfachen Kurztouren an der K\u00fcste bis zur anspruchsvollen Gipfelbesteigung. Karten, H\u00f6henprofile und GPS-Tracks erg\u00e4nzen die genauen Wegbeschreibungen. Zu jeder Tour gibt es Tipps zum Wandern mit Kind und Hund und praktische Hinweise zu Anreise, Markierungen, Einkehrm\u00f6glichkeiten usw.<\/p>\n<p>160 Seiten; 29 Karten<br \/>\n1. Auflage 2021<\/p>","protected":false},"excerpt":{"rendered":"<p>Das Fjordland Norwegens ist ein herrliches Ziel zum Wandern: Ein riesiges Netzwerk hervorragend markierter Wanderwege f\u00fchrt zu Wasserf\u00e4llen und glitzernden Gletscherzungen, tiefen Schluchten, geheimnisvollen H\u00f6hlen und m\u00e4rchenhaften Bergw\u00e4ldern. Immer wieder er\u00f6ffnen sich \u00fcberraschende Ausblicke \u00fcber Fjorde und Seen. Dieses Buch stellt die 25 sch\u00f6nsten Tagestouren zwischen der Atlantikk\u00fcste und der Hochgebirgsregion Jotunheimen vor \u2013 von [&#8230;]\n","protected":false},"featured_media":158183,"template":"","meta":[],"product_brand":[],"product_cat":[21605],"product_tag":[],"class_list":{"0":"post-158182","1":"product","2":"type-product","3":"status-publish","4":"has-post-thumbnail","6":"product_cat-wanderfuehrer-trekking","7":"pa_autor-van-de-perre","8":"pa_erscheinungsjahr-25440","9":"pa_region-skandinavien-norwegen-schweden-finnland","10":"pa_sprache-de","12":"first","13":"instock","14":"taxable","15":"shipping-taxable","16":"purchasable","17":"product-type-simple"},"_links":{"self":[{"href":"https:\/\/pizbube.ch\/en\/wp-json\/wp\/v2\/product\/158182","targetHints":{"allow":["GET"]}}],"collection":[{"href":"https:\/\/pizbube.ch\/en\/wp-json\/wp\/v2\/product"}],"about":[{"href":"https:\/\/pizbube.ch\/en\/wp-json\/wp\/v2\/types\/product"}],"wp:featuredmedia":[{"embeddable":true,"href":"https:\/\/pizbube.ch\/en\/wp-json\/wp\/v2\/media\/158183"}],"wp:attachment":[{"href":"https:\/\/pizbube.ch\/en\/wp-json\/wp\/v2\/media?parent=158182"}],"wp:term":[{"taxonomy":"product_brand","embeddable":true,"href":"https:\/\/pizbube.ch\/en\/wp-json\/wp\/v2\/product_brand?post=158182"},{"taxonomy":"product_cat","embeddable":true,"href":"https:\/\/pizbube.ch\/en\/wp-json\/wp\/v2\/product_cat?post=158182"},{"taxonomy":"product_tag","embeddable":true,"href":"https:\/\/pizbube.ch\/en\/wp-json\/wp\/v2\/product_tag?post=158182"}],"curies":[{"name":"wp","href":"https:\/\/api.w.org\/{rel}","templated":true}]}}