{"id":158187,"date":"2021-07-29T09:33:32","date_gmt":"2021-07-29T07:33:32","guid":{"rendered":"https:\/\/pizbube.ch\/?post_type=product&#038;p=158187"},"modified":"2023-08-22T11:56:02","modified_gmt":"2023-08-22T09:56:02","slug":"158187","status":"publish","type":"product","link":"https:\/\/pizbube.ch\/en\/shop\/158187\/","title":{"rendered":"Itin\u00e9raires d&#8217;un grimpeur g\u00e2t\u00e9 2"},"content":{"rendered":"<p>Il fallait bien qu\u2019il y ait une suite au premier &#171;Mussatto&#187;, le voil\u00e0 donc le tome 2, avec 40 nouvelles parois et 132 voies des Alpes fran\u00e7aises, du lac L\u00e9man \u00e0 la M\u00e9diterran\u00e9e.<\/p>\n<p>Ce tome 2 (reprend l&#8217;esprit du premier livre Cou topo) en pr\u00e9sentant 40 parois nouvelles. Topo : une pr\u00e9sentation d\u00e9taill\u00e9e, des indications pr\u00e9cises concernant l&#8217;acc\u00e8s, l&#8217;approche, la descente, les difficult\u00e9s, l&#8217;\u00e9quipement des voies, ainsi qu&#8217;une description des longueurs les plus marquantes sont associ\u00e9s \u00e0 l&#8217;\u00e9vocation du parcours personnel de l&#8217;auteur.<\/p>\n<p>Livre : une entr\u00e9e subjective riche d&#8217;anecdotes, d&#8217;aquarelles, de dessins, de photos qui sont autant d&#8217;\u00e9loge du travail de la main et de la pens\u00e9e. Une invitation au voyage dans ces univers verticaux qui nous fascinent tant par leur capacit\u00e9 \u00e0 produire du r\u00eave, \u00e0 r\u00e9veiller en nous les puissances de l&#8217;imaginaire&#8230; souvent \u00e0 port\u00e9e de main. Un antidote \u00e0 la froideur du chiffre et \u00e0 l&#8217;information d\u00e9sincarn\u00e9e.<\/p>\n<p>Un itin\u00e9raire \u00e0 recomposer, \u00e0 r\u00e9\u00e9crire soi-m\u00eame, comme on interpr\u00e8te une partition d\u00e9j\u00e0 \u00e9crite. Une s\u00e9lection de 132 voies de tous niveaux dans des parois de 130 m \u00e0 500 m (calcaire, granit et gneiss hors acc\u00e8s neigeux)<\/p>\n<p>L&#8217;esprit du premier ouvrage est conserv\u00e9 avec la touche artistique du grimpeur\/\u00e9quipeur\/auteur, \u00e0 travers des topos sur base d&#8217;aquarelles coupl\u00e9s aux informations g\u00e9n\u00e9rales (acc\u00e8s, approche, cotations, etc.) et \u00e0 des anecdotes personnelles.<\/p>\n<p>Les secteurs pr\u00e9sent\u00e9s : Chablais, Aiguilles rouges, Bornes, Aravis, Beaufortain, Vanoise, Chartreuse, Maurienne, Vercors, D\u00e9voluy, Cerces, \u00c9crins, Queyras, Ubaye, Verdon, Pr\u00e9alpes de Castellane, Cap Canaille et Calanques.<\/p>\n<p>34 voies niveau max 6b, 38 voies niveau max 6c, 46 voies niveau max 7a\/b, 14 voies niveau 7c.<\/p>","protected":false},"excerpt":{"rendered":"<p>Il fallait bien qu\u2019il y ait une suite au premier &#171;Mussatto&#187;, le voil\u00e0 donc le tome 2, avec 40 nouvelles parois et 132 voies des Alpes fran\u00e7aises, du lac L\u00e9man \u00e0 la M\u00e9diterran\u00e9e. Ce tome 2 (reprend l&#8217;esprit du premier livre Cou topo) en pr\u00e9sentant 40 parois nouvelles. Topo : une pr\u00e9sentation d\u00e9taill\u00e9e, des indications [&#8230;]\n","protected":false},"featured_media":158188,"template":"","meta":[],"product_brand":[],"product_cat":[21539],"product_tag":[26932],"class_list":{"0":"post-158187","1":"product","2":"type-product","3":"status-publish","4":"has-post-thumbnail","6":"product_cat-fuehrerliteratur-sportklettern-bouldern","7":"product_tag-itineraires-dun-grimpeur-gate-tome-2","8":"pa_autor-mussatto","9":"pa_erscheinungsjahr-25440","10":"pa_region-frankreich","11":"pa_sprache-fr","13":"first","14":"instock","15":"taxable","16":"shipping-taxable","17":"purchasable","18":"product-type-simple"},"_links":{"self":[{"href":"https:\/\/pizbube.ch\/en\/wp-json\/wp\/v2\/product\/158187","targetHints":{"allow":["GET"]}}],"collection":[{"href":"https:\/\/pizbube.ch\/en\/wp-json\/wp\/v2\/product"}],"about":[{"href":"https:\/\/pizbube.ch\/en\/wp-json\/wp\/v2\/types\/product"}],"wp:featuredmedia":[{"embeddable":true,"href":"https:\/\/pizbube.ch\/en\/wp-json\/wp\/v2\/media\/158188"}],"wp:attachment":[{"href":"https:\/\/pizbube.ch\/en\/wp-json\/wp\/v2\/media?parent=158187"}],"wp:term":[{"taxonomy":"product_brand","embeddable":true,"href":"https:\/\/pizbube.ch\/en\/wp-json\/wp\/v2\/product_brand?post=158187"},{"taxonomy":"product_cat","embeddable":true,"href":"https:\/\/pizbube.ch\/en\/wp-json\/wp\/v2\/product_cat?post=158187"},{"taxonomy":"product_tag","embeddable":true,"href":"https:\/\/pizbube.ch\/en\/wp-json\/wp\/v2\/product_tag?post=158187"}],"curies":[{"name":"wp","href":"https:\/\/api.w.org\/{rel}","templated":true}]}}