{"id":158193,"date":"2021-07-29T10:39:57","date_gmt":"2021-07-29T08:39:57","guid":{"rendered":"https:\/\/pizbube.ch\/?post_type=product&#038;p=158193"},"modified":"2023-06-29T09:06:27","modified_gmt":"2023-06-29T07:06:27","slug":"gehen-eine-wiederentdeckung","status":"publish","type":"product","link":"https:\/\/pizbube.ch\/en\/shop\/gehen-eine-wiederentdeckung\/","title":{"rendered":"Gehen &#8211; Eine Wiederentdeckung"},"content":{"rendered":"<p>Nach einem Einschnitt in seinem Leben ist Torbj\u00f8rn Ekelund fast nur noch zu Fu\u00df unterwegs. Was ihn anfangs frustriert, wird f\u00fcr ihn bald zur Befreiung. Denn mit der Entschleunigung offenbart sich ihm die Welt auf eine ganz neue Art und Weise.<\/p>\n<p>Ekelund wandert mal schnell und mal langsam, in dicken Stiefeln, luftigen Joggingschuhen oder barfu\u00df. Er l\u00e4uft durch Waldb\u00e4che und auf malerischen K\u00fcstenpfaden, \u00fcber warme Felsen und durch Blaubeergestr\u00fcpp. Und mal spaziert er mit geschlossenen Augen durch die Stadt. Mit jedem Schritt w\u00e4chst nicht nur seine Lust, einfach weiterzugehen, sondern auch das Interesse daran, wie Tiere und Menschen sich seit jeher durch die Landschaft bewegen.<\/p>\n<p>In seinem Buch erkl\u00e4rt er, wie unsere Wege \u00fcberhaupt entstehen und was sie mit Migration und Bewegung, Orientierung und Ortssinn zu tun haben. Er erz\u00e4hlt, weshalb wir beim Gehen besser nachdenken k\u00f6nnen als im Sitzen. Und wie uns diese urt\u00fcmliche Art der Fortbewegung wieder zu mehr Achtsamkeit f\u00fchrt.<\/p>\n<p>Voller Hingabe besinnt er sich dabei auf unsere Wurzeln und l\u00e4dt dazu ein, unseren Wegen wieder mehr Beachtung zu schenken.<\/p>\n<p>\u00dcbersetzt von: Andreas Brunstermann<br \/>\n208 Seiten, Halbleinenband<\/p>","protected":false},"excerpt":{"rendered":"<p>Nach einem Einschnitt in seinem Leben ist Torbj\u00f8rn Ekelund fast nur noch zu Fu\u00df unterwegs. Was ihn anfangs frustriert, wird f\u00fcr ihn bald zur Befreiung. Denn mit der Entschleunigung offenbart sich ihm die Welt auf eine ganz neue Art und Weise. Ekelund wandert mal schnell und mal langsam, in dicken Stiefeln, luftigen Joggingschuhen oder barfu\u00df. [&#8230;]\n","protected":false},"featured_media":158194,"template":"","meta":[],"product_brand":[],"product_cat":[21542],"product_tag":[],"class_list":{"0":"post-158193","1":"product","2":"type-product","3":"status-publish","4":"has-post-thumbnail","6":"product_cat-sachbuecher-dokumentationen","7":"pa_autor-ekelund","8":"pa_erscheinungsjahr-25440","9":"pa_region-uebrigers-europa","10":"pa_sprache-de","12":"first","13":"onbackorder","14":"taxable","15":"shipping-taxable","16":"purchasable","17":"product-type-simple"},"_links":{"self":[{"href":"https:\/\/pizbube.ch\/en\/wp-json\/wp\/v2\/product\/158193","targetHints":{"allow":["GET"]}}],"collection":[{"href":"https:\/\/pizbube.ch\/en\/wp-json\/wp\/v2\/product"}],"about":[{"href":"https:\/\/pizbube.ch\/en\/wp-json\/wp\/v2\/types\/product"}],"wp:featuredmedia":[{"embeddable":true,"href":"https:\/\/pizbube.ch\/en\/wp-json\/wp\/v2\/media\/158194"}],"wp:attachment":[{"href":"https:\/\/pizbube.ch\/en\/wp-json\/wp\/v2\/media?parent=158193"}],"wp:term":[{"taxonomy":"product_brand","embeddable":true,"href":"https:\/\/pizbube.ch\/en\/wp-json\/wp\/v2\/product_brand?post=158193"},{"taxonomy":"product_cat","embeddable":true,"href":"https:\/\/pizbube.ch\/en\/wp-json\/wp\/v2\/product_cat?post=158193"},{"taxonomy":"product_tag","embeddable":true,"href":"https:\/\/pizbube.ch\/en\/wp-json\/wp\/v2\/product_tag?post=158193"}],"curies":[{"name":"wp","href":"https:\/\/api.w.org\/{rel}","templated":true}]}}