{"id":158205,"date":"2021-07-30T09:10:47","date_gmt":"2021-07-30T07:10:47","guid":{"rendered":"https:\/\/pizbube.ch\/?post_type=product&#038;p=158205"},"modified":"2021-07-30T09:10:47","modified_gmt":"2021-07-30T07:10:47","slug":"der-snowman-trek-in-bhutan","status":"publish","type":"product","link":"https:\/\/pizbube.ch\/en\/shop\/der-snowman-trek-in-bhutan\/","title":{"rendered":"Der Snowman Trek in Bhutan"},"content":{"rendered":"<div class=\"biblioSubTitle\"><span class=\"value\">Trekkingabenteuer im Himalaya<\/span><\/div>\n<div>Der legend\u00e4re Snowman Trek in Bhutan, dem \u201eLand des Donnerdrachen\u201c, gilt als eine der sch\u00f6nsten und zugleich h\u00e4rtesten Trekkingrouten der Welt. 365 km f\u00fchrt der Weg durch die faszinierende Bergwelt des Himalayas und \u00fcberwindet dabei 14 P\u00e4sse mit H\u00f6hen bis zu 5.400 m. F\u00fcr Thorsten Hoyer, Wanderbuchautor und Extremwanderer, war der Snowman Trek ein lang gehegter Lebenstraum.<\/div>\n<div><\/div>\n<div>In seinem Buch erz\u00e4hlt er in mitrei\u00dfenden, gef\u00fchlvollen Texten von kr\u00e4ftezehrenden Etappen in \u00fcber 5.000 m H\u00f6he, eiskalten Zeltn\u00e4chten in der Einsamkeit, atemberaubenden Ausblicken auf die Eisriesen des Himalayas und ber\u00fchrenden Begegnungen mit den Menschen vor Ort. Zahlreiche Fotos vermitteln einen Eindruck der einzigartigen Landschaft.<\/div>\n<div><\/div>\n<div>Fester Einband;<br \/>\n1. Auflage 2021;<br \/>\n204 Seiten<\/div>","protected":false},"excerpt":{"rendered":"<p>Trekkingabenteuer im Himalaya Der legend\u00e4re Snowman Trek in Bhutan, dem \u201eLand des Donnerdrachen\u201c, gilt als eine der sch\u00f6nsten und zugleich h\u00e4rtesten Trekkingrouten der Welt. 365 km f\u00fchrt der Weg durch die faszinierende Bergwelt des Himalayas und \u00fcberwindet dabei 14 P\u00e4sse mit H\u00f6hen bis zu 5.400 m. F\u00fcr Thorsten Hoyer, Wanderbuchautor und Extremwanderer, war der Snowman [&#8230;]\n","protected":false},"featured_media":158206,"template":"","meta":[],"product_brand":[],"product_cat":[21542],"product_tag":[],"class_list":{"0":"post-158205","1":"product","2":"type-product","3":"status-publish","4":"has-post-thumbnail","6":"product_cat-sachbuecher-dokumentationen","7":"pa_autor-hoyer","8":"pa_erscheinungsjahr-25440","9":"pa_region-asien","10":"pa_sprache-de","12":"first","13":"instock","14":"taxable","15":"shipping-taxable","16":"purchasable","17":"product-type-simple"},"_links":{"self":[{"href":"https:\/\/pizbube.ch\/en\/wp-json\/wp\/v2\/product\/158205","targetHints":{"allow":["GET"]}}],"collection":[{"href":"https:\/\/pizbube.ch\/en\/wp-json\/wp\/v2\/product"}],"about":[{"href":"https:\/\/pizbube.ch\/en\/wp-json\/wp\/v2\/types\/product"}],"wp:featuredmedia":[{"embeddable":true,"href":"https:\/\/pizbube.ch\/en\/wp-json\/wp\/v2\/media\/158206"}],"wp:attachment":[{"href":"https:\/\/pizbube.ch\/en\/wp-json\/wp\/v2\/media?parent=158205"}],"wp:term":[{"taxonomy":"product_brand","embeddable":true,"href":"https:\/\/pizbube.ch\/en\/wp-json\/wp\/v2\/product_brand?post=158205"},{"taxonomy":"product_cat","embeddable":true,"href":"https:\/\/pizbube.ch\/en\/wp-json\/wp\/v2\/product_cat?post=158205"},{"taxonomy":"product_tag","embeddable":true,"href":"https:\/\/pizbube.ch\/en\/wp-json\/wp\/v2\/product_tag?post=158205"}],"curies":[{"name":"wp","href":"https:\/\/api.w.org\/{rel}","templated":true}]}}