{"id":158219,"date":"2021-07-31T10:10:25","date_gmt":"2021-07-31T08:10:25","guid":{"rendered":"https:\/\/pizbube.ch\/?post_type=product&#038;p=158219"},"modified":"2026-04-01T11:09:29","modified_gmt":"2026-04-01T09:09:29","slug":"158219","status":"publish","type":"product","link":"https:\/\/pizbube.ch\/en\/shop\/158219\/","title":{"rendered":"BERG &#8211; Ein Tag mit Papa"},"content":{"rendered":"<p>Im Morgengrauen machen sich Vater und Kind auf zu einer Wanderung in die Berge. Sie erleben die Wildnis in all ihrer Pracht und Vielfalt, m\u00fcssen sich aber auch Herausforderungen wie dem \u00dcberqueren eines breiten Flusses stellen.<\/p>\n<p>In diesem atmosph\u00e4rischen Bilderbuch spielt die Natur die Hauptrolle und die malerischen Illustrationen, in einer Palette von Gr\u00fcn- und Braunt\u00f6nen gehalten, wirken so beruhigend wie ein Waldspaziergang. Als sie nach Hause zur\u00fcckkehren, f\u00fchlen sie sich lebendig \u2013 und sind sich n\u00e4her als je zuvor.<\/p>\n<p>Bilderbuch, <span class=\"value\">48 Seiten<br \/>\n1. Auflage 2021<br \/>\n<\/span><\/p>","protected":false},"excerpt":{"rendered":"<p>Im Morgengrauen machen sich Vater und Kind auf zu einer Wanderung in die Berge. Sie erleben die Wildnis in all ihrer Pracht und Vielfalt, m\u00fcssen sich aber auch Herausforderungen wie dem \u00dcberqueren eines breiten Flusses stellen. In diesem atmosph\u00e4rischen Bilderbuch spielt die Natur die Hauptrolle und die malerischen Illustrationen, in einer Palette von Gr\u00fcn- und [&#8230;]\n","protected":false},"featured_media":158220,"template":"","meta":[],"product_brand":[],"product_cat":[21629],"product_tag":[26935,26864],"class_list":{"0":"post-158219","1":"product","2":"type-product","3":"status-publish","4":"has-post-thumbnail","6":"product_cat-belletristik","7":"product_tag-bilderbuch","8":"product_tag-kinderbuch","9":"pa_autor-oswald","10":"pa_erscheinungsjahr-25440","11":"pa_region-deutschland","12":"pa_sprache-de","14":"first","15":"instock","16":"taxable","17":"shipping-taxable","18":"purchasable","19":"product-type-simple"},"_links":{"self":[{"href":"https:\/\/pizbube.ch\/en\/wp-json\/wp\/v2\/product\/158219","targetHints":{"allow":["GET"]}}],"collection":[{"href":"https:\/\/pizbube.ch\/en\/wp-json\/wp\/v2\/product"}],"about":[{"href":"https:\/\/pizbube.ch\/en\/wp-json\/wp\/v2\/types\/product"}],"wp:featuredmedia":[{"embeddable":true,"href":"https:\/\/pizbube.ch\/en\/wp-json\/wp\/v2\/media\/158220"}],"wp:attachment":[{"href":"https:\/\/pizbube.ch\/en\/wp-json\/wp\/v2\/media?parent=158219"}],"wp:term":[{"taxonomy":"product_brand","embeddable":true,"href":"https:\/\/pizbube.ch\/en\/wp-json\/wp\/v2\/product_brand?post=158219"},{"taxonomy":"product_cat","embeddable":true,"href":"https:\/\/pizbube.ch\/en\/wp-json\/wp\/v2\/product_cat?post=158219"},{"taxonomy":"product_tag","embeddable":true,"href":"https:\/\/pizbube.ch\/en\/wp-json\/wp\/v2\/product_tag?post=158219"}],"curies":[{"name":"wp","href":"https:\/\/api.w.org\/{rel}","templated":true}]}}