{"id":158244,"date":"2021-08-03T14:41:57","date_gmt":"2021-08-03T12:41:57","guid":{"rendered":"https:\/\/pizbube.ch\/?post_type=product&#038;p=158244"},"modified":"2021-08-03T14:45:45","modified_gmt":"2021-08-03T12:45:45","slug":"valcorchero-guia-de-escalada-en-bloque-volumen-1-boulderguide-vol-1","status":"publish","type":"product","link":"https:\/\/pizbube.ch\/en\/shop\/valcorchero-guia-de-escalada-en-bloque-volumen-1-boulderguide-vol-1\/","title":{"rendered":"Valcorchero &#8211; Gu\u00eda de escalada en bloque Volumen 1 \/ BoulderGuide vol. 1"},"content":{"rendered":"<p>La zona extreme\u00f1a de Valcorchero, situada cerca de la ciudad de Plasencia (C\u00e1ceres) es uno de los puntos m\u00e1s importante de la escalada en bloque al oeste de la pen\u00ednsula.<\/p>\n<p>La zona cuenta con m\u00e1s de 1800 bloques de todas las dificultades y estilos.<br \/>\nEste primer volumen de la gu\u00eda presenta m\u00e1s de 600 de estos problemas y tiene el objetivo de orientar de manera r\u00e1pida en el laberinto de la dehesa de Valcorchero. Se encuentra dividida por sectores y posee mapas de acceso, ubicaci\u00f3n de los bloques y fotos a color con los itinerarios se\u00f1alados.<\/p>\n<p>Boulder Guidebook of Valcorchero, a paradise for boulodering in Spain, Plasencia (C\u00e1ceres) west of Madrid.<br \/>\nPhototopo-guidebook, 128 p.<\/p>","protected":false},"excerpt":{"rendered":"<p>La zona extreme\u00f1a de Valcorchero, situada cerca de la ciudad de Plasencia (C\u00e1ceres) es uno de los puntos m\u00e1s importante de la escalada en bloque al oeste de la pen\u00ednsula. La zona cuenta con m\u00e1s de 1800 bloques de todas las dificultades y estilos. Este primer volumen de la gu\u00eda presenta m\u00e1s de 600 de [&#8230;]\n","protected":false},"featured_media":158245,"template":"","meta":[],"product_brand":[],"product_cat":[21539],"product_tag":[],"class_list":{"0":"post-158244","1":"product","2":"type-product","3":"status-publish","4":"has-post-thumbnail","6":"product_cat-fuehrerliteratur-sportklettern-bouldern","7":"pa_autor-blazquez","8":"pa_erscheinungsjahr-25440","9":"pa_region-spanien","10":"pa_sprache-es-en","12":"first","13":"instock","14":"taxable","15":"shipping-taxable","16":"purchasable","17":"product-type-simple"},"_links":{"self":[{"href":"https:\/\/pizbube.ch\/en\/wp-json\/wp\/v2\/product\/158244","targetHints":{"allow":["GET"]}}],"collection":[{"href":"https:\/\/pizbube.ch\/en\/wp-json\/wp\/v2\/product"}],"about":[{"href":"https:\/\/pizbube.ch\/en\/wp-json\/wp\/v2\/types\/product"}],"wp:featuredmedia":[{"embeddable":true,"href":"https:\/\/pizbube.ch\/en\/wp-json\/wp\/v2\/media\/158245"}],"wp:attachment":[{"href":"https:\/\/pizbube.ch\/en\/wp-json\/wp\/v2\/media?parent=158244"}],"wp:term":[{"taxonomy":"product_brand","embeddable":true,"href":"https:\/\/pizbube.ch\/en\/wp-json\/wp\/v2\/product_brand?post=158244"},{"taxonomy":"product_cat","embeddable":true,"href":"https:\/\/pizbube.ch\/en\/wp-json\/wp\/v2\/product_cat?post=158244"},{"taxonomy":"product_tag","embeddable":true,"href":"https:\/\/pizbube.ch\/en\/wp-json\/wp\/v2\/product_tag?post=158244"}],"curies":[{"name":"wp","href":"https:\/\/api.w.org\/{rel}","templated":true}]}}