{"id":158247,"date":"2021-08-03T14:59:36","date_gmt":"2021-08-03T12:59:36","guid":{"rendered":"https:\/\/pizbube.ch\/?post_type=product&#038;p=158247"},"modified":"2024-06-25T10:54:19","modified_gmt":"2024-06-25T08:54:19","slug":"valle-de-tena","status":"publish","type":"product","link":"https:\/\/pizbube.ch\/en\/shop\/valle-de-tena\/","title":{"rendered":"Valle de Tena"},"content":{"rendered":"<p>Gu\u00eda de escalada del Valle de Tena. Abarca desde Rap\u00fan, situado a baja altitud,<br \/>\nsubiendo hasta el Collado de Portalet en la frontera con Francia y ante el Midi d&#8217;Ossau.<\/p>\n<p>Adem\u00e1s de los diversos valles que se decantan hacia derecha (principalmente) e izquierda.<\/p>\n<p>El valle de Tena (Huesca) se encuentra en pleno coraz\u00f3n del pirineo aragon\u00e9s. Lugar tur\u00edstico por excelencia en todas las \u00e9pocas del a\u00f1o gracias a sus numerosos atractivos paisaj\u00edsticos, culturales y deportivos, es un lugar excelente para programar escaladas en todo tipo de rocas y estilos.<\/p>\n<p>Escuelas y sectores incluidos en la gu\u00eda:<\/p>\n<ol>\n<li><strong>Rap\u00fan<\/strong>: Pueblo, la Solana y Vertedero.<\/li>\n<li><strong>Valle de Lasieso<\/strong>: Paredes de Santa Elena, Aguja Carboneros, Pared Jurda.<\/li>\n<li><strong>Hoz de Jaca<\/strong>: Pared del Mirador, Placas de la torre el\u00e9ctrica.<\/li>\n<li><strong>El Pueyo de Jaca<\/strong>: Pe\u00f1a Albarosa, Pe\u00f1a d&#8217;o Castiecho.<\/li>\n<li><strong>Sandini\u00e9s<\/strong>: El Bub\u00f3n, la Grallera, Calituero<\/li>\n<li><strong>Pe\u00f1a Telera y sierra de la Partacua<\/strong>: Corona del Mallo, Pe\u00f1a Cabichirizas, Pe\u00f1a Telera, Cima Capullo, Cima Sin nombre, el Tr\u00edptico, Punta Plana, el Pabell\u00f3n, Pico Rico, Pe\u00f1a Retona.<\/li>\n<li><strong>Escarrilla<\/strong>: La vuelta del sombrero, Pe\u00f1a Solano izquierda, Pe\u00f1a Solano centro, Pe\u00f1a Solano derecha.<\/li>\n<li><strong>Pe\u00f1a Foratata<\/strong>: Cara Norte, izquierda, centro, derecha.<\/li>\n<li><strong>Pico de Anayet<\/strong>.<\/li>\n<li><strong>El Portalet<\/strong>: Aguja de Portalet, Pic d&#8217;Estr\u00e9m\u00e8re, Falaise de Moustard\u00e9.<\/li>\n<li><strong>La Sarra<\/strong>: La Sarra, Contrafuerte Sur del pico Arriel, Pico Arriel.<\/li>\n<li><strong>Respomuso<\/strong>: Pared de Respomuso, Frondiellas, Balait\u00fas, Pico Soulano, Gran Facha.<\/li>\n<li><strong>Panticosa<\/strong>: Pe\u00f1a Escuach, Forron\u00edas, la Losera.<\/li>\n<li><strong>Balneario de Panticosa<\/strong>: Pared del Ib\u00f3n, barranco de Arnales, Aguja de Pondiellos, Primer Muro, Segundo Muro, sector Carl y Lenny, Molondrio Sur, Molondrio Oeste, el Callej\u00f3n, Pared del Bozuelo, Pared de la Tuber\u00eda, Muro de la Cascada.<\/li>\n<li><strong>Bachima\u00f1a<\/strong>: Palestras de Bachima\u00f1a. Torre del Dharma, Puntetas de Bachima\u00f1a.<\/li>\n<li><strong>Valle de la Ripera<\/strong>: Cantal de la Ripera, Gran Tozal de la Ripera, Pe\u00f1a Forato d&#8217;os Diaples.<\/li>\n<\/ol>\n<p>N\u00ba P\u00e1g.: 368<\/p>","protected":false},"excerpt":{"rendered":"<p>Gu\u00eda de escalada del Valle de Tena. Abarca desde Rap\u00fan, situado a baja altitud, subiendo hasta el Collado de Portalet en la frontera con Francia y ante el Midi d&#8217;Ossau. Adem\u00e1s de los diversos valles que se decantan hacia derecha (principalmente) e izquierda. El valle de Tena (Huesca) se encuentra en pleno coraz\u00f3n del pirineo [&#8230;]\n","protected":false},"featured_media":158249,"template":"","meta":[],"product_brand":[],"product_cat":[21539],"product_tag":[],"class_list":{"0":"post-158247","1":"product","2":"type-product","3":"status-publish","4":"has-post-thumbnail","6":"product_cat-fuehrerliteratur-sportklettern-bouldern","7":"pa_autor-alfonso","8":"pa_erscheinungsjahr-25440","9":"pa_region-spanien","10":"pa_sprache-es","12":"first","13":"instock","14":"taxable","15":"shipping-taxable","16":"purchasable","17":"product-type-simple"},"_links":{"self":[{"href":"https:\/\/pizbube.ch\/en\/wp-json\/wp\/v2\/product\/158247","targetHints":{"allow":["GET"]}}],"collection":[{"href":"https:\/\/pizbube.ch\/en\/wp-json\/wp\/v2\/product"}],"about":[{"href":"https:\/\/pizbube.ch\/en\/wp-json\/wp\/v2\/types\/product"}],"wp:featuredmedia":[{"embeddable":true,"href":"https:\/\/pizbube.ch\/en\/wp-json\/wp\/v2\/media\/158249"}],"wp:attachment":[{"href":"https:\/\/pizbube.ch\/en\/wp-json\/wp\/v2\/media?parent=158247"}],"wp:term":[{"taxonomy":"product_brand","embeddable":true,"href":"https:\/\/pizbube.ch\/en\/wp-json\/wp\/v2\/product_brand?post=158247"},{"taxonomy":"product_cat","embeddable":true,"href":"https:\/\/pizbube.ch\/en\/wp-json\/wp\/v2\/product_cat?post=158247"},{"taxonomy":"product_tag","embeddable":true,"href":"https:\/\/pizbube.ch\/en\/wp-json\/wp\/v2\/product_tag?post=158247"}],"curies":[{"name":"wp","href":"https:\/\/api.w.org\/{rel}","templated":true}]}}