{"id":158261,"date":"2021-08-04T12:10:50","date_gmt":"2021-08-04T10:10:50","guid":{"rendered":"https:\/\/pizbube.ch\/?post_type=product&#038;p=158261"},"modified":"2022-10-21T09:30:37","modified_gmt":"2022-10-21T07:30:37","slug":"tessiner-horizonte-momenti-ticinesi","status":"publish","type":"product","link":"https:\/\/pizbube.ch\/en\/shop\/tessiner-horizonte-momenti-ticinesi\/","title":{"rendered":"Tessiner Horizonte &#8211; Momenti ticinesi"},"content":{"rendered":"<div id=\"rmjs-2\" class=\"cursor-pointer rmjs-1\" data-target=\"readmore.text\" data-action=\"click-&gt;readmore#toggle\" data-readmore=\"\">\n<p>Die kleinen gro\u00dfen Momente \/ I grandi piccoli momenti<\/p>\n<p>Ein Dorf, eingebettet in die Linien der Berge, klebt am Hang, sein Kirchturm ragt wie eine Kerze in die H\u00f6he \u2013 eine Spannung zwischen Horizontale und Vertikale, ein typischer Tessiner Moment.<br \/>\nFabio Andina, der uns aus seinem Roman <i>Tage mit Felice<\/i> als genauer und sinnlicher Beobachter der Natur und des Dorflebens in Erinnerung ist, widmet sein neues Buch den kleinen gro\u00dfen Momenten im Tessin: das erste Morgenlicht, der laut rauschende Gebirgsbach, die Schwere einer Kuh im Gras und ein Dachziegel, der seit dem letzten Winter herunterzufallen droht. Wir entdecken mit dem Autor vierundsiebzig Hirsche am gegen\u00fcberliegenden Hang, erhaschen das L\u00e4uten des Campanile, den Geruch nach Schnee, zuweilen eine aufkommende Kindheitserinnerung und einmal sogar einen unverhofften Kaffee.<br \/>\nIm Zusammenspiel mit den Zeichnungen von Lorenzo Custer, der mit wenigen Strichen das Wirkungsgef\u00fcge Mensch-Natur der Tessiner Landschaft festh\u00e4lt, wird in den kurzen Erz\u00e4hlungen \u2013 parallel auf Deutsch und Italienisch zu lesen \u2013 das Wesentliche dieser geheimnisvollen, von Berg und Tal, Wald, Stein und Wasser und ihren Bewohnern gepr\u00e4gten Welt erkennbar. Horizonte \u00f6ffnen sich auf einen Reichtum, der in der Kargheit liegt.<\/p>\n<p>Un villaggio, incastrato nelle linee delle montagne, si aggrappa alla collina, il suo campanile si erge come una candela \u2013 una tensione tra l\u2019orizzontale e il verticale, un tipico momento ticinese. Fabio Andina, che ricordiamo per il suo romanzo <i>La pozza del Felice<\/i> come osservatore preciso e sensuale della natura e della vita di paese, dedica il suo nuovo libro ai grandi piccoli momenti del Ticino: la prima luce del mattino, lo scrosciare rumoroso di un ruscello di montagna, la pesantezza di una mucca nell\u2019erba e una tegola che minaccia di cadere dall\u2019inverno scorso. Scopriamo con l\u2019autore settantaquattro cervi sul versante opposto della vallata, cogliamo il rintocco del campanile, l\u2019odore della neve, a volte un ricordo d\u2019infanzia, e anche l\u2019inaspettato invito per un caff\u00e8. In combinazione con i disegni di Lorenzo Custer, che cattura l\u2019interazione dell\u2019uomo e della natura nel paesaggio ticinese con pochi tratti di penna, i racconti \u2013 che si possono leggere in tedesco e in italiano \u2013 rivelano l\u2019essenza di questo mondo misterioso modellato da montagne e valli, foreste, pietra e acqua e dai suoi abitanti. Gli orizzonti si aprono su una ricchezza che si trova nell\u2019aridit\u00e0.<\/p>\n<\/div>\n<p>128 Seiten, 21.5 \u00d7 14.5 cm, Gebunden<br \/>\n1. Auflage<\/p>\n<p>Zweisprachig Italienisch \u2013 Deutsch<br \/>\nBilingue italiano \u2013 tedesco<br \/>\nMit 40 Skizzen<\/p>","protected":false},"excerpt":{"rendered":"<p>Die kleinen gro\u00dfen Momente \/ I grandi piccoli momenti Ein Dorf, eingebettet in die Linien der Berge, klebt am Hang, sein Kirchturm ragt wie eine Kerze in die H\u00f6he \u2013 eine Spannung zwischen Horizontale und Vertikale, ein typischer Tessiner Moment. Fabio Andina, der uns aus seinem Roman Tage mit Felice als genauer und sinnlicher Beobachter [&#8230;]\n","protected":false},"featured_media":158262,"template":"","meta":[],"product_brand":[],"product_cat":[21629],"product_tag":[],"class_list":{"0":"post-158261","1":"product","2":"type-product","3":"status-publish","4":"has-post-thumbnail","6":"product_cat-belletristik","7":"pa_autor-andina-custer","8":"pa_erscheinungsjahr-25440","9":"pa_region-schweiz","10":"pa_sprache-de-it","12":"first","13":"instock","14":"taxable","15":"shipping-taxable","16":"purchasable","17":"product-type-simple"},"_links":{"self":[{"href":"https:\/\/pizbube.ch\/en\/wp-json\/wp\/v2\/product\/158261","targetHints":{"allow":["GET"]}}],"collection":[{"href":"https:\/\/pizbube.ch\/en\/wp-json\/wp\/v2\/product"}],"about":[{"href":"https:\/\/pizbube.ch\/en\/wp-json\/wp\/v2\/types\/product"}],"wp:featuredmedia":[{"embeddable":true,"href":"https:\/\/pizbube.ch\/en\/wp-json\/wp\/v2\/media\/158262"}],"wp:attachment":[{"href":"https:\/\/pizbube.ch\/en\/wp-json\/wp\/v2\/media?parent=158261"}],"wp:term":[{"taxonomy":"product_brand","embeddable":true,"href":"https:\/\/pizbube.ch\/en\/wp-json\/wp\/v2\/product_brand?post=158261"},{"taxonomy":"product_cat","embeddable":true,"href":"https:\/\/pizbube.ch\/en\/wp-json\/wp\/v2\/product_cat?post=158261"},{"taxonomy":"product_tag","embeddable":true,"href":"https:\/\/pizbube.ch\/en\/wp-json\/wp\/v2\/product_tag?post=158261"}],"curies":[{"name":"wp","href":"https:\/\/api.w.org\/{rel}","templated":true}]}}