{"id":158278,"date":"2021-08-05T09:44:06","date_gmt":"2021-08-05T07:44:06","guid":{"rendered":"https:\/\/pizbube.ch\/?post_type=product&#038;p=158278"},"modified":"2021-08-05T09:44:07","modified_gmt":"2021-08-05T07:44:07","slug":"berdorf-wanterbaach-audun-le-tiche","status":"publish","type":"product","link":"https:\/\/pizbube.ch\/en\/shop\/berdorf-wanterbaach-audun-le-tiche\/","title":{"rendered":"Berdorf Wanterbaach &amp; Audun-Le-Tiche"},"content":{"rendered":"<p>Topo transfrontalier co\u00e9dit\u00e9 par le CT FFME Lorraine avec la FLERA (F\u00e9d\u00e9ration Luxembourgeoise d&#8217;Escalade, de Randonn\u00e9e sportive et d&#8217;Alpinisme) : Audun-le-Tiche &amp; Berdorf Wanterbaach<\/p>\n<p>C\u00f4t\u00e9 fran\u00e7ais : Audun-le-Tiche : D\u00e9couverte, Pizza aux olives, Acrobates, Mr Hyde, La Polonaise, Corde Raide, Face Sud, Hautes Voies, Marcel Bohr &#8211; gauche, Marcel Bohr &#8211; droite, Dark Face, Grande FaceC\u00f4t\u00e9 luxembourgeois :\u00a0Berdorf Wanterbaach : Isatis, Gentiane, Bleausarde, Remoise, Sch\u00ebffelchen, S.I.P., Lionel Terray, Sisyphe, Free Reality, Minimops, Temp\u00eate, Takla Makan, Tiananmen, WTC7, Nikita, Was not Was, Hermann Buhl, Infernale<\/p>\n<p>Avec l&#8217;acquisition du topo tu contribues \u00e0 la maintenance des sites d&#8217;escalade et au d\u00e9veloppement de nouveaux sites.<\/p>\n<p>A climber&#8217;s guide for Berdorf, an excellent but small sandstone crag in Luxembourg, close to the German border &amp;<br \/>\nun guide du grimpeur pour Audun-le-Tiche en France (in ENG &amp; FRA language;<\/p>","protected":false},"excerpt":{"rendered":"<p>Audun-le-Tiche &amp; Berdorf Wanterbaach<\/p>","protected":false},"featured_media":158279,"template":"","meta":[],"product_brand":[],"product_cat":[21539],"product_tag":[],"class_list":{"0":"post-158278","1":"product","2":"type-product","3":"status-publish","4":"has-post-thumbnail","6":"product_cat-fuehrerliteratur-sportklettern-bouldern","7":"pa_autor-flera-ffme","8":"pa_erscheinungsjahr-25440","9":"pa_region-frankreich","10":"pa_region-uebrigers-europa","11":"pa_sprache-en-fr","13":"first","14":"instock","15":"taxable","16":"shipping-taxable","17":"purchasable","18":"product-type-simple"},"_links":{"self":[{"href":"https:\/\/pizbube.ch\/en\/wp-json\/wp\/v2\/product\/158278","targetHints":{"allow":["GET"]}}],"collection":[{"href":"https:\/\/pizbube.ch\/en\/wp-json\/wp\/v2\/product"}],"about":[{"href":"https:\/\/pizbube.ch\/en\/wp-json\/wp\/v2\/types\/product"}],"wp:featuredmedia":[{"embeddable":true,"href":"https:\/\/pizbube.ch\/en\/wp-json\/wp\/v2\/media\/158279"}],"wp:attachment":[{"href":"https:\/\/pizbube.ch\/en\/wp-json\/wp\/v2\/media?parent=158278"}],"wp:term":[{"taxonomy":"product_brand","embeddable":true,"href":"https:\/\/pizbube.ch\/en\/wp-json\/wp\/v2\/product_brand?post=158278"},{"taxonomy":"product_cat","embeddable":true,"href":"https:\/\/pizbube.ch\/en\/wp-json\/wp\/v2\/product_cat?post=158278"},{"taxonomy":"product_tag","embeddable":true,"href":"https:\/\/pizbube.ch\/en\/wp-json\/wp\/v2\/product_tag?post=158278"}],"curies":[{"name":"wp","href":"https:\/\/api.w.org\/{rel}","templated":true}]}}