{"id":158281,"date":"2021-08-05T10:16:34","date_gmt":"2021-08-05T08:16:34","guid":{"rendered":"https:\/\/pizbube.ch\/?post_type=product&#038;p=158281"},"modified":"2026-01-21T11:02:57","modified_gmt":"2026-01-21T10:02:57","slug":"dolomiten-mehrseillaengen-dolomiti-vie-a-piu-tiri","status":"publish","type":"product","link":"https:\/\/pizbube.ch\/en\/shop\/dolomiten-mehrseillaengen-dolomiti-vie-a-piu-tiri\/","title":{"rendered":"Dolomiten &#8211; Mehrseill\u00e4ngen \/ Dolomiti &#8211; Vie a pi\u00f9 tiri"},"content":{"rendered":"<p>Die Dolomiten sind zweifelsohne eines der scho\u0308nsten Berggebiete Europas und sind beru\u0308hmt fu\u0308r ihre klassischen alpinen Routen.<br \/>\nDieser neuer Kletterf\u00fchrer erkennt erstmals\u00a0der\u00a0Spielart des <strong>alpinen Sportkletterns<\/strong> den h\u00f6chsten Stellenwert zu und stellt\u00a0die scho\u0308nsten <strong>gut abgesicherten Routen<\/strong> in gesammelter Form vor. Viele davon\u00a0geho\u0308ren\u00a0bereits zum Kreis der Klassiker.<\/p>\n<ul>\n<li>138 gut abgesicherte Mehrseill\u00e4ngen-Routen<\/li>\n<li>Gro\u00dfe und qualit\u00e4tsvolle Bilder<\/li>\n<li>Detaillierte Topos auf Farbfotos mit deutlicher Angabe und Beschreibung aller Seill\u00e4ngen<\/li>\n<li>Abscannbare\u00a0QR-Codes\u00a0mit\u00a0Angabe zur Anfahrt und Parkm\u00f6glichkeit!<\/li>\n<\/ul>\n<p>Der F\u00fchrer beinhaltet einen\u00a0kostenlosen Code, der die vollst\u00e4ndige digitale Version in der Vertical-Life App freischaltet.<\/p>\n<p>620 Seiten;<br \/>\nSprachen: Deutsch \/ Italienisch<\/p>\n<p>&nbsp;<\/p>\n<div class=\"content--title\">Dolomiti Vie a pi\u00f9 tiri<br \/>\nLe Doloiti sono senza dubbio una delle zone di montagna pi\u00f9 belle d&#8217;Europa e sono famose per le loro classiche vie alpine.<\/div>\n<div class=\"product--description\">\n<p>Per la prima volta, questa nuova guida d&#8217;arrampicata riconosce il massimo valore della variet\u00e0 dell&#8217;arrampicata sportiva alpina e presenta in forma raccolta le pi\u00f9 belle vie ben assicurate in Val Badia, Alta Pusteria, Val Gardena, Val di Fassa, Falzarego e Cortina. Molte di loro appartengono alla cerchia dei classici.<\/p>\n<\/div>","protected":false},"excerpt":{"rendered":"<p>Die Dolomiten sind zweifelsohne eines der scho\u0308nsten Berggebiete Europas und sind beru\u0308hmt fu\u0308r ihre klassischen alpinen Routen. Dieser neuer Kletterf\u00fchrer erkennt erstmals\u00a0der\u00a0Spielart des alpinen Sportkletterns den h\u00f6chsten Stellenwert zu und stellt\u00a0die scho\u0308nsten gut abgesicherten Routen in gesammelter Form vor. Viele davon\u00a0geho\u0308ren\u00a0bereits zum Kreis der Klassiker. 138 gut abgesicherte Mehrseill\u00e4ngen-Routen Gro\u00dfe und qualit\u00e4tsvolle Bilder Detaillierte Topos [&#8230;]\n","protected":false},"featured_media":158282,"template":"","meta":[],"product_brand":[],"product_cat":[21539],"product_tag":[],"class_list":{"0":"post-158281","1":"product","2":"type-product","3":"status-publish","4":"has-post-thumbnail","6":"product_cat-fuehrerliteratur-sportklettern-bouldern","7":"pa_autor-wenter","8":"pa_erscheinungsjahr-25440","9":"pa_region-italien","10":"pa_sprache-de-it","12":"first","13":"onbackorder","14":"taxable","15":"shipping-taxable","16":"purchasable","17":"product-type-simple"},"_links":{"self":[{"href":"https:\/\/pizbube.ch\/en\/wp-json\/wp\/v2\/product\/158281","targetHints":{"allow":["GET"]}}],"collection":[{"href":"https:\/\/pizbube.ch\/en\/wp-json\/wp\/v2\/product"}],"about":[{"href":"https:\/\/pizbube.ch\/en\/wp-json\/wp\/v2\/types\/product"}],"wp:featuredmedia":[{"embeddable":true,"href":"https:\/\/pizbube.ch\/en\/wp-json\/wp\/v2\/media\/158282"}],"wp:attachment":[{"href":"https:\/\/pizbube.ch\/en\/wp-json\/wp\/v2\/media?parent=158281"}],"wp:term":[{"taxonomy":"product_brand","embeddable":true,"href":"https:\/\/pizbube.ch\/en\/wp-json\/wp\/v2\/product_brand?post=158281"},{"taxonomy":"product_cat","embeddable":true,"href":"https:\/\/pizbube.ch\/en\/wp-json\/wp\/v2\/product_cat?post=158281"},{"taxonomy":"product_tag","embeddable":true,"href":"https:\/\/pizbube.ch\/en\/wp-json\/wp\/v2\/product_tag?post=158281"}],"curies":[{"name":"wp","href":"https:\/\/api.w.org\/{rel}","templated":true}]}}