{"id":158339,"date":"2021-08-11T11:22:08","date_gmt":"2021-08-11T09:22:08","guid":{"rendered":"https:\/\/pizbube.ch\/?post_type=product&#038;p=158339"},"modified":"2026-03-24T11:54:04","modified_gmt":"2026-03-24T10:54:04","slug":"klettermedizin-grundlagen-unfaelle-verletzungen-und-therapie","status":"publish","type":"product","link":"https:\/\/pizbube.ch\/en\/shop\/klettermedizin-grundlagen-unfaelle-verletzungen-und-therapie\/","title":{"rendered":"Klettermedizin &#8211; Grundlagen, Unf\u00e4lle, Verletzungen und Therapie"},"content":{"rendered":"<p><span class=\"value\">Der Klettersport erlebt einen rasanten Wandel und entwickelt sich von einer Trendsportart hin zu einem Breitensport. Damit einhergehend steigt die Anzahl klettersportspezifischer Verletzungen. <\/span><\/p>\n<p><span class=\"value\">Das Buch widmet sich allen wichtigen medizinischen Aspekten der noch jungen aber aufstrebenden Sportdisziplin, inklusive der Physiologie und Sportmedizin, Biomechanik, Belastungsanpassungen, Verletzungen der oberen und unteren Extremit\u00e4t sowie anderen wichtigen Merkmalen und Kennzeichen dieser Sportart. <\/span><\/p>\n<p><span class=\"value\">H\u00e4ufige Verletzungsmuster werden \u00fcbersichtlich in Wort und Bild behandelt. Insbesondere z\u00e4hlen Fingerverletzungen im Klettersport zu den spezifischen Verletzungen und stellen eine diagnostische Herausforderung dar. <\/span><\/p>\n<p><span class=\"value\">Das Buch bietet eine gute Orientierung f\u00fcr Sportmediziner, Orthop\u00e4den, Traumatologen sowie Physiotherapeuten, Trainer und andere Gesundheitsberufe, die mit Klettersport zu tun haben.<\/span><\/p>\n<p>Kartonierter Einband,<br \/>\n255 Seiten,<br \/>\n100 farbige Abbildungen<br \/>\n<span class=\"value\">2. Auflage 2026<\/span><\/p>","protected":false},"excerpt":{"rendered":"<p><strong>NEUAUFLAGE ERSCHEINT MAI 2026<\/strong><\/p>","protected":false},"featured_media":158340,"template":"","meta":[],"product_brand":[],"product_cat":[21538],"product_tag":[],"class_list":{"0":"post-158339","1":"product","2":"type-product","3":"status-publish","4":"has-post-thumbnail","6":"product_cat-lehrbuecher","7":"pa_autor-schoeffl-hochholzer","8":"pa_erscheinungsjahr-27654","9":"pa_region-medizin-recht","10":"pa_sprache-de","12":"first","13":"onbackorder","14":"taxable","15":"shipping-taxable","16":"purchasable","17":"product-type-simple"},"_links":{"self":[{"href":"https:\/\/pizbube.ch\/en\/wp-json\/wp\/v2\/product\/158339","targetHints":{"allow":["GET"]}}],"collection":[{"href":"https:\/\/pizbube.ch\/en\/wp-json\/wp\/v2\/product"}],"about":[{"href":"https:\/\/pizbube.ch\/en\/wp-json\/wp\/v2\/types\/product"}],"wp:featuredmedia":[{"embeddable":true,"href":"https:\/\/pizbube.ch\/en\/wp-json\/wp\/v2\/media\/158340"}],"wp:attachment":[{"href":"https:\/\/pizbube.ch\/en\/wp-json\/wp\/v2\/media?parent=158339"}],"wp:term":[{"taxonomy":"product_brand","embeddable":true,"href":"https:\/\/pizbube.ch\/en\/wp-json\/wp\/v2\/product_brand?post=158339"},{"taxonomy":"product_cat","embeddable":true,"href":"https:\/\/pizbube.ch\/en\/wp-json\/wp\/v2\/product_cat?post=158339"},{"taxonomy":"product_tag","embeddable":true,"href":"https:\/\/pizbube.ch\/en\/wp-json\/wp\/v2\/product_tag?post=158339"}],"curies":[{"name":"wp","href":"https:\/\/api.w.org\/{rel}","templated":true}]}}