{"id":158343,"date":"2021-08-11T11:37:46","date_gmt":"2021-08-11T09:37:46","guid":{"rendered":"https:\/\/pizbube.ch\/?post_type=product&#038;p=158343"},"modified":"2024-09-23T10:57:24","modified_gmt":"2024-09-23T08:57:24","slug":"quellen-der-schweiz-naturschauplaetze-im-wasserschloss-europas","status":"publish","type":"product","link":"https:\/\/pizbube.ch\/en\/shop\/quellen-der-schweiz-naturschauplaetze-im-wasserschloss-europas\/","title":{"rendered":"Quellen der Schweiz &#8211; Naturschaupl\u00e4tze im Wasserschloss Europas"},"content":{"rendered":"<p>Quellen sind erinnerungstr\u00e4chtige Orte, die uns mit ihren Legenden, Aberglauben und Anekdoten faszinieren und in ihren Bann ziehen.<\/p>\n<p>Das Gotthardmassiv ist das Wasserschloss Europas. In ihm haben mehrere gro\u00dfe Fl\u00fcsse ihren Ursprung, die den Kontinent bew\u00e4ssern und in vier verschiedenen Meeren m\u00fcnden. An vielen anderen Orten in der ganzen Schweiz finden wir weitere spektakul\u00e4re oder auch bescheidenere Quellen.<\/p>\n<p>Dieser pr\u00e4chtige, reich illustrierte Band bietet einen Streifzug zu den bemerkenswertesten Quellen der Schweiz. Von der Hydrologie und H\u00f6hlenforschung \u00fcber die Mythologie bis zu Thermalb\u00e4dern, Industrienutzung und Trinkwasserqualit\u00e4t werden dabei alle Aspekte beleuchtet. Eine originelle und faszinierende Reise durch die Schweiz!<\/p>\n<p>1. Auflage 2021<br \/>\n256 Seiten, durchgehend farbig illustriert<br \/>\ngebunden, 23,5 x 26 cm<\/p>","protected":false},"excerpt":{"rendered":"<p>Quellen sind erinnerungstr\u00e4chtige Orte, die uns mit ihren Legenden, Aberglauben und Anekdoten faszinieren und in ihren Bann ziehen. Das Gotthardmassiv ist das Wasserschloss Europas. In ihm haben mehrere gro\u00dfe Fl\u00fcsse ihren Ursprung, die den Kontinent bew\u00e4ssern und in vier verschiedenen Meeren m\u00fcnden. An vielen anderen Orten in der ganzen Schweiz finden wir weitere spektakul\u00e4re oder [&#8230;]\n","protected":false},"featured_media":158344,"template":"","meta":[],"product_brand":[],"product_cat":[21542],"product_tag":[],"class_list":{"0":"post-158343","1":"product","2":"type-product","3":"status-publish","4":"has-post-thumbnail","6":"product_cat-sachbuecher-dokumentationen","7":"pa_autor-wenger-lalou-hapka","8":"pa_erscheinungsjahr-25440","9":"pa_region-schweiz","10":"pa_sprache-de","12":"first","13":"onbackorder","14":"taxable","15":"shipping-taxable","16":"purchasable","17":"product-type-simple"},"_links":{"self":[{"href":"https:\/\/pizbube.ch\/en\/wp-json\/wp\/v2\/product\/158343","targetHints":{"allow":["GET"]}}],"collection":[{"href":"https:\/\/pizbube.ch\/en\/wp-json\/wp\/v2\/product"}],"about":[{"href":"https:\/\/pizbube.ch\/en\/wp-json\/wp\/v2\/types\/product"}],"wp:featuredmedia":[{"embeddable":true,"href":"https:\/\/pizbube.ch\/en\/wp-json\/wp\/v2\/media\/158344"}],"wp:attachment":[{"href":"https:\/\/pizbube.ch\/en\/wp-json\/wp\/v2\/media?parent=158343"}],"wp:term":[{"taxonomy":"product_brand","embeddable":true,"href":"https:\/\/pizbube.ch\/en\/wp-json\/wp\/v2\/product_brand?post=158343"},{"taxonomy":"product_cat","embeddable":true,"href":"https:\/\/pizbube.ch\/en\/wp-json\/wp\/v2\/product_cat?post=158343"},{"taxonomy":"product_tag","embeddable":true,"href":"https:\/\/pizbube.ch\/en\/wp-json\/wp\/v2\/product_tag?post=158343"}],"curies":[{"name":"wp","href":"https:\/\/api.w.org\/{rel}","templated":true}]}}