{"id":158367,"date":"2021-08-12T16:00:50","date_gmt":"2021-08-12T14:00:50","guid":{"rendered":"https:\/\/pizbube.ch\/?post_type=product&#038;p=158367"},"modified":"2021-08-12T16:07:38","modified_gmt":"2021-08-12T14:07:38","slug":"nationalpark-hohe-tauern-naturparadies-im-herz-der-alpen","status":"publish","type":"product","link":"https:\/\/pizbube.ch\/en\/shop\/nationalpark-hohe-tauern-naturparadies-im-herz-der-alpen\/","title":{"rendered":"Nationalpark Hohe Tauern &#8211; Naturparadies im Herz der Alpen"},"content":{"rendered":"<p>Magie in Fels und Eis &#8211; Faszinierende Wildnis und einzigartige Hochgebirgslandschaft im Herz der Alpen<\/p>\n<p>50 Jahre nach seiner Entstehung erfreut sich der Nationalpark Hohe Tauern au\u00dferordentlicher Beliebtheit und kann auf allj\u00e4hrlich neue Besucherrekorde zu Recht stolz sein. \u00dcber tausendachthundert Quadratkilometer unter Schutz gestellte Berglandschaft, aufgeteilt auf Tirol, Salzburg und K\u00e4rnten, stellen einen wertvollen Schatz dar, der behutsam erkundet werden will. In Zeiten, da sich der Begriff Heimat neu konstituiert, w\u00e4chst auch unser Sinn f\u00fcr die Bedeutung jener Regionen, in denen wir aus den Ressourcen der Natur sch\u00f6pfen.<\/p>\n<p>Susanne Schaber und Herbert Raffalt folgen in ihrem Buch den Spuren der Tiere und Pflanzen, erforschen die geologischen und geografischen Besonderheiten und entdecken die Kultur, Traditionen und Lebensweisen in den T\u00e4lern zwischen Gipfeln, Graten und Gletschern. Entstanden ist dabei ein vielseitiges Portr\u00e4t des gr\u00f6\u00dften Nationalparks der Alpen und eine Einladung, diesen besonderen Platz im Herz der Alpen mit allen Sinnen zu erfahren.<\/p>\n<p>Mit Fotografien von: Herbert Raffalt<br \/>\n1. Auflage 2021<br \/>\n192 Seiten<br \/>\n171 farb. Abb.<br \/>\n290 mm x 240 mm<\/p>","protected":false},"excerpt":{"rendered":"<p>Magie in Fels und Eis &#8211; Faszinierende Wildnis und einzigartige Hochgebirgslandschaft im Herz der Alpen 50 Jahre nach seiner Entstehung erfreut sich der Nationalpark Hohe Tauern au\u00dferordentlicher Beliebtheit und kann auf allj\u00e4hrlich neue Besucherrekorde zu Recht stolz sein. \u00dcber tausendachthundert Quadratkilometer unter Schutz gestellte Berglandschaft, aufgeteilt auf Tirol, Salzburg und K\u00e4rnten, stellen einen wertvollen Schatz [&#8230;]\n","protected":false},"featured_media":158373,"template":"","meta":[],"product_brand":[],"product_cat":[21542],"product_tag":[],"class_list":{"0":"post-158367","1":"product","2":"type-product","3":"status-publish","4":"has-post-thumbnail","6":"product_cat-sachbuecher-dokumentationen","7":"pa_autor-schaber","8":"pa_erscheinungsjahr-25440","9":"pa_region-oesterreich","10":"pa_sprache-de","12":"first","13":"instock","14":"taxable","15":"shipping-taxable","16":"purchasable","17":"product-type-simple"},"_links":{"self":[{"href":"https:\/\/pizbube.ch\/en\/wp-json\/wp\/v2\/product\/158367","targetHints":{"allow":["GET"]}}],"collection":[{"href":"https:\/\/pizbube.ch\/en\/wp-json\/wp\/v2\/product"}],"about":[{"href":"https:\/\/pizbube.ch\/en\/wp-json\/wp\/v2\/types\/product"}],"wp:featuredmedia":[{"embeddable":true,"href":"https:\/\/pizbube.ch\/en\/wp-json\/wp\/v2\/media\/158373"}],"wp:attachment":[{"href":"https:\/\/pizbube.ch\/en\/wp-json\/wp\/v2\/media?parent=158367"}],"wp:term":[{"taxonomy":"product_brand","embeddable":true,"href":"https:\/\/pizbube.ch\/en\/wp-json\/wp\/v2\/product_brand?post=158367"},{"taxonomy":"product_cat","embeddable":true,"href":"https:\/\/pizbube.ch\/en\/wp-json\/wp\/v2\/product_cat?post=158367"},{"taxonomy":"product_tag","embeddable":true,"href":"https:\/\/pizbube.ch\/en\/wp-json\/wp\/v2\/product_tag?post=158367"}],"curies":[{"name":"wp","href":"https:\/\/api.w.org\/{rel}","templated":true}]}}